{"id":2043,"date":"2018-08-23T16:53:29","date_gmt":"2018-08-23T04:53:29","guid":{"rendered":"http:\/\/sites.massey.ac.nz\/expressivearts\/?page_id=2043"},"modified":"2020-03-17T11:13:48","modified_gmt":"2020-03-16T22:13:48","slug":"create1world-2018-competition-details-and-how-to-enter","status":"publish","type":"page","link":"https:\/\/sites.massey.ac.nz\/expressivearts\/create1world-2018-competition-details-and-how-to-enter\/","title":{"rendered":"Create1World 2020: Competition Details and How to Enter"},"content":{"rendered":"<p><em>Competition instructions 2020:<\/em><\/p>\n<p><strong>Think<\/strong> about how artistic creativity can help us better understand and resolve global problems faced by humanity in the 21st Century. Themes might include tolerance, inclusivity, diversity, sustainability, peace, human rights, climate change, refugees, global inequality or the responsibilities of multinational organisations.<\/p>\n<p>Think about what it might mean to be a \u2018global citizen\u2019. There are some <strong>research<\/strong> resources (including a report written by young people) on the New Zealand Centre for Global Studies website at <a href=\"http:\/\/nzcgs.org.nz\/\">http:\/\/nzcgs.org.nz\/<\/a> \u00a0and we post regular examples on our Create1World Facebook page, but you are also encouraged to develop your own ideas about creating global unity through the expressive arts.<\/p>\n<p>Creating &#8216;one world&#8217; does not mean all of us becoming the same &#8211; to us, it actually means almost the opposite, that is, all of us understanding the value in different ways of thinking and being, and realising that from our differences come our collective strengths. We are inspired by the\u00a0whakatauk\u012b \u201cN\u0101 t\u014d rourou, n\u0101 taku rourou, ka ora ai te iwi.\u201d\u00a0 The literal translation of this might be \u2018With your food basket and my food basket the people will thrive.\u2019\u00a0 It has a deeper significance, though, which is to allegorise the power of collective action, and the strength to be found through valuing diversity.\u00a0 It might be interpreted as: from our differences comes our strength; or, we are stronger together.<\/p>\n<p>Check out some of the other \u2018<strong>inspiration<\/strong> items\u2019 on the Create1World Facebook Page at <a href=\"https:\/\/www.facebook.com\/create1world\/\">https:\/\/www.facebook.com\/create1world\/<\/a>\u00a0and then get creative with brainstorming your own ideas for making the world a better place, together.<\/p>\n<p>Take your ideas and turn them into a <strong>creative<\/strong> output in one of the four categories below. First, second and third prizes will be awarded for each category. (Please note, if your item was created by a group, the prize money will be shared among the group.)<\/p>\n<blockquote><p>\u201cI wanted to let you know how profusely life-changing the Create1World conference was for me. I have always loved acting, writing, and creativity, and realising how fundamental and incredibly powerful they can be for making a change has blown my mind.\u201d (Student, Wellington)<\/p><\/blockquote>\n<div id=\"attachment_2044\" style=\"width: 404px\" class=\"wp-caption alignright\"><a href=\"http:\/\/sites.massey.ac.nz\/wp-content\/uploads\/sites\/22\/2018\/08\/Paper-Planes.jpg\"><img loading=\"lazy\" decoding=\"async\" aria-describedby=\"caption-attachment-2044\" class=\"wp-image-2044\" src=\"http:\/\/sites.massey.ac.nz\/wp-content\/uploads\/sites\/22\/2018\/08\/Paper-Planes-300x168.jpg\" alt=\"\" width=\"394\" height=\"221\" srcset=\"https:\/\/sites.massey.ac.nz\/expressivearts\/wp-content\/uploads\/sites\/22\/2018\/08\/Paper-Planes-300x168.jpg 300w, https:\/\/sites.massey.ac.nz\/expressivearts\/wp-content\/uploads\/sites\/22\/2018\/08\/Paper-Planes-768x431.jpg 768w, https:\/\/sites.massey.ac.nz\/expressivearts\/wp-content\/uploads\/sites\/22\/2018\/08\/Paper-Planes-750x421.jpg 750w, https:\/\/sites.massey.ac.nz\/expressivearts\/wp-content\/uploads\/sites\/22\/2018\/08\/Paper-Planes-100x56.jpg 100w, https:\/\/sites.massey.ac.nz\/expressivearts\/wp-content\/uploads\/sites\/22\/2018\/08\/Paper-Planes.jpg 2048w\" sizes=\"auto, (max-width: 394px) 100vw, 394px\" \/><\/a><p id=\"caption-attachment-2044\" class=\"wp-caption-text\">Brainstorming in action at Create1World 2016<\/p><\/div>\n<p>o\u00a0\u00a0\u00a0\u00a0\u00a0\u00a0\u00a0\u00a0\u00a0\u00a0\u00a0\u00a0 <strong>Media Studies and Social Studies Category<\/strong>:\u00a0 ($200 first prize, $150 second prize, $100\u00a0third prize) \u2013 Produce either a layered narrative film (3 &#8211; 5 minutes) OR a researched film documentary (3 &#8211; 5 minutes) that responds to ideas of creative activism and global citizenship OR provide creative multimedia evidence (3 &#8211; 5 minutes) of an original social studies project you have developed (individually or in a team) that implements ideas of creative activism and global citizenship<\/p>\n<p>o\u00a0\u00a0\u00a0\u00a0\u00a0\u00a0\u00a0\u00a0\u00a0\u00a0\u00a0\u00a0 <strong>Speech and Drama Category<\/strong>: ($200 first prize, $150\u00a0second prize, $100\u00a0third prize) &#8211; Devise and perform a short drama (6-10 minutes) that responds to ideas of creative activism and global citizenship OR write and perform an original persuasive speech (3-5 minutes) that addresses issues of creative activism and global citizenship<\/p>\n<p>o\u00a0\u00a0\u00a0\u00a0\u00a0\u00a0\u00a0\u00a0\u00a0\u00a0\u00a0\u00a0 <strong>Creative Writing Category<\/strong>: ($200 first prize, $150\u00a0second prize, $100\u00a0third prize) &#8211; Produce a piece of crafted and controlled creative writing in the genre of either poetry or short story\u00a0that responds to ideas of creative activism and global citizenship<\/p>\n<p>o\u00a0\u00a0\u00a0\u00a0\u00a0\u00a0\u00a0\u00a0\u00a0\u00a0\u00a0\u00a0 <strong>Music category<\/strong>: ($200 first prize, $150\u00a0second prize, $100\u00a0third prize) &#8211; Compose and record an original song (1-3 minutes long) that responds to ideas of creative activism and global citizenship<\/p>\n<blockquote><p>\u201cJust wanted to say how much I enjoyed the conference today. The speakers and performers were all very insightful and inspiring. It\u2019s great as a young person to be presented with eye opening and innovative opportunities like today&#8217;s conference. Thank you and your team for all the work you put in.\u201d (Student, Wellington)<\/p><\/blockquote>\n<p>o\u00a0\u00a0\u00a0\u00a0\u00a0\u00a0\u00a0\u00a0\u00a0\u00a0\u00a0\u00a0 There will also be a People\u2019s Choice Award for the publicly posted entry that gets the most likes on our Create1World Facebook page.<\/p>\n<p><strong>Check<\/strong> the finer details including maximum lengths.<\/p>\n<p>o\u00a0\u00a0\u00a0\u00a0\u00a0\u00a0\u00a0\u00a0\u00a0\u00a0\u00a0\u00a0 All entries must be able to be viewed online for judging.\u00a0 If you are entering a performance or song it will need to be recorded and either uploaded as a visitor post to our Facebook page or sent to us by Messenger to our Facebook page, for judging.<\/p>\n<p>o\u00a0\u00a0\u00a0\u00a0\u00a0\u00a0\u00a0\u00a0\u00a0\u00a0\u00a0\u00a0 You can enter as an individual or in a team. There is no limit on the size of teams. Please make clear the names of all persons who are part of your team, when you enter. Any prize money will be split equally among the team.<\/p>\n<p>o\u00a0\u00a0\u00a0\u00a0\u00a0\u00a0\u00a0\u00a0\u00a0\u00a0\u00a0\u00a0 We accept entries in English, te reo M\u0101ori, and New Zealand Sign Language.<\/p>\n<p>o\u00a0\u00a0\u00a0\u00a0\u00a0\u00a0\u00a0\u00a0\u00a0\u00a0\u00a0\u00a0 By entering this competition you agree to the following <a href=\"http:\/\/sites.massey.ac.nz\/expressivearts\/create1world-2018-competition-terms-and-conditions\/\">Terms and Conditions (Click through here for full T\u2019s &amp; C\u2019s)<\/a><\/p>\n<p>To enter, go to the <a href=\"https:\/\/www.facebook.com\/create1world\/\">Create1World Facebook Page<\/a> and either post\u00a0your submission on the page as a visitor post (you will see other previous entries in the visitor posts area) OR send your entry to us by Messaging directly to the Create1World Facebook Page.\u00a0 Please note, only entries publicly posted to the page as a visitor post are eligible for the People&#8217;s Choice Award. Entries sent by Messenger will be judged in the general judging but will not be eligible for People&#8217;s Choice.<\/p>\n<p>The competition opens for entries on December 18, 2019, and you must post your full entry by 21:00pm NZST on June 2, 2020.\u00a0 You can enter at any time during this period. If you intend to try for the &#8216;People&#8217;s Choice&#8217; award (most likes on Facebook) you must enter with a public post, and are encouraged to enter early in the competition window, to give your entry lots of time to gather likes. The People&#8217;s Choice award is judged by counting the likes on public visitor posts to the page as at 17:00pm NZST on July 1, 2020. Only likes that occur on the item on our page count, not anywhere else.<\/p>\n<p>Judging will take place after June 2, 2020 and on or before July 2, 2020.\u00a0 This year, there will be no live finals &#8211; judging of electronic items will be the final judging. Winners will be contacted electronically, and their details announced electronically, as per the competition terms and conditions linked above.<\/p>\n<p>&nbsp;<\/p>\n","protected":false},"excerpt":{"rendered":"<p>Competition instructions 2020: Think about how artistic creativity can help us better understand and resolve global problems faced by humanity in the 21st Century. Themes might include tolerance, inclusivity, diversity, sustainability, peace, human rights, climate change, refugees, global inequality or the responsibilities of multinational organisations. Think about what it might mean to be a \u2018global [&hellip;]<\/p>\n","protected":false},"author":14,"featured_media":0,"parent":0,"menu_order":0,"comment_status":"closed","ping_status":"closed","template":"","meta":{"footnotes":""},"class_list":["post-2043","page","type-page","status-publish","hentry"],"_links":{"self":[{"href":"https:\/\/sites.massey.ac.nz\/expressivearts\/wp-json\/wp\/v2\/pages\/2043","targetHints":{"allow":["GET"]}}],"collection":[{"href":"https:\/\/sites.massey.ac.nz\/expressivearts\/wp-json\/wp\/v2\/pages"}],"about":[{"href":"https:\/\/sites.massey.ac.nz\/expressivearts\/wp-json\/wp\/v2\/types\/page"}],"author":[{"embeddable":true,"href":"https:\/\/sites.massey.ac.nz\/expressivearts\/wp-json\/wp\/v2\/users\/14"}],"replies":[{"embeddable":true,"href":"https:\/\/sites.massey.ac.nz\/expressivearts\/wp-json\/wp\/v2\/comments?post=2043"}],"version-history":[{"count":19,"href":"https:\/\/sites.massey.ac.nz\/expressivearts\/wp-json\/wp\/v2\/pages\/2043\/revisions"}],"predecessor-version":[{"id":2424,"href":"https:\/\/sites.massey.ac.nz\/expressivearts\/wp-json\/wp\/v2\/pages\/2043\/revisions\/2424"}],"wp:attachment":[{"href":"https:\/\/sites.massey.ac.nz\/expressivearts\/wp-json\/wp\/v2\/media?parent=2043"}],"curies":[{"name":"wp","href":"https:\/\/api.w.org\/{rel}","templated":true}]}}