{"id":2078,"date":"2018-08-27T11:42:58","date_gmt":"2018-08-26T23:42:58","guid":{"rendered":"http:\/\/sites.massey.ac.nz\/expressivearts\/?page_id=2078"},"modified":"2019-12-18T12:41:48","modified_gmt":"2019-12-17T23:41:48","slug":"what-happens-at-a-create1world-conference-day","status":"publish","type":"page","link":"https:\/\/sites.massey.ac.nz\/expressivearts\/what-happens-at-a-create1world-conference-day\/","title":{"rendered":"What happens at a Create1World Conference Day?"},"content":{"rendered":"<h1>What happens at a Create1World Conference Day?<\/h1>\n<p>Our 2020 Create1World conference day will run 9am to 3pm at\u00a0Massey Wellington campus on July 2. You don&#8217;t need to wear school uniform (unless your school requires you to) and you don&#8217;t need to bring anything other than your curiosity!<\/p>\n<p>The day includes:<a href=\"http:\/\/sites.massey.ac.nz\/wp-content\/uploads\/sites\/22\/2018\/08\/create1world-Panel.jpg\"><img loading=\"lazy\" decoding=\"async\" class=\"alignleft size-medium wp-image-2085\" src=\"http:\/\/sites.massey.ac.nz\/wp-content\/uploads\/sites\/22\/2018\/08\/create1world-Panel-300x200.jpg\" alt=\"\" width=\"300\" height=\"200\" srcset=\"https:\/\/sites.massey.ac.nz\/expressivearts\/wp-content\/uploads\/sites\/22\/2018\/08\/create1world-Panel-300x200.jpg 300w, https:\/\/sites.massey.ac.nz\/expressivearts\/wp-content\/uploads\/sites\/22\/2018\/08\/create1world-Panel-768x512.jpg 768w, https:\/\/sites.massey.ac.nz\/expressivearts\/wp-content\/uploads\/sites\/22\/2018\/08\/create1world-Panel-750x500.jpg 750w, https:\/\/sites.massey.ac.nz\/expressivearts\/wp-content\/uploads\/sites\/22\/2018\/08\/create1world-Panel-100x67.jpg 100w, https:\/\/sites.massey.ac.nz\/expressivearts\/wp-content\/uploads\/sites\/22\/2018\/08\/create1world-Panel.jpg 1068w\" sizes=\"auto, (max-width: 300px) 100vw, 300px\" \/><\/a><\/p>\n<ul>\n<li>Our innovative, interactive, global linkup panel.\u00a0 We connect you, the audience, with international creative activists via video link, plus local artists in the room, so that you can hear first hand from real people doing creative activism and ask them your questions.\u00a0 What&#8217;s something you&#8217;ve always wanted to ask about creative careers or social change? This is your chance!\u00a0 Previous panellists have included theatre makers, writers, performance poets, film makers, musicians, upcycling fashion designers, and more. We have connected in previous panel discussions with artists in Papua New Guinea, South America, Africa, England, the USA, India, Australia, Canada, and more, and in the room we have had M\u0101ori, Pasifika, P\u0101keh\u0101, Asian New Zealand, migrant and refugee artists, all sharing and comparing their ideas with you about how they use their creativity to make change.<\/li>\n<li>Morning tea (featuring fair trade and sustainable products and ingredients).<a href=\"http:\/\/sites.massey.ac.nz\/wp-content\/uploads\/sites\/22\/2018\/08\/create1world-Performer.jpg\"><img loading=\"lazy\" decoding=\"async\" class=\" wp-image-2087 alignright\" src=\"http:\/\/sites.massey.ac.nz\/wp-content\/uploads\/sites\/22\/2018\/08\/create1world-Performer-300x200.jpg\" alt=\"\" width=\"335\" height=\"223\" srcset=\"https:\/\/sites.massey.ac.nz\/expressivearts\/wp-content\/uploads\/sites\/22\/2018\/08\/create1world-Performer-300x200.jpg 300w, https:\/\/sites.massey.ac.nz\/expressivearts\/wp-content\/uploads\/sites\/22\/2018\/08\/create1world-Performer-768x512.jpg 768w, https:\/\/sites.massey.ac.nz\/expressivearts\/wp-content\/uploads\/sites\/22\/2018\/08\/create1world-Performer-750x500.jpg 750w, https:\/\/sites.massey.ac.nz\/expressivearts\/wp-content\/uploads\/sites\/22\/2018\/08\/create1world-Performer-100x67.jpg 100w, https:\/\/sites.massey.ac.nz\/expressivearts\/wp-content\/uploads\/sites\/22\/2018\/08\/create1world-Performer.jpg 972w\" sizes=\"auto, (max-width: 335px) 100vw, 335px\" \/><\/a><\/li>\n<li>Performances from finalists in the Create1World competition.\u00a0 This is your chance to see what Aotearoa young people have made in response to our competitive challenge to use the arts to address global problems. Then you get to hear the judges&#8217; feedback, and see the prizes presented.<\/li>\n<\/ul>\n<blockquote><p>Panellists were inspiring and I gained advice and a new insight into creative activism.<\/p><\/blockquote>\n<ul>\n<li>Lunch is also provided (we email out the menu in your programme the week before to let you know what yummy food you&#8217;ll be able to choose from).<\/li>\n<li>Hands-on activities to upskill you as a creative activist, presented by award winning teachers and artists from Massey University (previous workshops have included filmmaking, creative writing, theatre making, feminist media practice, protest poetry, and more).<\/li>\n<li>Evaluation.\u00a0 We&#8217;re always interested in what Create1World participants think about the day, so we gather your feedback.<a href=\"http:\/\/sites.massey.ac.nz\/wp-content\/uploads\/sites\/22\/2018\/08\/create1world-Crowd.jpg\"><img loading=\"lazy\" decoding=\"async\" class=\"wp-image-2086 aligncenter\" src=\"http:\/\/sites.massey.ac.nz\/wp-content\/uploads\/sites\/22\/2018\/08\/create1world-Crowd-300x168.jpg\" alt=\"\" width=\"450\" height=\"252\" srcset=\"https:\/\/sites.massey.ac.nz\/expressivearts\/wp-content\/uploads\/sites\/22\/2018\/08\/create1world-Crowd-300x168.jpg 300w, https:\/\/sites.massey.ac.nz\/expressivearts\/wp-content\/uploads\/sites\/22\/2018\/08\/create1world-Crowd-768x431.jpg 768w, https:\/\/sites.massey.ac.nz\/expressivearts\/wp-content\/uploads\/sites\/22\/2018\/08\/create1world-Crowd-750x421.jpg 750w, https:\/\/sites.massey.ac.nz\/expressivearts\/wp-content\/uploads\/sites\/22\/2018\/08\/create1world-Crowd-100x56.jpg 100w, https:\/\/sites.massey.ac.nz\/expressivearts\/wp-content\/uploads\/sites\/22\/2018\/08\/create1world-Crowd.jpg 2048w\" sizes=\"auto, (max-width: 450px) 100vw, 450px\" \/><\/a>Here&#8217;s what some of our previous participants have said:<\/li>\n<\/ul>\n<h4 style=\"text-align: left\"><em><strong>&#8211; &#8220;The\u00a0selection of people was really interesting and inspiring.&#8221;<\/strong><\/em><\/h4>\n<h4><em><strong>&#8211; &#8220;I enjoyed learning about other people&#8217;s perspectives and hearing others&#8217; voices. Taking the viewpoint of somebody with a different viewpoint is extremely valuable.&#8221;<\/strong><\/em><\/h4>\n<h4><em><strong>&#8211; &#8220;It was great making new friends and being surrounded by amazing creativity and passion for global unity.&#8221;<\/strong><\/em><\/h4>\n<h4><strong><em>&#8211; &#8220;My standout moment was the workshop as it was empowering and I felt safe to share my poem.&#8221;<\/em><\/strong><\/h4>\n<h4>&#8211; &#8220;My students were really engaged\/inspired so great success there. Theatre workshop was really fantastic, MC was super, conference kept to time. A huge achievement.&#8221;<\/h4>\n<p>&nbsp;<\/p>\n<p>To register for our 2020 Create1World Conference Day on July 2 in Wellington, click here:\u00a0<a href=\"https:\/\/forms.gle\/4sLvxThkG8RodzWc7\">https:\/\/forms.gle\/4sLvxThkG8RodzWc7<\/a><\/p>\n<p>&nbsp;<\/p>\n","protected":false},"excerpt":{"rendered":"<p>What happens at a Create1World Conference Day? Our 2020 Create1World conference day will run 9am to 3pm at\u00a0Massey Wellington campus on July 2. You don&#8217;t need to wear school uniform (unless your school requires you to) and you don&#8217;t need to bring anything other than your curiosity! The day includes: Our innovative, interactive, global linkup [&hellip;]<\/p>\n","protected":false},"author":14,"featured_media":0,"parent":0,"menu_order":0,"comment_status":"closed","ping_status":"closed","template":"","meta":{"footnotes":""},"class_list":["post-2078","page","type-page","status-publish","hentry"],"_links":{"self":[{"href":"https:\/\/sites.massey.ac.nz\/expressivearts\/wp-json\/wp\/v2\/pages\/2078","targetHints":{"allow":["GET"]}}],"collection":[{"href":"https:\/\/sites.massey.ac.nz\/expressivearts\/wp-json\/wp\/v2\/pages"}],"about":[{"href":"https:\/\/sites.massey.ac.nz\/expressivearts\/wp-json\/wp\/v2\/types\/page"}],"author":[{"embeddable":true,"href":"https:\/\/sites.massey.ac.nz\/expressivearts\/wp-json\/wp\/v2\/users\/14"}],"replies":[{"embeddable":true,"href":"https:\/\/sites.massey.ac.nz\/expressivearts\/wp-json\/wp\/v2\/comments?post=2078"}],"version-history":[{"count":28,"href":"https:\/\/sites.massey.ac.nz\/expressivearts\/wp-json\/wp\/v2\/pages\/2078\/revisions"}],"predecessor-version":[{"id":2402,"href":"https:\/\/sites.massey.ac.nz\/expressivearts\/wp-json\/wp\/v2\/pages\/2078\/revisions\/2402"}],"wp:attachment":[{"href":"https:\/\/sites.massey.ac.nz\/expressivearts\/wp-json\/wp\/v2\/media?parent=2078"}],"curies":[{"name":"wp","href":"https:\/\/api.w.org\/{rel}","templated":true}]}}