{"id":19,"date":"2020-12-08T00:35:18","date_gmt":"2020-12-08T00:35:18","guid":{"rendered":"https:\/\/sites.massey.ac.nz\/futurefoodscatalyst\/?page_id=19"},"modified":"2023-10-17T22:36:24","modified_gmt":"2023-10-17T22:36:24","slug":"about-us","status":"publish","type":"page","link":"https:\/\/sites.massey.ac.nz\/futurefoodscatalyst\/sample-page\/about-us\/","title":{"rendered":"About the FFC Programme"},"content":{"rendered":"\n<h1 class=\"has-text-align-left has-black-color has-text-color wp-block-heading\"><strong>General Information: About the FFC Research Programme<\/strong><\/h1>\n\n\n\n<p>Find here information about the purpose and funding of this Future Foods Catalyst programme, as well as a list of our intended deliverables and our 3-year plan. <\/p>\n\n\n\n<h2 class=\"has-text-color wp-block-heading\" style=\"color:#4c125a\">Project <span style=\"color:#4c125a\" class=\"has-inline-color\">Purpose<\/span>: Understanding motivations and barriers to consumer engagement with future foods<\/h2>\n\n\n\n<p class=\"has-text-align-left has-primary-color has-text-color\"><em>Te Rangahau Taha Wheako m\u014d ng\u0101 Kai o \u0100p\u014dp\u014d: The Consumer Dimension of Future Foods<\/em> focuses on consumer and sensory research around alternative proteins. In short, we will look for answers to this perplexing dilemma:<\/p>\n\n\n\n<p class=\"has-white-color has-text-color has-background\" style=\"background-color:#098470\">We are advised to eat less animal protein and instead consume a (predominantly) plant-based diet. This leads to<\/p>\n\n\n<div class=\"wp-block-image\">\n<figure class=\"aligncenter size-medium\"><img loading=\"lazy\" decoding=\"async\" width=\"300\" height=\"194\" src=\"https:\/\/sites.massey.ac.nz\/futurefoodscatalyst\/wp-content\/uploads\/sites\/80\/2021\/05\/About_List_Benefits-300x194.jpg\" alt=\"optimised health, greater animal welfare, environmental sustainability\" class=\"wp-image-458\" srcset=\"https:\/\/sites.massey.ac.nz\/futurefoodscatalyst\/wp-content\/uploads\/sites\/80\/2021\/05\/About_List_Benefits-300x194.jpg 300w, https:\/\/sites.massey.ac.nz\/futurefoodscatalyst\/wp-content\/uploads\/sites\/80\/2021\/05\/About_List_Benefits-1024x662.jpg 1024w, https:\/\/sites.massey.ac.nz\/futurefoodscatalyst\/wp-content\/uploads\/sites\/80\/2021\/05\/About_List_Benefits-768x496.jpg 768w, https:\/\/sites.massey.ac.nz\/futurefoodscatalyst\/wp-content\/uploads\/sites\/80\/2021\/05\/About_List_Benefits-464x300.jpg 464w, https:\/\/sites.massey.ac.nz\/futurefoodscatalyst\/wp-content\/uploads\/sites\/80\/2021\/05\/About_List_Benefits.jpg 1306w\" sizes=\"auto, (max-width: 300px) 100vw, 300px\" \/><\/figure>\n<\/div>\n\n\n<p class=\"has-white-color has-text-color has-background\" style=\"background-color:#098470\">Yet, why do consumers express the desire to change their diets but don&#8217;t make this transition in a meaningful way?<\/p>\n\n\n\n<p class=\"has-text-align-right\" style=\"font-size:9px\">Willet, M.D. et al (2019) Food in the Anthropocene: the EAT\u2013Lancet Commission on healthy diets from sustainable food systems. The Lancet, 393, 447-492.<\/p>\n\n\n\n<div class=\"wp-block-columns are-vertically-aligned-top is-layout-flex wp-container-core-columns-is-layout-9d6595d7 wp-block-columns-is-layout-flex\">\n<div class=\"wp-block-column is-vertically-aligned-top is-layout-flow wp-block-column-is-layout-flow\" style=\"flex-basis:66.66%\">\n<p>Understanding consumers and their sensory needs is critical to tackling this issue. Once we understand why consumers hesitate to adopt plant-based foods (PBFs), we can invest effectively in alternative proteins. Then we can offer products that delight consumers and that they will, going forward, routinely include as part of their diet.<\/p>\n<\/div>\n\n\n\n<div class=\"wp-block-column is-vertically-aligned-top is-layout-flow wp-block-column-is-layout-flow\" style=\"flex-basis:33.33%\"><div class=\"wp-block-image is-style-default\">\n<figure class=\"aligncenter size-thumbnail\"><img loading=\"lazy\" decoding=\"async\" width=\"150\" height=\"150\" src=\"https:\/\/sites.massey.ac.nz\/futurefoodscatalyst\/wp-content\/uploads\/sites\/80\/2021\/05\/pexels-mikhail-nilov-6740511-1-1-150x150.jpg\" alt=\"Woman eating plant-based food\" class=\"wp-image-456\" \/><figcaption class=\"wp-element-caption\">Photo by&nbsp;<strong><a rel=\"noreferrer noopener\" href=\"https:\/\/www.pexels.com\/@mikhail-nilov?utm_content=attributionCopyText&amp;utm_medium=referral&amp;utm_source=pexels\" target=\"_blank\">Mikhail Nilov<\/a><\/strong>&nbsp;from&nbsp;<strong><a rel=\"noreferrer noopener\" href=\"https:\/\/www.pexels.com\/photo\/person-holding-a-bowl-of-healthy-food-6740511\/?utm_content=attributionCopyText&amp;utm_medium=referral&amp;utm_source=pexels\" target=\"_blank\">Pexels<\/a><\/strong><\/figcaption><\/figure>\n<\/div><\/div>\n<\/div>\n\n\n\n<hr class=\"wp-block-separator has-css-opacity is-style-wide\" \/>\n\n\n\n<h2 class=\"has-text-color wp-block-heading\" style=\"color:#4c125a\">Our 5 Project Deliveries: <\/h2>\n\n\n\n<div class=\"wp-block-columns are-vertically-aligned-top is-layout-flex wp-container-core-columns-is-layout-9d6595d7 wp-block-columns-is-layout-flex\">\n<div class=\"wp-block-column is-vertically-aligned-top is-layout-flow wp-block-column-is-layout-flow\">\n<ul class=\"wp-block-list\">\n<li>the most comprehensive understanding to-date of barriers and motivators affecting consumer engagement with PBFs<\/li>\n\n\n\n<li>consumers\u2019 sensory criteria for PBFs<\/li>\n\n\n\n<li>an in-depth portrait of the meat-alternative consumer of the future<\/li>\n\n\n\n<li>a comparison of perceived satiety and satisfaction between traditional proteins and PBFs<\/li>\n\n\n\n<li>an understanding of how consumers evaluate sustainability vs animal welfare vs health outcomes vs emotions around PBFs<\/li>\n<\/ul>\n<\/div>\n\n\n\n<div class=\"wp-block-column is-vertically-aligned-top is-layout-flow wp-block-column-is-layout-flow\"><div class=\"wp-block-image is-style-rounded\">\n<figure class=\"aligncenter size-medium\"><img loading=\"lazy\" decoding=\"async\" width=\"300\" height=\"169\" src=\"https:\/\/sites.massey.ac.nz\/futurefoodscatalyst\/wp-content\/uploads\/sites\/80\/2021\/01\/About_federico-respini_Field-300x169.jpg\" alt=\"agricultural field\" class=\"wp-image-100\" srcset=\"https:\/\/sites.massey.ac.nz\/futurefoodscatalyst\/wp-content\/uploads\/sites\/80\/2021\/01\/About_federico-respini_Field-300x169.jpg 300w, https:\/\/sites.massey.ac.nz\/futurefoodscatalyst\/wp-content\/uploads\/sites\/80\/2021\/01\/About_federico-respini_Field.jpg 640w\" sizes=\"auto, (max-width: 300px) 100vw, 300px\" \/><figcaption class=\"wp-element-caption\">Photo by <a href=\"https:\/\/unsplash.com\/@federicorespini?utm_source=unsplash&amp;utm_medium=referral&amp;utm_content=creditCopyText\">Federico Respini<\/a> on <a href=\"https:\/\/unsplash.com\/?utm_source=unsplash&amp;utm_medium=referral&amp;utm_content=creditCopyText\">Unsplash<\/a><\/figcaption><\/figure>\n<\/div>\n\n\n<p>These outcomes will help New Zealand\u2019s and Singapore\u2019s primary industries respond to global environmental trends.<\/p>\n<\/div>\n<\/div>\n\n\n\n<hr class=\"wp-block-separator has-css-opacity is-style-wide\" \/>\n\n\n\n<h2 class=\"has-text-color wp-block-heading\" style=\"color:#4c125a\">Our 4-Year Research Plan:<\/h2>\n\n\n\n<figure class=\"wp-block-image size-large\"><img loading=\"lazy\" decoding=\"async\" width=\"1024\" height=\"480\" src=\"https:\/\/sites.massey.ac.nz\/futurefoodscatalyst\/wp-content\/uploads\/sites\/80\/2023\/10\/Timeline-PPT2-1024x480.png\" alt=\"\" class=\"wp-image-1810\" srcset=\"https:\/\/sites.massey.ac.nz\/futurefoodscatalyst\/wp-content\/uploads\/sites\/80\/2023\/10\/Timeline-PPT2-1024x480.png 1024w, https:\/\/sites.massey.ac.nz\/futurefoodscatalyst\/wp-content\/uploads\/sites\/80\/2023\/10\/Timeline-PPT2-300x141.png 300w, https:\/\/sites.massey.ac.nz\/futurefoodscatalyst\/wp-content\/uploads\/sites\/80\/2023\/10\/Timeline-PPT2-768x360.png 768w, https:\/\/sites.massey.ac.nz\/futurefoodscatalyst\/wp-content\/uploads\/sites\/80\/2023\/10\/Timeline-PPT2-624x293.png 624w, https:\/\/sites.massey.ac.nz\/futurefoodscatalyst\/wp-content\/uploads\/sites\/80\/2023\/10\/Timeline-PPT2.png 1234w\" sizes=\"auto, (max-width: 1024px) 100vw, 1024px\" \/><\/figure>\n\n\n\n<hr class=\"wp-block-separator has-css-opacity is-style-wide\" \/>\n\n\n\n<h2 class=\"has-text-color wp-block-heading\" style=\"color:#4c125a\">Funding: Aotearoa-New Zealand MBIE&#8217;s Catalyst Fund<\/h2>\n\n\n\n<p>This project is a New Zealand-Singapore co-funded collaboration.<em> Te Rangahau Taha Wheako m\u014d ng\u0101 Kai o \u0100p\u014dp\u014d: The Consumer Dimension of Future Foods <\/em>is <\/p>\n\n\n\n<ul class=\"wp-block-list\">\n<li>supported by the <strong>Catalyst: Strategic Fund<\/strong> from Government Funding, administered by the Aotearoa New Zealand Ministry of Business Innovation and Employment <\/li>\n\n\n\n<li>funded till the <strong>end of 2024<\/strong>.<\/li>\n<\/ul>\n\n\n<div class=\"wp-block-image is-style-default\">\n<figure class=\"aligncenter size-large\"><img loading=\"lazy\" decoding=\"async\" width=\"1024\" height=\"285\" src=\"https:\/\/sites.massey.ac.nz\/futurefoodscatalyst\/wp-content\/uploads\/sites\/80\/2021\/03\/MBIE-Logo-3-1024x285.jpg\" alt=\"MBIE and Catalyst Fund logo\" class=\"wp-image-304\" srcset=\"https:\/\/sites.massey.ac.nz\/futurefoodscatalyst\/wp-content\/uploads\/sites\/80\/2021\/03\/MBIE-Logo-3-1024x285.jpg 1024w, https:\/\/sites.massey.ac.nz\/futurefoodscatalyst\/wp-content\/uploads\/sites\/80\/2021\/03\/MBIE-Logo-3-300x83.jpg 300w, https:\/\/sites.massey.ac.nz\/futurefoodscatalyst\/wp-content\/uploads\/sites\/80\/2021\/03\/MBIE-Logo-3-768x214.jpg 768w, https:\/\/sites.massey.ac.nz\/futurefoodscatalyst\/wp-content\/uploads\/sites\/80\/2021\/03\/MBIE-Logo-3-500x139.jpg 500w, https:\/\/sites.massey.ac.nz\/futurefoodscatalyst\/wp-content\/uploads\/sites\/80\/2021\/03\/MBIE-Logo-3.jpg 1140w\" sizes=\"auto, (max-width: 1024px) 100vw, 1024px\" \/><\/figure>\n<\/div>","protected":false},"excerpt":{"rendered":"<p>General Information: About the FFC Research Programme Find here information about the purpose and funding of this Future Foods Catalyst programme, as well as a list of our intended deliverables and our 3-year plan. Project Purpose: Understanding motivations and barriers to consumer engagement with future foods Te Rangahau Taha Wheako m\u014d ng\u0101 Kai o \u0100p\u014dp\u014d: [&hellip;]<\/p>\n","protected":false},"author":163,"featured_media":0,"parent":2,"menu_order":0,"comment_status":"closed","ping_status":"closed","template":"showcase.php","meta":{"footnotes":""},"class_list":["post-19","page","type-page","status-publish","hentry"],"_links":{"self":[{"href":"https:\/\/sites.massey.ac.nz\/futurefoodscatalyst\/wp-json\/wp\/v2\/pages\/19","targetHints":{"allow":["GET"]}}],"collection":[{"href":"https:\/\/sites.massey.ac.nz\/futurefoodscatalyst\/wp-json\/wp\/v2\/pages"}],"about":[{"href":"https:\/\/sites.massey.ac.nz\/futurefoodscatalyst\/wp-json\/wp\/v2\/types\/page"}],"author":[{"embeddable":true,"href":"https:\/\/sites.massey.ac.nz\/futurefoodscatalyst\/wp-json\/wp\/v2\/users\/163"}],"replies":[{"embeddable":true,"href":"https:\/\/sites.massey.ac.nz\/futurefoodscatalyst\/wp-json\/wp\/v2\/comments?post=19"}],"version-history":[{"count":138,"href":"https:\/\/sites.massey.ac.nz\/futurefoodscatalyst\/wp-json\/wp\/v2\/pages\/19\/revisions"}],"predecessor-version":[{"id":1806,"href":"https:\/\/sites.massey.ac.nz\/futurefoodscatalyst\/wp-json\/wp\/v2\/pages\/19\/revisions\/1806"}],"up":[{"embeddable":true,"href":"https:\/\/sites.massey.ac.nz\/futurefoodscatalyst\/wp-json\/wp\/v2\/pages\/2"}],"wp:attachment":[{"href":"https:\/\/sites.massey.ac.nz\/futurefoodscatalyst\/wp-json\/wp\/v2\/media?parent=19"}],"curies":[{"name":"wp","href":"https:\/\/api.w.org\/{rel}","templated":true}]}}