{"id":85,"date":"2025-02-18T22:37:03","date_gmt":"2025-02-18T22:37:03","guid":{"rendered":"https:\/\/sites.massey.ac.nz\/putorino\/?page_id=85"},"modified":"2025-02-18T22:37:03","modified_gmt":"2025-02-18T22:37:03","slug":"about","status":"publish","type":"page","link":"https:\/\/sites.massey.ac.nz\/putorino\/about\/","title":{"rendered":"About"},"content":{"rendered":"\n<p> <p>Te Horo i Whakakotahi a P\u016bt\u014drino e Rua is a collaboration between Rangit\u012bkei iwi, regional council, and researchers to explore the social and environmental implications of the 1855 P\u016bt\u014drino landslide in the Rangit\u012bkei Valley. Rangit\u012bkei M\u0101tauranga-a-iwi will complement western science to extend our record of natural hazard events beyond the limited extent of European settlement and written history. Research outputs will inform m\u0101tauranga-based landuse management decisions to build resilient Rangit\u012bkei communities, promote m\u0101tauranga and science amongst rangatahi, and build capability within partner organisations to support ongoing collaborations.\u00a0\u00a0<\/p>   <p>M\u0101ori have inhabited low-lying floodplains and coastal areas for generations, developing a deep cultural and spiritual connection with the whenua. Prior to European arrival, M\u0101ori moved with the seasons for kai gathering purposes and constantly adapted to the dynamic conflict between T\u0101ne Mahuta, T\u0101whirim\u0101tea and Tangaroa. Harnessing the m\u0101tauranga passed down through the generations will inform modern society\u2019s ability to meet the challenge of climate change.<\/p>   <p>Extreme natural disasters are becoming more common as a result of climate change. This challenge affects people around the world and is highlighted in Aotearoa by the damage from Cyclone Gabrielle, one of the worst storms to hit the country in living history. As a society, we need to decide whether to stand and defend our turangawaewae or accept the power of nature and begin managed retreat.<\/p>   <p>Our work is guided by a He Awa Whiria approach, gathering targeted landscape information through precision surveys to characterise the whenua around P\u016bt\u014drino. Iwi inform tikanga, facilitating access to awa, whenua and m\u0101tauranga. Cataloguing oral history, landscape information and historic documentation through a Rangit\u012bkei M\u0101tauranga-a-iwi lens will inform treaty settlement and policies that consider both scientific and indigenous concepts and provide opportunities for scientists and indigenous communities to act as environmental advocates, supporting the collective enactment of kaitiakitanga.<\/p> <\/p>\n\n\n\n<figure class=\"wp-block-image size-large\"><img loading=\"lazy\" decoding=\"async\" width=\"1024\" height=\"768\" src=\"https:\/\/sites.massey.ac.nz\/putorino\/wp-content\/uploads\/sites\/144\/2025\/02\/Team-photo-1024x768.jpeg\" alt=\"\" class=\"wp-image-86\" srcset=\"https:\/\/sites.massey.ac.nz\/putorino\/wp-content\/uploads\/sites\/144\/2025\/02\/Team-photo-1024x768.jpeg 1024w, https:\/\/sites.massey.ac.nz\/putorino\/wp-content\/uploads\/sites\/144\/2025\/02\/Team-photo-300x225.jpeg 300w, https:\/\/sites.massey.ac.nz\/putorino\/wp-content\/uploads\/sites\/144\/2025\/02\/Team-photo-768x576.jpeg 768w, https:\/\/sites.massey.ac.nz\/putorino\/wp-content\/uploads\/sites\/144\/2025\/02\/Team-photo-1536x1152.jpeg 1536w, https:\/\/sites.massey.ac.nz\/putorino\/wp-content\/uploads\/sites\/144\/2025\/02\/Team-photo.jpeg 2048w\" sizes=\"auto, (max-width: 767px) 89vw, (max-width: 1000px) 54vw, (max-width: 1071px) 543px, 580px\" \/><figcaption class=\"wp-element-caption\">Team members (L-R): Grant Huwyler, Professor Jonathan Procter, Daniel Parker, Adjunct Associate Professor Alan Palmer, Willie McKay, Callum Rees, Matt Irwin. Photo taken by Utiku Potaka.<\/figcaption><\/figure>\n","protected":false},"excerpt":{"rendered":"<p>Te Horo i Whakakotahi a P\u016bt\u014drino e Rua is a collaboration between Rangit\u012bkei iwi, regional council, and researchers to explore the social and environmental implications of the 1855 P\u016bt\u014drino landslide in the Rangit\u012bkei Valley. Rangit\u012bkei M\u0101tauranga-a-iwi will complement western science to extend our record of natural hazard events beyond the limited extent of European settlement &hellip; <\/p>\n<p class=\"link-more\"><a href=\"https:\/\/sites.massey.ac.nz\/putorino\/about\/\" class=\"more-link\">Continue reading<span class=\"screen-reader-text\"> &#8220;About&#8221;<\/span><\/a><\/p>\n","protected":false},"author":255,"featured_media":0,"parent":0,"menu_order":0,"comment_status":"closed","ping_status":"closed","template":"","meta":{"footnotes":""},"class_list":["post-85","page","type-page","status-publish","hentry"],"_links":{"self":[{"href":"https:\/\/sites.massey.ac.nz\/putorino\/wp-json\/wp\/v2\/pages\/85","targetHints":{"allow":["GET"]}}],"collection":[{"href":"https:\/\/sites.massey.ac.nz\/putorino\/wp-json\/wp\/v2\/pages"}],"about":[{"href":"https:\/\/sites.massey.ac.nz\/putorino\/wp-json\/wp\/v2\/types\/page"}],"author":[{"embeddable":true,"href":"https:\/\/sites.massey.ac.nz\/putorino\/wp-json\/wp\/v2\/users\/255"}],"replies":[{"embeddable":true,"href":"https:\/\/sites.massey.ac.nz\/putorino\/wp-json\/wp\/v2\/comments?post=85"}],"version-history":[{"count":1,"href":"https:\/\/sites.massey.ac.nz\/putorino\/wp-json\/wp\/v2\/pages\/85\/revisions"}],"predecessor-version":[{"id":88,"href":"https:\/\/sites.massey.ac.nz\/putorino\/wp-json\/wp\/v2\/pages\/85\/revisions\/88"}],"wp:attachment":[{"href":"https:\/\/sites.massey.ac.nz\/putorino\/wp-json\/wp\/v2\/media?parent=85"}],"curies":[{"name":"wp","href":"https:\/\/api.w.org\/{rel}","templated":true}]}}