{"id":100,"date":"2020-11-24T21:11:28","date_gmt":"2020-11-24T21:11:28","guid":{"rendered":"http:\/\/sites.massey.ac.nz\/rangahau2020\/?page_id=100"},"modified":"2021-01-20T02:07:35","modified_gmt":"2021-01-20T02:07:35","slug":"social-justice-in-disasters","status":"publish","type":"page","link":"https:\/\/sites.massey.ac.nz\/rangahau2020\/our-research-stories\/social-justice-in-disasters\/","title":{"rendered":"Social justice in disasters"},"content":{"rendered":"\n<h2 class=\"wp-block-heading\">DR SUZANNE PHIBBS<\/h2>\n\n\n\n<h5 class=\"wp-block-heading\">Ng\u0101i Tahu<\/h5>\n\n\n\n<p>School of Health Sciences<\/p>\n\n\n\n<div class=\"wp-block-columns is-layout-flex wp-container-core-columns-is-layout-9d6595d7 wp-block-columns-is-layout-flex\">\n<div class=\"wp-block-column is-layout-flow wp-block-column-is-layout-flow\">\n<p>How can some of the key ideas in public health and social justice research be applied to the area of disaster risk reduction, response and recovery? This question is a central focus of the work of Dr Suzanne Phibbs from the School of Health Sciences. \u2018In public health, the inverse care law refers to the idea that people who need the most care and are the most vulnerable actually receive the least care and to a lesser standard,\u2019 she explained. \u2018I\u2019ve taken that idea and applied it to the area of disasters in terms of how agencies, the state, emergency services and emergency service infrastructure are set up to respond to disasters. The same kinds of things emerge \u2014 the people who are most vulnerable tend to be most severely impacted in disasters, and they also don\u2019t have the kinds of social capital or networks and resources to be able to access emergency services or resources post-disaster easily.\u2019<\/p>\n\n\n\n<p>An example of this situation occurred after the Kaik\u014dura\/Hurunui earthquake, when building inspectors from that region were sent by the government to Wellington to assess the built infrastructure, meaning locals had to wait for their buildings to be checked. Even worse, some communities were completely cut off in the aftermath of the disaster and not accessed by emergency&nbsp;services,&nbsp;meaning&nbsp;they&nbsp;were&nbsp;forced&nbsp;to spend weeks looking after each&nbsp;other.<\/p>\n\n\n\n<p>\u2018Mental health resources in particular haven\u2019t been forthcoming for those communities, and there\u2019s excess need for mental health resources in that region,\u2019 said Dr Phibbs, \u2018and when they did get resources for mental health services, they were inadequate compared to the need that\u2019s there. When there was a change of government, there was additional funding for mental health services in the Kaik\u014dura and Hurunui regions but underfunding still persists, meaning that the people who will miss out will be the ones who are most in need and least able to access services. That\u2019s an example of that inverse response law impacting those communities.\u2019<\/p>\n\n\n\n<p>A significant part of the problem is privatisation of disaster risk. \u2018The state is increasingly withdrawing from managing risk and is transferring it to vulnerable citizens who have the least capacity to absorb it,\u2019 said Dr Phibbs. \u2018You see that with people saying that insurance cover for earthquakes is becoming unaffordable, so that\u2019s part of that shifting from the state to private citizens in terms of the cost of risk. Coastal erosion is another example where the government is reluctant to step in and at the moment private citizens are bearing the cost of most of that risk. We haven\u2019t even started looking at third-world countries \u2014 that\u2019s just what\u2019s happening in countries like New Zealand that can afford to manage risk, whereas in developing countries where they can\u2019t afford it, it\u2019s even more problematic. In the process of cost-cutting, policy antecedents that focused on neoliberal principles of competition, efficiency and austerity transfer risk to the most vulnerable sectors of the community who have the least capacity to absorb it. These principles are becoming more relevant with climate change and with the accelerating costs of disasters around the world such as bushfires, earthquakes and flooding.\u2019<\/p>\n<\/div>\n\n\n\n<div class=\"wp-block-column is-layout-flow wp-block-column-is-layout-flow\">\n<p>However, amongst the difficulties, Dr Phibbs has identified some success stories. Together with Associate Professor Christine Kenney (who is also featured in this edition of Rangahau), she worked with Ng\u0101i Tahu for a year documenting stories of the Christchurch earthquakes. The resulting research is now one of the most documented indigenous responses to a disaster. \u2018The M\u0101ori response to the disaster was extremely positive,\u2019 said Dr Phibbs, \u2018just the way the M\u0101ori community came together to provide support to the Christchurch community. The M\u0101ori response was run through Ng\u0101i Tahu but supported by iwi right across New Zealand, who provided resources such as food, financial assistance, advice, water, shelter and medical care to 20,000 households in the eastern suburbs.\u2019&nbsp;<\/p>\n\n\n\n<p>Again, the principles of the inverse response law emerged from this research, but this time, in a more positive way. \u2018The M\u0101ori community\u2019s response was for people who would normally be outside the mainstream response, for those who were vulnerable, for the people who would fall through the safety net that the government put in place.\u2019<\/p>\n\n\n\n<p>The research has informed government strategies in the area of disasters and recognised the contribution that M\u0101ori communities can provide in disaster response contexts; combined with civil defence emergency management, they can double the capacity of the response. The government has recently made an announcement for $12 million of funding for marae to help them prepare to respond to disasters, the first time that government funding has been specifically targeted at supporting effective disaster responses by M\u0101ori.<\/p>\n<\/div>\n<\/div>\n","protected":false},"excerpt":{"rendered":"<p>DR SUZANNE PHIBBS Ng\u0101i Tahu School of Health Sciences How can some of the key ideas in public health and social justice research be applied to the area of disaster risk reduction, response and recovery? This question is a central focus of the work of Dr Suzanne Phibbs from the School of Health Sciences. \u2018In &hellip; <a href=\"https:\/\/sites.massey.ac.nz\/rangahau2020\/our-research-stories\/social-justice-in-disasters\/\" class=\"more-link\">Continue reading <span class=\"screen-reader-text\">Social justice in disasters<\/span> <span class=\"meta-nav\">&rarr;<\/span><\/a><\/p>\n","protected":false},"author":167,"featured_media":429,"parent":112,"menu_order":28,"comment_status":"closed","ping_status":"closed","template":"","meta":{"footnotes":""},"class_list":["post-100","page","type-page","status-publish","has-post-thumbnail","hentry"],"_links":{"self":[{"href":"https:\/\/sites.massey.ac.nz\/rangahau2020\/wp-json\/wp\/v2\/pages\/100","targetHints":{"allow":["GET"]}}],"collection":[{"href":"https:\/\/sites.massey.ac.nz\/rangahau2020\/wp-json\/wp\/v2\/pages"}],"about":[{"href":"https:\/\/sites.massey.ac.nz\/rangahau2020\/wp-json\/wp\/v2\/types\/page"}],"author":[{"embeddable":true,"href":"https:\/\/sites.massey.ac.nz\/rangahau2020\/wp-json\/wp\/v2\/users\/167"}],"replies":[{"embeddable":true,"href":"https:\/\/sites.massey.ac.nz\/rangahau2020\/wp-json\/wp\/v2\/comments?post=100"}],"version-history":[{"count":0,"href":"https:\/\/sites.massey.ac.nz\/rangahau2020\/wp-json\/wp\/v2\/pages\/100\/revisions"}],"up":[{"embeddable":true,"href":"https:\/\/sites.massey.ac.nz\/rangahau2020\/wp-json\/wp\/v2\/pages\/112"}],"wp:featuredmedia":[{"embeddable":true,"href":"https:\/\/sites.massey.ac.nz\/rangahau2020\/wp-json\/wp\/v2\/media\/429"}],"wp:attachment":[{"href":"https:\/\/sites.massey.ac.nz\/rangahau2020\/wp-json\/wp\/v2\/media?parent=100"}],"curies":[{"name":"wp","href":"https:\/\/api.w.org\/{rel}","templated":true}]}}