{"id":56,"date":"2020-11-18T03:33:13","date_gmt":"2020-11-18T03:33:13","guid":{"rendered":"http:\/\/sites.massey.ac.nz\/rangahau2020\/?page_id=56"},"modified":"2021-01-20T02:13:50","modified_gmt":"2021-01-20T02:13:50","slug":"sleep-in-the-childbearing-years","status":"publish","type":"page","link":"https:\/\/sites.massey.ac.nz\/rangahau2020\/our-research-stories\/sleep-in-the-childbearing-years\/","title":{"rendered":"Sleep in the childbearing years"},"content":{"rendered":"\n<h2 class=\"wp-block-heading\">ASSOCIATE PROFESSOR LEIGH SIGNAL<\/h2>\n\n\n\n<p>Sleep\/Wake Research Centre<\/p>\n\n\n\n<div class=\"wp-block-columns is-layout-flex wp-container-core-columns-is-layout-9d6595d7 wp-block-columns-is-layout-flex\">\n<div class=\"wp-block-column is-layout-flow wp-block-column-is-layout-flow\">\n<p>Being pregnant and having babies and young children can be a difficult time for getting quality sleep. Sometimes, this can be such a large issue that it begins to significantly affect physical and mental health. Associate Professor Leigh Signal from the Sleep\/Wake Research Centre is conducting research in this area, with the aim of learning more about how sleep is affected during pregnancy and after, and finding ways to help women gain better sleep in the childbearing years.<\/p>\n\n\n\n<p>In particular, Associate Professor Signal is focused on seeking to understand inequities in sleep and health outcomes for M\u0101ori. In a large cohort study that she co-leads with Dr Sarah-Jane Paine from the University of Auckland, a third of the research participants are M\u0101ori mothers and two-thirds are non-M\u0101ori, and she has found significant differences between the two groups. \u2018When looking at sleep in pregnancy, early post-partum, and when children are three, rates of caesarean section, and mental health outcomes, there are consistent, significant inequities between M\u0101ori and non-M\u0101ori,\u2019 she explained.<\/p>\n\n\n\n<p>Poor-quality sleep can even influence birth outcomes. In a recent study, Associate Professor Signal found that women who had poorer-quality sleep in late pregnancy were almost twice as likely to deliver via emergency caesarean section. The study also found that women who snore or have sleep apnoea were also associated with higher likelihoods of having an emergency caesarean section.<\/p>\n\n\n\n<p>Another area that Associate Professor Signal is interested in is around understanding how sleep in pregnancy and in the early postnatal period affects mental health. \u2018We talk about postnatal depression, but antenatal depression is also of enormous concern and under-recognised,\u2019 she said. \u2018We\u2019ve done some work on looking at rates of that in M\u0101ori and non-M\u0101ori pregnant women, and about 15 per cent of non-M\u0101ori women and 20 per cent of M\u0101ori women experience clinically significant depressive symptoms in pregnancy. We have been looking at how that tracks over time, and we\u2019re finding that there seems to be a group of women who experience depressive symptoms in pregnancy, and they are highly likely to also experience depressive symptoms when their children are three.\u2019<\/p>\n<\/div>\n\n\n\n<div class=\"wp-block-column is-layout-flow wp-block-column-is-layout-flow\">\n<p>The research has shown that a lack of good-quality sleep is often related to women reporting these depressive symptoms. \u2018Sleep is our emotional first aid and it\u2019s really important in helping us process and deal with events of the day, particularly emotional events,\u2019 said Associate Professor Signal. \u2018We think it goes both ways, that poorer-quality sleep puts you at risk of poorer mental health, but also, if you\u2019ve got poorer mental health then you\u2019re likely to have poor-quality sleep. It\u2019s a chicken and egg situation, a vicious cycle that keeps repeating.\u2019<\/p>\n\n\n\n<p>To try to help with this situation, PhD student Clare Ladyman took women who had a prior history of depression and educated them about sleep during pregnancy. Areas covered included the sleep changes to expect at each stage of pregnancy and some of the strategies and techniques that can be used to help get a good sleep across this timeframe. \u2018They\u2019re not rocket science,\u2019 said Associate Professor Signal, \u2018they\u2019re things like prioritising sleep above other things, being consistent about going to bed at the same time every night and getting up at the same time every morning, and thinking about the environment you sleep in; how to make it comfortable.\u2019 The study found that participants had better mental health compared to another group of women that did not have the intervention.&nbsp;<\/p>\n\n\n\n<p>\u2018I think we take sleep for granted and we often prioritise a whole load of other things above it and believe that we are fitting more into our day by doing so,\u2019 said Associate Professor Signal. \u2018At particular times in our lives, such as during pregnancy, early postnatally and when we\u2019ve got small kids, we really need to put sleep further up the priority list. It\u2019s not just important for our own health and wellbeing, it also flows through to the health and wellbeing of children in your family.\u2019<\/p>\n\n\n\n<p>Associate Professor Signal is also involved in research into existing inequities around the relationship between a child\u2019s sleep and a mother\u2019s sleep and mental health. \u2018We knew that if you are M\u0101ori and socio-economically deprived you get less sleep and poorer-quality sleep. But we didn\u2019t know whether that\u2019s also seen in our younger population. PhD student Dr Dee Muller found that in three- to four-year-olds, there are clear differences by ethnicity and socio-economic deprivation, too. Preschoolers who are M\u0101ori and living in more deprived homes are much more likely to have short sleep and poorer-quality sleep than children who are not living in those situations.\u2019<\/p>\n<\/div>\n<\/div>\n\n\n\n<p><\/p>\n","protected":false},"excerpt":{"rendered":"<p>ASSOCIATE PROFESSOR LEIGH SIGNAL Sleep\/Wake Research Centre Being pregnant and having babies and young children can be a difficult time for getting quality sleep. Sometimes, this can be such a large issue that it begins to significantly affect physical and mental health. Associate Professor Leigh Signal from the Sleep\/Wake Research Centre is conducting research in &hellip; <a href=\"https:\/\/sites.massey.ac.nz\/rangahau2020\/our-research-stories\/sleep-in-the-childbearing-years\/\" class=\"more-link\">Continue reading <span class=\"screen-reader-text\">Sleep in the childbearing years<\/span> <span class=\"meta-nav\">&rarr;<\/span><\/a><\/p>\n","protected":false},"author":167,"featured_media":417,"parent":112,"menu_order":7,"comment_status":"closed","ping_status":"closed","template":"","meta":{"footnotes":""},"class_list":["post-56","page","type-page","status-publish","has-post-thumbnail","hentry"],"_links":{"self":[{"href":"https:\/\/sites.massey.ac.nz\/rangahau2020\/wp-json\/wp\/v2\/pages\/56","targetHints":{"allow":["GET"]}}],"collection":[{"href":"https:\/\/sites.massey.ac.nz\/rangahau2020\/wp-json\/wp\/v2\/pages"}],"about":[{"href":"https:\/\/sites.massey.ac.nz\/rangahau2020\/wp-json\/wp\/v2\/types\/page"}],"author":[{"embeddable":true,"href":"https:\/\/sites.massey.ac.nz\/rangahau2020\/wp-json\/wp\/v2\/users\/167"}],"replies":[{"embeddable":true,"href":"https:\/\/sites.massey.ac.nz\/rangahau2020\/wp-json\/wp\/v2\/comments?post=56"}],"version-history":[{"count":0,"href":"https:\/\/sites.massey.ac.nz\/rangahau2020\/wp-json\/wp\/v2\/pages\/56\/revisions"}],"up":[{"embeddable":true,"href":"https:\/\/sites.massey.ac.nz\/rangahau2020\/wp-json\/wp\/v2\/pages\/112"}],"wp:featuredmedia":[{"embeddable":true,"href":"https:\/\/sites.massey.ac.nz\/rangahau2020\/wp-json\/wp\/v2\/media\/417"}],"wp:attachment":[{"href":"https:\/\/sites.massey.ac.nz\/rangahau2020\/wp-json\/wp\/v2\/media?parent=56"}],"curies":[{"name":"wp","href":"https:\/\/api.w.org\/{rel}","templated":true}]}}