{"id":66,"date":"2020-11-23T21:40:34","date_gmt":"2020-11-23T21:40:34","guid":{"rendered":"http:\/\/sites.massey.ac.nz\/rangahau2020\/?page_id=66"},"modified":"2021-01-19T22:52:39","modified_gmt":"2021-01-19T22:52:39","slug":"traditional-maori-knowledge-of-natural-hazards-and-the-environment","status":"publish","type":"page","link":"https:\/\/sites.massey.ac.nz\/rangahau2020\/our-research-stories\/traditional-maori-knowledge-of-natural-hazards-and-the-environment\/","title":{"rendered":"Traditional M\u0101ori knowledge of natural hazards and the environment"},"content":{"rendered":"\n<h2 class=\"wp-block-heading\">ASSOCIATE PROFESSOR JONATHAN PROCTER<\/h2>\n\n\n\n<h5 class=\"wp-block-heading\">Mua\u016bpoko, Ng\u0101i Tahu<\/h5>\n\n\n\n<p>Te Kura M\u0101tauranga m\u014d Ahuwhenua me Te Taiao School of Agriculture and Environment<\/p>\n\n\n\n<div class=\"wp-block-columns is-layout-flex wp-container-core-columns-is-layout-9d6595d7 wp-block-columns-is-layout-flex\">\n<div class=\"wp-block-column is-layout-flow wp-block-column-is-layout-flow\">\n<p>As a volcanologist, Associate Professor Jonathan Procter from the School of Agriculture and Environment has spent most of his career working to understand and forecast the impacts of different volcanic phenomena and the hazards related to these. \u2018My original research was around applying computer simulations and numerical models to predict lahars and lahar paths, and I focused mainly on Ruapehu and Taranaki,\u2019 he said. \u2018We are part of a large national team, and we have worked hard over the last few years to have a greater collaboration across our discipline throughout the country, and in making sure that we are all on board in terms of where we are heading and what we are trying to do. The Volcanic Risks Solutions team at Massey University now leads and drives volcanic hazards research across New Zealand and the world, such as research in National Science Challenges focusing on how we forecast and recover from volcanic events.\u2019<\/p>\n\n\n\n<p>Around five years ago, after seeing a lack of M\u0101ori research and recognition of M\u0101ori communities in the natural hazards space, Associate Professor Procter began a m\u0101tauranga M\u0101ori (M\u0101ori practices and knowledge) programme under the Resilience to Nature\u2019s Challenges National Science Challenge. \u2018A couple of us thought it was important that our chosen field of study changes a little bit, and we started up some research around building in M\u0101ori knowledge around natural hazards,\u2019 he explained. \u2018It\u2019s been quite successful. I\u2019m really pleased that we started from nothing, and we\u2019ve built a large and active research community that\u2019s doing some really good work.\u2019<\/p>\n\n\n\n<p>Associate Professor Procter has been learning about traditional histories from iwi to help locate where past natural hazard events occurred, how people have responded and what lessons we can apply today. He has also carried out extensive work to build awareness around the central North Island volcanoes and working with iwi to become more active in monitoring and reporting events that could mean potential eruptions. \u2018It\u2019s been about exploring where their traditional monitoring sites were, what were the things that they traditionally observed to indicate that there may be a volcanic eruption, and what their traditional practices were when they saw those things. It\u2019s made iwi a really important part of community management and monitoring of the volcanoes in the central North Island.\u2019<\/p>\n<\/div>\n\n\n\n<div class=\"wp-block-column is-layout-flow wp-block-column-is-layout-flow\">\n<p>Associate Professor Procter is also involved in a Ministry of Business, Innovation and Employment Endeavour project working to build new ways of visualising M\u0101ori cultural landscapes for environmental management purposes using the latest digital technologies. \u2018One of the problems that we see is that there\u2019s a huge disconnect between iwi being able to present their environmental information and their connections to that cultural landscape effectively in a form that\u2019s compatible with Western science or decision-making frameworks around environmental management,\u2019 he said. \u2018So we thought, one way we can do that is to adapt some of the computational processes, and reclaim other technology such as GIS [geographic information system] and remote sensing techniques to build these visualisations of people\u2019s values and connections to areas so they can be presented with the robustness and quantification needed for Western science decision-makers and courts to take seriously.\u2019<\/p>\n\n\n\n<p>Another area of research he is involved in addresses the issue of the way Western science or standard practices now collect information, which sometimes does not provide the detail, including the temporal and spatial resolution, that traditional M\u0101ori practices do. \u2018We\u2019re seeing data collected over a national scale, but these catchments that we\u2019re dealing with are very local and they require quite specific solutions,\u2019 he said.<\/p>\n\n\n\n<p>One example is Lake Horowhenua, near Levin, which has been heavily occupied and used over time, giving intensive information about that area. \u2018The amount of data they collected with respect to the p\u0101 tuna [eel weir] and fish numbers, fish health and the health of the environment based on traditional indicators was immense. Then, changes in the twentieth century around drainage, environmental engineering and the establishment of councils resulted in the loss of these sites and the information collected at them, as well as the loss of open discussion within the community about that information. Now, they have to rely on council measurements which do not give the same level of detail. So, with some of the iwi that we\u2019ve been working with around this area, it\u2019s quite interesting to see again how that traditional knowledge \u2014 and the length of that knowledge \u2014 provides more detail and resolution of information than we currently collect and how that information can provide much-needed solutions.\u2019<\/p>\n<\/div>\n<\/div>\n","protected":false},"excerpt":{"rendered":"<p>ASSOCIATE PROFESSOR JONATHAN PROCTER Mua\u016bpoko, Ng\u0101i Tahu Te Kura M\u0101tauranga m\u014d Ahuwhenua me Te Taiao School of Agriculture and Environment As a volcanologist, Associate Professor Jonathan Procter from the School of Agriculture and Environment has spent most of his career working to understand and forecast the impacts of different volcanic phenomena and the hazards related &hellip; <a href=\"https:\/\/sites.massey.ac.nz\/rangahau2020\/our-research-stories\/traditional-maori-knowledge-of-natural-hazards-and-the-environment\/\" class=\"more-link\">Continue reading <span class=\"screen-reader-text\">Traditional M\u0101ori knowledge of natural hazards and the environment<\/span> <span class=\"meta-nav\">&rarr;<\/span><\/a><\/p>\n","protected":false},"author":167,"featured_media":414,"parent":112,"menu_order":11,"comment_status":"closed","ping_status":"closed","template":"","meta":{"footnotes":""},"class_list":["post-66","page","type-page","status-publish","has-post-thumbnail","hentry"],"_links":{"self":[{"href":"https:\/\/sites.massey.ac.nz\/rangahau2020\/wp-json\/wp\/v2\/pages\/66","targetHints":{"allow":["GET"]}}],"collection":[{"href":"https:\/\/sites.massey.ac.nz\/rangahau2020\/wp-json\/wp\/v2\/pages"}],"about":[{"href":"https:\/\/sites.massey.ac.nz\/rangahau2020\/wp-json\/wp\/v2\/types\/page"}],"author":[{"embeddable":true,"href":"https:\/\/sites.massey.ac.nz\/rangahau2020\/wp-json\/wp\/v2\/users\/167"}],"replies":[{"embeddable":true,"href":"https:\/\/sites.massey.ac.nz\/rangahau2020\/wp-json\/wp\/v2\/comments?post=66"}],"version-history":[{"count":0,"href":"https:\/\/sites.massey.ac.nz\/rangahau2020\/wp-json\/wp\/v2\/pages\/66\/revisions"}],"up":[{"embeddable":true,"href":"https:\/\/sites.massey.ac.nz\/rangahau2020\/wp-json\/wp\/v2\/pages\/112"}],"wp:featuredmedia":[{"embeddable":true,"href":"https:\/\/sites.massey.ac.nz\/rangahau2020\/wp-json\/wp\/v2\/media\/414"}],"wp:attachment":[{"href":"https:\/\/sites.massey.ac.nz\/rangahau2020\/wp-json\/wp\/v2\/media?parent=66"}],"curies":[{"name":"wp","href":"https:\/\/api.w.org\/{rel}","templated":true}]}}