{"id":74,"date":"2020-11-23T22:14:20","date_gmt":"2020-11-23T22:14:20","guid":{"rendered":"http:\/\/sites.massey.ac.nz\/rangahau2020\/?page_id=74"},"modified":"2021-01-20T01:32:33","modified_gmt":"2021-01-20T01:32:33","slug":"showcasing-maori-art","status":"publish","type":"page","link":"https:\/\/sites.massey.ac.nz\/rangahau2020\/our-research-stories\/showcasing-maori-art\/","title":{"rendered":"Showcasing M\u0101ori art"},"content":{"rendered":"\n<h2 class=\"wp-block-heading\">ERENA ARAPERE<\/h2>\n\n\n\n<h5 class=\"wp-block-heading\">Te \u0100tiawa ki Whakarongotai, Ng\u0101ti Toa Rangatira, Ng\u0101ti Raukawa, Ng\u0101ti Ruanui<\/h5>\n\n\n\n<p>Whiti o Rehua School of Art<\/p>\n\n\n\n<div class=\"wp-block-columns is-layout-flex wp-container-core-columns-is-layout-9d6595d7 wp-block-columns-is-layout-flex\">\n<div class=\"wp-block-column is-layout-flow wp-block-column-is-layout-flow\">\n<p>Marae, and in particular whare tupuna (ancestral meeting houses), hold rich collections of M\u0101ori art, including carving, painting and weaving. They also contain many portraits and photographs, often added by family members when a person passes away. Some of these photographs are even placed on top of other customary artworks. \u2018We often think about carving, painting and weaving as being the foundation of customary M\u0101ori art,\u2019 said Erena Arapere from the School of Art, \u2018but it seemed interesting to me to think about how quickly M\u0101ori began to incorporate portraits in the wharenui. I became interested in how indigenous cultures came to value photography, and I now like to think of portraiture as the fourth customary M\u0101ori art.\u2019<\/p>\n\n\n\n<p>Arapere creates works that play on the idea that photographs capture the mauri or ihi (essence or life force) of a person. \u2018Some of my earlier works used long exposures and movement to simulate the idea of life force or mauri in the photograph,\u2019 she said. \u2018My new works are about tukutuku [ornamental latticework], and they\u2019re made up of lots of really small images of me and my children walking together, or my smallest one in a pack, because the work references some early photographs of M\u0101ori women bearing their babies on their backs. It talks about where I am right now in my life and in the history within our culture of keeping your children close and safe.\u2019<\/p>\n\n\n\n<p>As well as her portrait work, Arapere is part of the Mata Aho Collective, a group of four M\u0101ori women artists who work together to create large- scale fibre-based works that commentate on the complexity of M\u0101ori lives and the contemporary realities of m\u0101tauranga M\u0101ori (M\u0101ori practices and knowledge). \u2018We make large-scale textile installations,\u2019 she said, \u2018and we make work at a larger scale than we could attack on our own. We use the saying, \u201cfour brains eight hands\u201d, as it is a true collaborative effort to make one large thing.\u2019&nbsp;<\/p>\n\n\n\n<p>The works, which take up large amounts of physical space, have been shown in public galleries around the world, and it is of significance, Arapere points out, that these works are so visible in areas that young M\u0101ori women usually do not inhabit. The works commonly involve themes that highlight an atua wahine, a M\u0101ori woman deity, and the artists aim to reframe the way in which the stories about them are told, often showcasing the deity in a more discerning light than they are traditionally portrayed.<\/p>\n<\/div>\n\n\n\n<div class=\"wp-block-column is-layout-flow wp-block-column-is-layout-flow\">\n<p>The group has recently finished their biggest project to date, a commission for the international exhibition&nbsp;<em>\u00c0badakone<\/em>&nbsp;at the National Gallery of Canada, and which is now one of the four nominations for the 2020 Walters Art Prize.&nbsp;<\/p>\n\n\n\n<p>Taking nearly a year to complete, the work is called&nbsp;<em>AKA<\/em>, which translates as \u2018vine\u2019, and is woven from a series of marine ropes using customary whatu (finger twining), which is a technique for k\u0101kahu, to make the body of a cloak. The work reframes the story of Whaitiri, a female deity who is the personification of thunder and usually thought of as fearsome, and often portrayed in literature as an old crone or a witch- type figure. The woven ropes signify vines that Whaitiri tends, which climb up to the heavens, and the story of T\u0101whaki and Karihi, young men who climb them in search of knowledge. \u2018We wanted to acknowledge her in this story in a different way,\u2019 said Arapere. \u2018Karihi climbed the vines once and fell, and then T\u0101whaki asked her which ones to go up, so he is able to reach the heavens. The work is about women as knowledge-keepers, nurturers and teachers.\u2019<\/p>\n\n\n\n<p>The installation is 14 metres high and weighs over a tonne. \u2018It was a massive project, but totally worth it. We wove most of it here at Massey. We had a hoist installed in the Boiler Room at Toi Rauwharangi College of Creative Arts and worked standing on the ground, and then we had to collapse the work and ship it to Canada, where we finished weaving the project in the gallery. It sits in a public foyer area, so we finished the work with the public walking around and watching us; it was an experience.\u2019 The work talks with the space and the grand scale of the building\u2019s architecture, and is hung underneath a skylight. \u2018We chose that area specifically because of the story of how the vines connect with the sky and it projects up to the sky from inside the building. It\u2019s tremendously uplifting being able to travel with my best friends and make work, and the way that indigenous art is really starting to be showcased.\u2019<\/p>\n<\/div>\n<\/div>\n","protected":false},"excerpt":{"rendered":"<p>ERENA ARAPERE Te \u0100tiawa ki Whakarongotai, Ng\u0101ti Toa Rangatira, Ng\u0101ti Raukawa, Ng\u0101ti Ruanui Whiti o Rehua School of Art Marae, and in particular whare tupuna (ancestral meeting houses), hold rich collections of M\u0101ori art, including carving, painting and weaving. They also contain many portraits and photographs, often added by family members when a person passes &hellip; <a href=\"https:\/\/sites.massey.ac.nz\/rangahau2020\/our-research-stories\/showcasing-maori-art\/\" class=\"more-link\">Continue reading <span class=\"screen-reader-text\">Showcasing M\u0101ori art<\/span> <span class=\"meta-nav\">&rarr;<\/span><\/a><\/p>\n","protected":false},"author":167,"featured_media":406,"parent":112,"menu_order":15,"comment_status":"closed","ping_status":"closed","template":"","meta":{"footnotes":""},"class_list":["post-74","page","type-page","status-publish","has-post-thumbnail","hentry"],"_links":{"self":[{"href":"https:\/\/sites.massey.ac.nz\/rangahau2020\/wp-json\/wp\/v2\/pages\/74","targetHints":{"allow":["GET"]}}],"collection":[{"href":"https:\/\/sites.massey.ac.nz\/rangahau2020\/wp-json\/wp\/v2\/pages"}],"about":[{"href":"https:\/\/sites.massey.ac.nz\/rangahau2020\/wp-json\/wp\/v2\/types\/page"}],"author":[{"embeddable":true,"href":"https:\/\/sites.massey.ac.nz\/rangahau2020\/wp-json\/wp\/v2\/users\/167"}],"replies":[{"embeddable":true,"href":"https:\/\/sites.massey.ac.nz\/rangahau2020\/wp-json\/wp\/v2\/comments?post=74"}],"version-history":[{"count":0,"href":"https:\/\/sites.massey.ac.nz\/rangahau2020\/wp-json\/wp\/v2\/pages\/74\/revisions"}],"up":[{"embeddable":true,"href":"https:\/\/sites.massey.ac.nz\/rangahau2020\/wp-json\/wp\/v2\/pages\/112"}],"wp:featuredmedia":[{"embeddable":true,"href":"https:\/\/sites.massey.ac.nz\/rangahau2020\/wp-json\/wp\/v2\/media\/406"}],"wp:attachment":[{"href":"https:\/\/sites.massey.ac.nz\/rangahau2020\/wp-json\/wp\/v2\/media?parent=74"}],"curies":[{"name":"wp","href":"https:\/\/api.w.org\/{rel}","templated":true}]}}