{"id":84,"date":"2020-11-23T22:42:01","date_gmt":"2020-11-23T22:42:01","guid":{"rendered":"http:\/\/sites.massey.ac.nz\/rangahau2020\/?page_id=84"},"modified":"2021-01-20T01:41:54","modified_gmt":"2021-01-20T01:41:54","slug":"te-reo-in-the-library","status":"publish","type":"page","link":"https:\/\/sites.massey.ac.nz\/rangahau2020\/our-research-stories\/te-reo-in-the-library\/","title":{"rendered":"Te reo in the library"},"content":{"rendered":"\n<h2 class=\"wp-block-heading\">ASSOCIATE PROFESSOR SPENCER LILLEY<\/h2>\n\n\n\n<h5 class=\"wp-block-heading\">Te \u0100tiawa, Mua\u016bpoko, Ng\u0101puhi<\/h5>\n\n\n\n<p>Te P\u016btahi-a-Toi School of M\u0101ori Knowledge<\/p>\n\n\n\n<div class=\"wp-block-columns is-layout-flex wp-container-core-columns-is-layout-9d6595d7 wp-block-columns-is-layout-flex\">\n<div class=\"wp-block-column is-layout-flow wp-block-column-is-layout-flow\">\n<p>Originally a librarian, Associate Professor Spencer Lilley from Te P\u016btahi-a-Toi School of M\u0101ori Knowledge has long been committed to finding effective ways to provide information services and resources for M\u0101ori users. \u2018I developed a strong understanding about what M\u0101ori information needs were and the types of resources that were required to help them satisfy those needs, as well as ways of delivering those resources in a manner that met with their expectations and acknowledged the different ways that they would have in approaching information and knowledge,\u2019 he said.<\/p>\n\n\n\n<p>When working in the Massey library, Associate Professor Lilley discovered that many M\u0101ori students did not have extensive experience in using libraries. \u2018They\u2019d left school many years ago, possibly not with many qualifications, and coming into university as adults they had to use the library\u2019s resources to help them learn,\u2019 he said. \u2018I found that they were facing a lot of the same questions that I had faced when I was leaving school, in that they didn\u2019t know about finding information that would help them to make decisions.\u2019<\/p>\n\n\n\n<p>While still a librarian, Associate Professor Lilley conducted his PhD, looking at how M\u0101ori secondary school students seek information to help them with academic and cultural success, and finding ways to help them to develop information literacy skills at secondary school, so that by the time they got to university they would have the information-seeking skills they needed.<\/p>\n\n\n\n<p>Today, Associate Professor Lilley is still focused on libraries, now investigating the indigenisation of the library and information profession. \u2018I\u2019ve focused on a number of different ways that the current structures can be further made receptive or responsive to M\u0101ori needs,\u2019 he said. \u2018I\u2019ve looked at how M\u0101ori resources and library catalogue items are organised so that people can access them through databases. I\u2019ve also looked at how collections can be shaped to meet the needs of M\u0101ori, and how the library and information science curriculum can be indigenised to ensure that those attending institutions and studying for qualifications are exposed to the needs and resources of indigenous groups. It\u2019s about knowing how indigenous knowledge is organised and the different needs of indigenous peoples.\u2019<\/p>\n<\/div>\n\n\n\n<div class=\"wp-block-column is-layout-flow wp-block-column-is-layout-flow\">\n<p>Associate Professor Lilley is careful to draw the distinction between indigenisation and decolonisation in his work. \u2018The terms are sometimes used interchangeably, but I deliberately focus on the word indigenisation because one of the rationales from my perspective is that libraries and archives are colonial constructs, so it\u2019s very hard to decolonise something that was always colonial. It\u2019s better to initiate changes in that colonial structure through indigenisation than to try and decolonise something that was a colonial introduction in the first place. I\u2019m one of a handful of people in the library and information research community who are working on those sorts of issues.\u2019<\/p>\n\n\n\n<p>Currently, Associate Professor Lilley is looking at how galleries, libraries, archives and museums are assisting to revitalise te reo. This includes looking at institutions\u2019 policies, the types of activities they do, how they organise and display their resources, and what information they display with these. \u2018For example, in an art gallery, in what language is the information panel displayed with a M\u0101ori artwork? Is it in more than one language and, if so, is one more prominent than the other? The idea is to identify best practice and then, using film and still images of those best practices, make them available on a website so that other institutions can access and see examples of this best practice. It\u2019s about helping others to realise the potential that they have.\u2019<\/p>\n\n\n\n<p>Ultimately, says Associate Professor Lilley, any person wanting to engage in te reo would be able to walk into an institution and find staff there who would be able to greet them, they would be able to take a tour of the museum or the art gallery in te reo, and all the panels would be available in both languages. \u2018More of that is starting to happen \u2014 there is a lot more te reo M\u0101ori than there was 10 years ago \u2014 but for te reo to really start hitting its full revitalisation status, it needs to be taken out of the classroom and the cultural environments that you would normally find it in, such as marae or meeting places, and be expanded into everyday life. Because galleries, libraries, archives and museums get a lot of visitors, it\u2019s a place that te reo should be used, mainly because it\u2019s an official language, but also because those places have M\u0101ori resources. If you take the view that the knowledge of these resources is best communicated in the language in which they were created, it\u2019s a way that those institutions can make a strong contribution to revitalisation.\u2019<\/p>\n<\/div>\n<\/div>\n","protected":false},"excerpt":{"rendered":"<p>ASSOCIATE PROFESSOR SPENCER LILLEY Te \u0100tiawa, Mua\u016bpoko, Ng\u0101puhi Te P\u016btahi-a-Toi School of M\u0101ori Knowledge Originally a librarian, Associate Professor Spencer Lilley from Te P\u016btahi-a-Toi School of M\u0101ori Knowledge has long been committed to finding effective ways to provide information services and resources for M\u0101ori users. \u2018I developed a strong understanding about what M\u0101ori information needs &hellip; <a href=\"https:\/\/sites.massey.ac.nz\/rangahau2020\/our-research-stories\/te-reo-in-the-library\/\" class=\"more-link\">Continue reading <span class=\"screen-reader-text\">Te reo in the library<\/span> <span class=\"meta-nav\">&rarr;<\/span><\/a><\/p>\n","protected":false},"author":167,"featured_media":428,"parent":112,"menu_order":20,"comment_status":"closed","ping_status":"closed","template":"","meta":{"footnotes":""},"class_list":["post-84","page","type-page","status-publish","has-post-thumbnail","hentry"],"_links":{"self":[{"href":"https:\/\/sites.massey.ac.nz\/rangahau2020\/wp-json\/wp\/v2\/pages\/84","targetHints":{"allow":["GET"]}}],"collection":[{"href":"https:\/\/sites.massey.ac.nz\/rangahau2020\/wp-json\/wp\/v2\/pages"}],"about":[{"href":"https:\/\/sites.massey.ac.nz\/rangahau2020\/wp-json\/wp\/v2\/types\/page"}],"author":[{"embeddable":true,"href":"https:\/\/sites.massey.ac.nz\/rangahau2020\/wp-json\/wp\/v2\/users\/167"}],"replies":[{"embeddable":true,"href":"https:\/\/sites.massey.ac.nz\/rangahau2020\/wp-json\/wp\/v2\/comments?post=84"}],"version-history":[{"count":0,"href":"https:\/\/sites.massey.ac.nz\/rangahau2020\/wp-json\/wp\/v2\/pages\/84\/revisions"}],"up":[{"embeddable":true,"href":"https:\/\/sites.massey.ac.nz\/rangahau2020\/wp-json\/wp\/v2\/pages\/112"}],"wp:featuredmedia":[{"embeddable":true,"href":"https:\/\/sites.massey.ac.nz\/rangahau2020\/wp-json\/wp\/v2\/media\/428"}],"wp:attachment":[{"href":"https:\/\/sites.massey.ac.nz\/rangahau2020\/wp-json\/wp\/v2\/media?parent=84"}],"curies":[{"name":"wp","href":"https:\/\/api.w.org\/{rel}","templated":true}]}}