{"id":1604,"date":"2021-05-12T11:52:56","date_gmt":"2021-05-11T23:52:56","guid":{"rendered":"http:\/\/sites.massey.ac.nz\/teaurangahau\/?page_id=1604"},"modified":"2021-05-12T12:42:37","modified_gmt":"2021-05-12T00:42:37","slug":"the-mental-relational-psychological-and-spiritual-wellbeing-of-maori-during-and-post-lockdown","status":"publish","type":"page","link":"https:\/\/sites.massey.ac.nz\/teaurangahau\/about-te-au-rangahau\/nga-panui-projects\/whai-hua-society\/the-mental-relational-psychological-and-spiritual-wellbeing-of-maori-during-and-post-lockdown\/","title":{"rendered":"The mental, relational, psychological, and spiritual wellbeing of M\u0101ori during and post-lockdown"},"content":{"rendered":"\n<p>12\/17\/2020&nbsp;to&nbsp;06\/30\/2021<\/p>\n\n\n\n<p><a href=\"http:\/\/www.maramatanga.co.nz\/project\/mental-relational-psychological-and-spiritual-wellbeing-m-ori-during-and-post-lockdown-0\" target=\"_blank\" rel=\"noreferrer noopener\">A NG\u0100 PAE O TE M\u0100RAMATANGA COVID project<\/a><\/p>\n\n\n\n<figure class=\"wp-block-image size-large\"><img loading=\"lazy\" decoding=\"async\" width=\"1024\" height=\"245\" src=\"http:\/\/sites.massey.ac.nz\/teaurangahau\/wp-content\/uploads\/sites\/53\/2021\/05\/collage_0-1024x245.jpg\" alt=\"\" class=\"wp-image-1630\" srcset=\"https:\/\/sites.massey.ac.nz\/teaurangahau\/wp-content\/uploads\/sites\/53\/2021\/05\/collage_0-1024x245.jpg 1024w, https:\/\/sites.massey.ac.nz\/teaurangahau\/wp-content\/uploads\/sites\/53\/2021\/05\/collage_0-300x72.jpg 300w, https:\/\/sites.massey.ac.nz\/teaurangahau\/wp-content\/uploads\/sites\/53\/2021\/05\/collage_0-768x184.jpg 768w, https:\/\/sites.massey.ac.nz\/teaurangahau\/wp-content\/uploads\/sites\/53\/2021\/05\/collage_0-1536x368.jpg 1536w, https:\/\/sites.massey.ac.nz\/teaurangahau\/wp-content\/uploads\/sites\/53\/2021\/05\/collage_0-2048x491.jpg 2048w\" sizes=\"auto, (max-width: 767px) 89vw, (max-width: 1000px) 54vw, (max-width: 1071px) 543px, 580px\" \/><\/figure>\n\n\n\n<p>New research analyses the mental, relational, psychological, and spiritual wellbeing of over 3000 M\u0101ori during and post-lockdown through Te Rangahau o Te Tuakiri M\u0101ori me Ng\u0101 Waiaro \u0101-P\u016btea | The M\u0101ori Identity and Financial Attitudes Study (MIFAS).<\/p>\n\n\n\n<p>Duing Round 2 Te Rangahau o Te Tuakiri M\u0101ori me Ng\u0101 Waiaro \u0101-P\u016btea | The M\u0101ori Identity and Financial Attitudes Study (MIFAS) (between April- November 2020) we took the opportunity to include further questions to specifically explore the impact of the COVID-19 lockdown on M\u0101ori.&nbsp; This was a unique opportunity to capture large-scale dataset to understand the experience of M\u0101ori. The data gathered includes details of what was happening in people\u2019s homes and lives over this unprecedented time in our history.&nbsp;&nbsp; The primary goal of this project is complete the analyses of qualitative data (hand-written and typed answers to open-ended questions) completed by 3116 MIFAS participants. Data generated from these analyses will be used to create data visualisations that convey large amounts of information that can be used for a variety of purposes. These data will be shared via our (the applicant\u2019s) research and community networks, as well as on social media.<\/p>\n\n\n\n<p><strong>THE RESEARCH TEAM<br>Associate Professor Carla Houkamau (Ng\u0101ti Porou, Ng\u0101ti Kahungunu, Ng\u0101i Tahu)<\/strong>&nbsp;is an Associate Professor in the Department of Management and International Business, the Director of the Mira Sz\u00e1szy Research Centre for M\u0101ori and Pacific Economic Development. Carla is of&nbsp;Ng\u0101ti Porou,&nbsp;Ng\u0101ti Kahungunu,&nbsp;Ng\u0101i Tahu and&nbsp;P\u0101keh\u0101 descent. She&nbsp;holds a&nbsp;deep personal interest in the history of M\u0101ori-P\u0101keh\u0101 relations and how M\u0101ori culture and identity remain resilient in contemporary New Zealand society. Carla leads Te Rangahau o Te Tuakiri M\u0101ori me Ng\u0101 Waiaro \u0101-P\u016btea | The M\u0101ori Identity and Financial Attitudes Study.<\/p>\n\n\n\n<p><strong>Professor Chris Sibley (P\u0101keh\u0101)<\/strong>&nbsp;is a&nbsp;Professor in the School of Psychology at the University of Auckland. Chris founded&nbsp;the New Zealand Attitudes and Values Study (NZAVS) in 2009. The NZAVS&nbsp;is a nationally representative 20-year longitudinal study that assesses change and stability in the personality, social attitudes, values and health outcomes of roughly 20,000 New Zealanders each year.<\/p>\n\n\n\n<p><strong>Dr Jamie Newth (Ng\u0101puhi)&nbsp;<\/strong>completed a Master of Commerce at the University of Auckland Business School and worked as an independent consultant before embarking on a PhD. Jamie is particularly interested in innovation within social entrepreneurship. Jamie is also the CEO of Soul Capital, which invests in social enterprises and social business in Aotearoa New Zealand.<\/p>\n\n\n\n<p><strong>Dr Kiri Dell (Ng\u0101ti Porou)<\/strong>&nbsp;Kiri is a lecturer in property in the Faculty of Business and Economics at the University of Auckland. Kiri has a passion for M\u0101ori land issues, M\u0101ori entrepreneurship and business development. Kiri holds a number of leadership roles within the University and throughout indigenous business networks including: Director 2018 University of Auckland Business School M\u0101ori and Pacific student Tuakana programme and Co-chair Native and Indigenous Caucus for Academy of Management.<\/p>\n\n\n\n<p><strong>Dr Jason Paul Mika (T\u016bhoe, Ng\u0101ti Awa, Whakat\u014dhea, Ng\u0101ti Kahungunu)&nbsp;<\/strong>Jason is an Indigenous entrepreneurship researcher from Massey University\u2019s School of Management in Palmerston North. He is the Co-director, Te Au Rangahau, M\u0101ori Business &amp; Leadership Research Centre, Massey Business School. Jason is a Fulbright scholar in the US from August 2019 to January 2020.<\/p>\n","protected":false},"excerpt":{"rendered":"<p>12\/17\/2020&nbsp;to&nbsp;06\/30\/2021 A NG\u0100 PAE O TE M\u0100RAMATANGA COVID project New research analyses the mental, relational, psychological, and spiritual wellbeing of over 3000 M\u0101ori during and post-lockdown through Te Rangahau o Te Tuakiri M\u0101ori me Ng\u0101 Waiaro \u0101-P\u016btea | The M\u0101ori Identity and Financial Attitudes Study (MIFAS). Duing Round 2 Te Rangahau o Te Tuakiri M\u0101ori &hellip; <\/p>\n<p class=\"link-more\"><a href=\"https:\/\/sites.massey.ac.nz\/teaurangahau\/about-te-au-rangahau\/nga-panui-projects\/whai-hua-society\/the-mental-relational-psychological-and-spiritual-wellbeing-of-maori-during-and-post-lockdown\/\" class=\"more-link\">Continue reading<span class=\"screen-reader-text\"> &#8220;The mental, relational, psychological, and spiritual wellbeing of M\u0101ori during and post-lockdown&#8221;<\/span><\/a><\/p>\n","protected":false},"author":122,"featured_media":0,"parent":89,"menu_order":0,"comment_status":"closed","ping_status":"closed","template":"","meta":{"footnotes":""},"class_list":["post-1604","page","type-page","status-publish","hentry"],"yoast_head":"<!-- This site is optimized with the Yoast SEO plugin v27.2 - https:\/\/yoast.com\/product\/yoast-seo-wordpress\/ -->\n<title>The mental, relational, psychological, and spiritual wellbeing of M\u0101ori during and post-lockdown - Te Au Rangahau | M\u0101ori Business Research<\/title>\n<meta name=\"robots\" content=\"index, follow, max-snippet:-1, max-image-preview:large, max-video-preview:-1\" \/>\n<link rel=\"canonical\" href=\"https:\/\/sites.massey.ac.nz\/teaurangahau\/about-te-au-rangahau\/nga-panui-projects\/whai-hua-society\/the-mental-relational-psychological-and-spiritual-wellbeing-of-maori-during-and-post-lockdown\/\" \/>\n<meta property=\"og:locale\" content=\"en_US\" \/>\n<meta property=\"og:type\" content=\"article\" \/>\n<meta property=\"og:title\" content=\"The mental, relational, psychological, and spiritual wellbeing of M\u0101ori during and post-lockdown - Te Au Rangahau | M\u0101ori Business Research\" \/>\n<meta property=\"og:description\" content=\"12\/17\/2020&nbsp;to&nbsp;06\/30\/2021 A NG\u0100 PAE O TE M\u0100RAMATANGA COVID project New research analyses the mental, relational, psychological, and spiritual wellbeing of over 3000 M\u0101ori during and post-lockdown through Te Rangahau o Te Tuakiri M\u0101ori me Ng\u0101 Waiaro \u0101-P\u016btea | The M\u0101ori Identity and Financial Attitudes Study (MIFAS). Duing Round 2 Te Rangahau o Te Tuakiri M\u0101ori &hellip; Continue reading &quot;The mental, relational, psychological, and spiritual wellbeing of M\u0101ori during and post-lockdown&quot;\" \/>\n<meta property=\"og:url\" content=\"https:\/\/sites.massey.ac.nz\/teaurangahau\/about-te-au-rangahau\/nga-panui-projects\/whai-hua-society\/the-mental-relational-psychological-and-spiritual-wellbeing-of-maori-during-and-post-lockdown\/\" \/>\n<meta property=\"og:site_name\" content=\"Te Au Rangahau | M\u0101ori Business Research\" \/>\n<meta property=\"article:modified_time\" content=\"2021-05-12T00:42:37+00:00\" \/>\n<meta property=\"og:image\" content=\"http:\/\/sites.massey.ac.nz\/teaurangahau\/wp-content\/uploads\/sites\/53\/2021\/05\/collage_0-1024x245.jpg\" \/>\n<meta name=\"twitter:card\" content=\"summary_large_image\" \/>\n<meta name=\"twitter:label1\" content=\"Est. reading time\" \/>\n\t<meta name=\"twitter:data1\" content=\"3 minutes\" \/>\n<script type=\"application\/ld+json\" class=\"yoast-schema-graph\">{\"@context\":\"https:\/\/schema.org\",\"@graph\":[{\"@type\":\"WebPage\",\"@id\":\"https:\/\/sites.massey.ac.nz\/teaurangahau\/about-te-au-rangahau\/nga-panui-projects\/whai-hua-society\/the-mental-relational-psychological-and-spiritual-wellbeing-of-maori-during-and-post-lockdown\/\",\"url\":\"https:\/\/sites.massey.ac.nz\/teaurangahau\/about-te-au-rangahau\/nga-panui-projects\/whai-hua-society\/the-mental-relational-psychological-and-spiritual-wellbeing-of-maori-during-and-post-lockdown\/\",\"name\":\"The mental, relational, psychological, and spiritual wellbeing of M\u0101ori during and post-lockdown - Te Au Rangahau | M\u0101ori Business Research\",\"isPartOf\":{\"@id\":\"https:\/\/sites.massey.ac.nz\/teaurangahau\/#website\"},\"primaryImageOfPage\":{\"@id\":\"https:\/\/sites.massey.ac.nz\/teaurangahau\/about-te-au-rangahau\/nga-panui-projects\/whai-hua-society\/the-mental-relational-psychological-and-spiritual-wellbeing-of-maori-during-and-post-lockdown\/#primaryimage\"},\"image\":{\"@id\":\"https:\/\/sites.massey.ac.nz\/teaurangahau\/about-te-au-rangahau\/nga-panui-projects\/whai-hua-society\/the-mental-relational-psychological-and-spiritual-wellbeing-of-maori-during-and-post-lockdown\/#primaryimage\"},\"thumbnailUrl\":\"http:\/\/sites.massey.ac.nz\/teaurangahau\/wp-content\/uploads\/sites\/53\/2021\/05\/collage_0-1024x245.jpg\",\"datePublished\":\"2021-05-11T23:52:56+00:00\",\"dateModified\":\"2021-05-12T00:42:37+00:00\",\"breadcrumb\":{\"@id\":\"https:\/\/sites.massey.ac.nz\/teaurangahau\/about-te-au-rangahau\/nga-panui-projects\/whai-hua-society\/the-mental-relational-psychological-and-spiritual-wellbeing-of-maori-during-and-post-lockdown\/#breadcrumb\"},\"inLanguage\":\"en-NZ\",\"potentialAction\":[{\"@type\":\"ReadAction\",\"target\":[\"https:\/\/sites.massey.ac.nz\/teaurangahau\/about-te-au-rangahau\/nga-panui-projects\/whai-hua-society\/the-mental-relational-psychological-and-spiritual-wellbeing-of-maori-during-and-post-lockdown\/\"]}]},{\"@type\":\"ImageObject\",\"inLanguage\":\"en-NZ\",\"@id\":\"https:\/\/sites.massey.ac.nz\/teaurangahau\/about-te-au-rangahau\/nga-panui-projects\/whai-hua-society\/the-mental-relational-psychological-and-spiritual-wellbeing-of-maori-during-and-post-lockdown\/#primaryimage\",\"url\":\"http:\/\/sites.massey.ac.nz\/teaurangahau\/wp-content\/uploads\/sites\/53\/2021\/05\/collage_0-1024x245.jpg\",\"contentUrl\":\"http:\/\/sites.massey.ac.nz\/teaurangahau\/wp-content\/uploads\/sites\/53\/2021\/05\/collage_0-1024x245.jpg\"},{\"@type\":\"BreadcrumbList\",\"@id\":\"https:\/\/sites.massey.ac.nz\/teaurangahau\/about-te-au-rangahau\/nga-panui-projects\/whai-hua-society\/the-mental-relational-psychological-and-spiritual-wellbeing-of-maori-during-and-post-lockdown\/#breadcrumb\",\"itemListElement\":[{\"@type\":\"ListItem\",\"position\":1,\"name\":\"Home\",\"item\":\"https:\/\/sites.massey.ac.nz\/teaurangahau\/\"},{\"@type\":\"ListItem\",\"position\":2,\"name\":\"Ng\u0101 rangahau | Our projects\",\"item\":\"https:\/\/sites.massey.ac.nz\/teaurangahau\/about-te-au-rangahau\/nga-panui-projects\/\"},{\"@type\":\"ListItem\",\"position\":3,\"name\":\"Whai Hua | Society\",\"item\":\"https:\/\/sites.massey.ac.nz\/teaurangahau\/about-te-au-rangahau\/nga-panui-projects\/whai-hua-society\/\"},{\"@type\":\"ListItem\",\"position\":4,\"name\":\"The mental, relational, psychological, and spiritual wellbeing of M\u0101ori during and post-lockdown\"}]},{\"@type\":\"WebSite\",\"@id\":\"https:\/\/sites.massey.ac.nz\/teaurangahau\/#website\",\"url\":\"https:\/\/sites.massey.ac.nz\/teaurangahau\/\",\"name\":\"Te Au Rangahau | M\u0101ori Business Research\",\"description\":\"Advancing knowledge for a prosperous and sustainable M\u0101ori economy\",\"publisher\":{\"@id\":\"https:\/\/sites.massey.ac.nz\/teaurangahau\/#organization\"},\"potentialAction\":[{\"@type\":\"SearchAction\",\"target\":{\"@type\":\"EntryPoint\",\"urlTemplate\":\"https:\/\/sites.massey.ac.nz\/teaurangahau\/?s={search_term_string}\"},\"query-input\":{\"@type\":\"PropertyValueSpecification\",\"valueRequired\":true,\"valueName\":\"search_term_string\"}}],\"inLanguage\":\"en-NZ\"},{\"@type\":\"Organization\",\"@id\":\"https:\/\/sites.massey.ac.nz\/teaurangahau\/#organization\",\"name\":\"Te Au Rangahau | M\u0101ori Business Research\",\"url\":\"https:\/\/sites.massey.ac.nz\/teaurangahau\/\",\"logo\":{\"@type\":\"ImageObject\",\"inLanguage\":\"en-NZ\",\"@id\":\"https:\/\/sites.massey.ac.nz\/teaurangahau\/#\/schema\/logo\/image\/\",\"url\":\"https:\/\/sites.massey.ac.nz\/teaurangahau\/wp-content\/uploads\/sites\/53\/2020\/09\/cropped-Colour-Logo-Cropped.png\",\"contentUrl\":\"https:\/\/sites.massey.ac.nz\/teaurangahau\/wp-content\/uploads\/sites\/53\/2020\/09\/cropped-Colour-Logo-Cropped.png\",\"width\":683,\"height\":250,\"caption\":\"Te Au Rangahau | M\u0101ori Business Research\"},\"image\":{\"@id\":\"https:\/\/sites.massey.ac.nz\/teaurangahau\/#\/schema\/logo\/image\/\"}}]}<\/script>\n<!-- \/ Yoast SEO plugin. -->","yoast_head_json":{"title":"The mental, relational, psychological, and spiritual wellbeing of M\u0101ori during and post-lockdown - Te Au Rangahau | M\u0101ori Business Research","robots":{"index":"index","follow":"follow","max-snippet":"max-snippet:-1","max-image-preview":"max-image-preview:large","max-video-preview":"max-video-preview:-1"},"canonical":"https:\/\/sites.massey.ac.nz\/teaurangahau\/about-te-au-rangahau\/nga-panui-projects\/whai-hua-society\/the-mental-relational-psychological-and-spiritual-wellbeing-of-maori-during-and-post-lockdown\/","og_locale":"en_US","og_type":"article","og_title":"The mental, relational, psychological, and spiritual wellbeing of M\u0101ori during and post-lockdown - Te Au Rangahau | M\u0101ori Business Research","og_description":"12\/17\/2020&nbsp;to&nbsp;06\/30\/2021 A NG\u0100 PAE O TE M\u0100RAMATANGA COVID project New research analyses the mental, relational, psychological, and spiritual wellbeing of over 3000 M\u0101ori during and post-lockdown through Te Rangahau o Te Tuakiri M\u0101ori me Ng\u0101 Waiaro \u0101-P\u016btea | The M\u0101ori Identity and Financial Attitudes Study (MIFAS). Duing Round 2 Te Rangahau o Te Tuakiri M\u0101ori &hellip; Continue reading \"The mental, relational, psychological, and spiritual wellbeing of M\u0101ori during and post-lockdown\"","og_url":"https:\/\/sites.massey.ac.nz\/teaurangahau\/about-te-au-rangahau\/nga-panui-projects\/whai-hua-society\/the-mental-relational-psychological-and-spiritual-wellbeing-of-maori-during-and-post-lockdown\/","og_site_name":"Te Au Rangahau | M\u0101ori Business Research","article_modified_time":"2021-05-12T00:42:37+00:00","og_image":[{"url":"http:\/\/sites.massey.ac.nz\/teaurangahau\/wp-content\/uploads\/sites\/53\/2021\/05\/collage_0-1024x245.jpg","type":"","width":"","height":""}],"twitter_card":"summary_large_image","twitter_misc":{"Est. reading time":"3 minutes"},"schema":{"@context":"https:\/\/schema.org","@graph":[{"@type":"WebPage","@id":"https:\/\/sites.massey.ac.nz\/teaurangahau\/about-te-au-rangahau\/nga-panui-projects\/whai-hua-society\/the-mental-relational-psychological-and-spiritual-wellbeing-of-maori-during-and-post-lockdown\/","url":"https:\/\/sites.massey.ac.nz\/teaurangahau\/about-te-au-rangahau\/nga-panui-projects\/whai-hua-society\/the-mental-relational-psychological-and-spiritual-wellbeing-of-maori-during-and-post-lockdown\/","name":"The mental, relational, psychological, and spiritual wellbeing of M\u0101ori during and post-lockdown - Te Au Rangahau | M\u0101ori Business Research","isPartOf":{"@id":"https:\/\/sites.massey.ac.nz\/teaurangahau\/#website"},"primaryImageOfPage":{"@id":"https:\/\/sites.massey.ac.nz\/teaurangahau\/about-te-au-rangahau\/nga-panui-projects\/whai-hua-society\/the-mental-relational-psychological-and-spiritual-wellbeing-of-maori-during-and-post-lockdown\/#primaryimage"},"image":{"@id":"https:\/\/sites.massey.ac.nz\/teaurangahau\/about-te-au-rangahau\/nga-panui-projects\/whai-hua-society\/the-mental-relational-psychological-and-spiritual-wellbeing-of-maori-during-and-post-lockdown\/#primaryimage"},"thumbnailUrl":"http:\/\/sites.massey.ac.nz\/teaurangahau\/wp-content\/uploads\/sites\/53\/2021\/05\/collage_0-1024x245.jpg","datePublished":"2021-05-11T23:52:56+00:00","dateModified":"2021-05-12T00:42:37+00:00","breadcrumb":{"@id":"https:\/\/sites.massey.ac.nz\/teaurangahau\/about-te-au-rangahau\/nga-panui-projects\/whai-hua-society\/the-mental-relational-psychological-and-spiritual-wellbeing-of-maori-during-and-post-lockdown\/#breadcrumb"},"inLanguage":"en-NZ","potentialAction":[{"@type":"ReadAction","target":["https:\/\/sites.massey.ac.nz\/teaurangahau\/about-te-au-rangahau\/nga-panui-projects\/whai-hua-society\/the-mental-relational-psychological-and-spiritual-wellbeing-of-maori-during-and-post-lockdown\/"]}]},{"@type":"ImageObject","inLanguage":"en-NZ","@id":"https:\/\/sites.massey.ac.nz\/teaurangahau\/about-te-au-rangahau\/nga-panui-projects\/whai-hua-society\/the-mental-relational-psychological-and-spiritual-wellbeing-of-maori-during-and-post-lockdown\/#primaryimage","url":"http:\/\/sites.massey.ac.nz\/teaurangahau\/wp-content\/uploads\/sites\/53\/2021\/05\/collage_0-1024x245.jpg","contentUrl":"http:\/\/sites.massey.ac.nz\/teaurangahau\/wp-content\/uploads\/sites\/53\/2021\/05\/collage_0-1024x245.jpg"},{"@type":"BreadcrumbList","@id":"https:\/\/sites.massey.ac.nz\/teaurangahau\/about-te-au-rangahau\/nga-panui-projects\/whai-hua-society\/the-mental-relational-psychological-and-spiritual-wellbeing-of-maori-during-and-post-lockdown\/#breadcrumb","itemListElement":[{"@type":"ListItem","position":1,"name":"Home","item":"https:\/\/sites.massey.ac.nz\/teaurangahau\/"},{"@type":"ListItem","position":2,"name":"Ng\u0101 rangahau | Our projects","item":"https:\/\/sites.massey.ac.nz\/teaurangahau\/about-te-au-rangahau\/nga-panui-projects\/"},{"@type":"ListItem","position":3,"name":"Whai Hua | Society","item":"https:\/\/sites.massey.ac.nz\/teaurangahau\/about-te-au-rangahau\/nga-panui-projects\/whai-hua-society\/"},{"@type":"ListItem","position":4,"name":"The mental, relational, psychological, and spiritual wellbeing of M\u0101ori during and post-lockdown"}]},{"@type":"WebSite","@id":"https:\/\/sites.massey.ac.nz\/teaurangahau\/#website","url":"https:\/\/sites.massey.ac.nz\/teaurangahau\/","name":"Te Au Rangahau | M\u0101ori Business Research","description":"Advancing knowledge for a prosperous and sustainable M\u0101ori economy","publisher":{"@id":"https:\/\/sites.massey.ac.nz\/teaurangahau\/#organization"},"potentialAction":[{"@type":"SearchAction","target":{"@type":"EntryPoint","urlTemplate":"https:\/\/sites.massey.ac.nz\/teaurangahau\/?s={search_term_string}"},"query-input":{"@type":"PropertyValueSpecification","valueRequired":true,"valueName":"search_term_string"}}],"inLanguage":"en-NZ"},{"@type":"Organization","@id":"https:\/\/sites.massey.ac.nz\/teaurangahau\/#organization","name":"Te Au Rangahau | M\u0101ori Business Research","url":"https:\/\/sites.massey.ac.nz\/teaurangahau\/","logo":{"@type":"ImageObject","inLanguage":"en-NZ","@id":"https:\/\/sites.massey.ac.nz\/teaurangahau\/#\/schema\/logo\/image\/","url":"https:\/\/sites.massey.ac.nz\/teaurangahau\/wp-content\/uploads\/sites\/53\/2020\/09\/cropped-Colour-Logo-Cropped.png","contentUrl":"https:\/\/sites.massey.ac.nz\/teaurangahau\/wp-content\/uploads\/sites\/53\/2020\/09\/cropped-Colour-Logo-Cropped.png","width":683,"height":250,"caption":"Te Au Rangahau | M\u0101ori Business Research"},"image":{"@id":"https:\/\/sites.massey.ac.nz\/teaurangahau\/#\/schema\/logo\/image\/"}}]}},"_links":{"self":[{"href":"https:\/\/sites.massey.ac.nz\/teaurangahau\/wp-json\/wp\/v2\/pages\/1604","targetHints":{"allow":["GET"]}}],"collection":[{"href":"https:\/\/sites.massey.ac.nz\/teaurangahau\/wp-json\/wp\/v2\/pages"}],"about":[{"href":"https:\/\/sites.massey.ac.nz\/teaurangahau\/wp-json\/wp\/v2\/types\/page"}],"author":[{"embeddable":true,"href":"https:\/\/sites.massey.ac.nz\/teaurangahau\/wp-json\/wp\/v2\/users\/122"}],"replies":[{"embeddable":true,"href":"https:\/\/sites.massey.ac.nz\/teaurangahau\/wp-json\/wp\/v2\/comments?post=1604"}],"version-history":[{"count":4,"href":"https:\/\/sites.massey.ac.nz\/teaurangahau\/wp-json\/wp\/v2\/pages\/1604\/revisions"}],"predecessor-version":[{"id":1631,"href":"https:\/\/sites.massey.ac.nz\/teaurangahau\/wp-json\/wp\/v2\/pages\/1604\/revisions\/1631"}],"up":[{"embeddable":true,"href":"https:\/\/sites.massey.ac.nz\/teaurangahau\/wp-json\/wp\/v2\/pages\/89"}],"wp:attachment":[{"href":"https:\/\/sites.massey.ac.nz\/teaurangahau\/wp-json\/wp\/v2\/media?parent=1604"}],"curies":[{"name":"wp","href":"https:\/\/api.w.org\/{rel}","templated":true}]}}