{"id":1751,"date":"2021-08-14T22:37:52","date_gmt":"2021-08-14T10:37:52","guid":{"rendered":"http:\/\/sites.massey.ac.nz\/teaurangahau\/?page_id=1751"},"modified":"2021-08-14T22:37:55","modified_gmt":"2021-08-14T10:37:55","slug":"bonnie-boyed-student-intern","status":"publish","type":"page","link":"https:\/\/sites.massey.ac.nz\/teaurangahau\/bonnie-boyed-student-intern\/","title":{"rendered":"Bonnie Boyed | Student intern"},"content":{"rendered":"\n<p><strong><em>Ng\u0101ti Kahu ki Whangaroa, Ng\u0101puhi, Waitaha, Te Arawa<\/em><\/strong><\/p>\n\n\n\n<figure class=\"wp-block-image size-large is-resized\"><img loading=\"lazy\" decoding=\"async\" src=\"http:\/\/sites.massey.ac.nz\/teaurangahau\/wp-content\/uploads\/sites\/53\/2021\/08\/Bonnie.jpeg\" alt=\"\" class=\"wp-image-1747\" width=\"210\" height=\"262\" srcset=\"https:\/\/sites.massey.ac.nz\/teaurangahau\/wp-content\/uploads\/sites\/53\/2021\/08\/Bonnie.jpeg 816w, https:\/\/sites.massey.ac.nz\/teaurangahau\/wp-content\/uploads\/sites\/53\/2021\/08\/Bonnie-240x300.jpeg 240w, https:\/\/sites.massey.ac.nz\/teaurangahau\/wp-content\/uploads\/sites\/53\/2021\/08\/Bonnie-768x960.jpeg 768w\" sizes=\"auto, (max-width: 210px) 100vw, 210px\" \/><\/figure>\n\n\n\n<p><strong>Student Intern | Studying a Bachelor of Communications | Majoring in Communication Management | Minoring in Expressive Arts<em>.<\/em><\/strong><\/p>\n\n\n\n<p>Kia Ora, I feel beyond privileged to be collaborating with Te Au Rangahau as the organisations very first student intern. <\/p>\n\n\n\n<p>Born and raised surrounded by tikanga M\u0101ori, I was drawn to Te Au Rangahau because a lot of the organisations\u2019 values and goals align with those of my own. <\/p>\n\n\n\n<p>Communications is the field in which I am passionate about pursuing a career, as my main aspiration\u2019s in life are; to be a voice for those who do not have one and to inspire M\u0101ori youth to pursue their passion. <\/p>\n\n\n\n<p>The knowledge, opportunities and support Te Au Rangahau offers deserves more recognition and through my expertise in communications, I will be able to contribute to their goal of interconnecting te ao M\u0101ori with the business world.<\/p>\n\n\n\n<p><strong>I value M\u0101ori entrepreneurism and innovation <\/strong>as my wh\u0101nau back home have recently commenced their own M\u0101ori owned and operated oyster farming business called \u2018<a href=\"https:\/\/www.facebook.com\/people\/Te-Puna-Inlet-oysters\/100069725305639\/\" target=\"_blank\" rel=\"noreferrer noopener\">Te Puna Inlet Oysters<\/a>\u2019. <\/p>\n\n\n\n<figure class=\"wp-block-image size-large\"><img loading=\"lazy\" decoding=\"async\" width=\"420\" height=\"336\" src=\"https:\/\/sites.massey.ac.nz\/teaurangahau\/wp-content\/uploads\/sites\/53\/2021\/08\/TPIO-Bonnie-Boyed.png\" alt=\"\" class=\"wp-image-1752\" srcset=\"https:\/\/sites.massey.ac.nz\/teaurangahau\/wp-content\/uploads\/sites\/53\/2021\/08\/TPIO-Bonnie-Boyed.png 420w, https:\/\/sites.massey.ac.nz\/teaurangahau\/wp-content\/uploads\/sites\/53\/2021\/08\/TPIO-Bonnie-Boyed-300x240.png 300w\" sizes=\"auto, (max-width: 420px) 100vw, 420px\" \/><\/figure>\n\n\n\n<p>With over 25 plus years of experience, my parents with the support of our wh\u0101nau have spent the past two years building their own oyster farm from the ground up. <\/p>\n\n\n\n<p>Centred around te ao M\u0101ori, Te Puna Inlet Oysters values the importance of kaitiakitanga, manakitanga and whanaungatanga. <\/p>\n\n\n\n<p>Through the establishment of Te Puna Inlet Oysters, my father has followed his passion, created a livelihood for our wh\u0101nau, provided job opportunities to wh\u0101nau in-need and, on top of that, his business produces some of the finest tio in New Zealand.<\/p>\n\n\n\n<p>I am a passionate communicator who values creating and maintaining strong relationships. <\/p>\n\n\n\n<p>When I am not studying, I spend my time surrounded by my wh\u0101nau and friends. I love the water and spend every opportunity I can get near the shoreline or chasing waterfalls. <\/p>\n\n\n\n<p>My expressive nature and love for creativity inspires my passion for music and performing arts. <\/p>\n\n\n\n<p>I am very fortunate to have this opportunity to contribute to Te Au Rangahau, work alongside Jason and Matt and apply my knowledge in communications to further strengthen Te Au Rangahau\u2019s communication practices.<\/p>\n\n\n\n<p>Ng\u0101 mihi,<\/p>\n\n\n\n<p>Bonnie Boyed<\/p>\n","protected":false},"excerpt":{"rendered":"<p>Ng\u0101ti Kahu ki Whangaroa, Ng\u0101puhi, Waitaha, Te Arawa Student Intern | Studying a Bachelor of Communications | Majoring in Communication Management | Minoring in Expressive Arts. Kia Ora, I feel beyond privileged to be collaborating with Te Au Rangahau as the organisations very first student intern. Born and raised surrounded by tikanga M\u0101ori, I was &hellip; <\/p>\n<p class=\"link-more\"><a href=\"https:\/\/sites.massey.ac.nz\/teaurangahau\/bonnie-boyed-student-intern\/\" class=\"more-link\">Continue reading<span class=\"screen-reader-text\"> &#8220;Bonnie Boyed | Student intern&#8221;<\/span><\/a><\/p>\n","protected":false},"author":122,"featured_media":0,"parent":0,"menu_order":0,"comment_status":"closed","ping_status":"closed","template":"","meta":{"footnotes":""},"class_list":["post-1751","page","type-page","status-publish","hentry"],"yoast_head":"<!-- This site is optimized with the Yoast SEO plugin v27.2 - https:\/\/yoast.com\/product\/yoast-seo-wordpress\/ -->\n<title>Bonnie Boyed | Student intern - Te Au Rangahau | M\u0101ori Business Research<\/title>\n<meta name=\"robots\" content=\"index, follow, max-snippet:-1, max-image-preview:large, max-video-preview:-1\" \/>\n<link rel=\"canonical\" href=\"https:\/\/sites.massey.ac.nz\/teaurangahau\/bonnie-boyed-student-intern\/\" \/>\n<meta property=\"og:locale\" content=\"en_US\" \/>\n<meta property=\"og:type\" content=\"article\" \/>\n<meta property=\"og:title\" content=\"Bonnie Boyed | Student intern - Te Au Rangahau | M\u0101ori Business Research\" \/>\n<meta property=\"og:description\" content=\"Ng\u0101ti Kahu ki Whangaroa, Ng\u0101puhi, Waitaha, Te Arawa Student Intern | Studying a Bachelor of Communications | Majoring in Communication Management | Minoring in Expressive Arts. Kia Ora, I feel beyond privileged to be collaborating with Te Au Rangahau as the organisations very first student intern. Born and raised surrounded by tikanga M\u0101ori, I was &hellip; Continue reading &quot;Bonnie Boyed | Student intern&quot;\" \/>\n<meta property=\"og:url\" content=\"https:\/\/sites.massey.ac.nz\/teaurangahau\/bonnie-boyed-student-intern\/\" \/>\n<meta property=\"og:site_name\" content=\"Te Au Rangahau | M\u0101ori Business Research\" \/>\n<meta property=\"article:modified_time\" content=\"2021-08-14T10:37:55+00:00\" \/>\n<meta property=\"og:image\" content=\"http:\/\/sites.massey.ac.nz\/teaurangahau\/wp-content\/uploads\/sites\/53\/2021\/08\/Bonnie.jpeg\" \/>\n<meta name=\"twitter:card\" content=\"summary_large_image\" \/>\n<meta name=\"twitter:label1\" content=\"Est. reading time\" \/>\n\t<meta name=\"twitter:data1\" content=\"2 minutes\" \/>\n<script type=\"application\/ld+json\" class=\"yoast-schema-graph\">{\"@context\":\"https:\/\/schema.org\",\"@graph\":[{\"@type\":\"WebPage\",\"@id\":\"https:\/\/sites.massey.ac.nz\/teaurangahau\/bonnie-boyed-student-intern\/\",\"url\":\"https:\/\/sites.massey.ac.nz\/teaurangahau\/bonnie-boyed-student-intern\/\",\"name\":\"Bonnie Boyed | Student intern - Te Au Rangahau | M\u0101ori Business Research\",\"isPartOf\":{\"@id\":\"https:\/\/sites.massey.ac.nz\/teaurangahau\/#website\"},\"primaryImageOfPage\":{\"@id\":\"https:\/\/sites.massey.ac.nz\/teaurangahau\/bonnie-boyed-student-intern\/#primaryimage\"},\"image\":{\"@id\":\"https:\/\/sites.massey.ac.nz\/teaurangahau\/bonnie-boyed-student-intern\/#primaryimage\"},\"thumbnailUrl\":\"http:\/\/sites.massey.ac.nz\/teaurangahau\/wp-content\/uploads\/sites\/53\/2021\/08\/Bonnie.jpeg\",\"datePublished\":\"2021-08-14T10:37:52+00:00\",\"dateModified\":\"2021-08-14T10:37:55+00:00\",\"breadcrumb\":{\"@id\":\"https:\/\/sites.massey.ac.nz\/teaurangahau\/bonnie-boyed-student-intern\/#breadcrumb\"},\"inLanguage\":\"en-NZ\",\"potentialAction\":[{\"@type\":\"ReadAction\",\"target\":[\"https:\/\/sites.massey.ac.nz\/teaurangahau\/bonnie-boyed-student-intern\/\"]}]},{\"@type\":\"ImageObject\",\"inLanguage\":\"en-NZ\",\"@id\":\"https:\/\/sites.massey.ac.nz\/teaurangahau\/bonnie-boyed-student-intern\/#primaryimage\",\"url\":\"https:\/\/sites.massey.ac.nz\/teaurangahau\/wp-content\/uploads\/sites\/53\/2021\/08\/Bonnie.jpeg\",\"contentUrl\":\"https:\/\/sites.massey.ac.nz\/teaurangahau\/wp-content\/uploads\/sites\/53\/2021\/08\/Bonnie.jpeg\",\"width\":816,\"height\":1020},{\"@type\":\"BreadcrumbList\",\"@id\":\"https:\/\/sites.massey.ac.nz\/teaurangahau\/bonnie-boyed-student-intern\/#breadcrumb\",\"itemListElement\":[{\"@type\":\"ListItem\",\"position\":1,\"name\":\"Home\",\"item\":\"https:\/\/sites.massey.ac.nz\/teaurangahau\/\"},{\"@type\":\"ListItem\",\"position\":2,\"name\":\"Bonnie Boyed | Student intern\"}]},{\"@type\":\"WebSite\",\"@id\":\"https:\/\/sites.massey.ac.nz\/teaurangahau\/#website\",\"url\":\"https:\/\/sites.massey.ac.nz\/teaurangahau\/\",\"name\":\"Te Au Rangahau | M\u0101ori Business Research\",\"description\":\"Advancing knowledge for a prosperous and sustainable M\u0101ori economy\",\"publisher\":{\"@id\":\"https:\/\/sites.massey.ac.nz\/teaurangahau\/#organization\"},\"potentialAction\":[{\"@type\":\"SearchAction\",\"target\":{\"@type\":\"EntryPoint\",\"urlTemplate\":\"https:\/\/sites.massey.ac.nz\/teaurangahau\/?s={search_term_string}\"},\"query-input\":{\"@type\":\"PropertyValueSpecification\",\"valueRequired\":true,\"valueName\":\"search_term_string\"}}],\"inLanguage\":\"en-NZ\"},{\"@type\":\"Organization\",\"@id\":\"https:\/\/sites.massey.ac.nz\/teaurangahau\/#organization\",\"name\":\"Te Au Rangahau | M\u0101ori Business Research\",\"url\":\"https:\/\/sites.massey.ac.nz\/teaurangahau\/\",\"logo\":{\"@type\":\"ImageObject\",\"inLanguage\":\"en-NZ\",\"@id\":\"https:\/\/sites.massey.ac.nz\/teaurangahau\/#\/schema\/logo\/image\/\",\"url\":\"https:\/\/sites.massey.ac.nz\/teaurangahau\/wp-content\/uploads\/sites\/53\/2020\/09\/cropped-Colour-Logo-Cropped.png\",\"contentUrl\":\"https:\/\/sites.massey.ac.nz\/teaurangahau\/wp-content\/uploads\/sites\/53\/2020\/09\/cropped-Colour-Logo-Cropped.png\",\"width\":683,\"height\":250,\"caption\":\"Te Au Rangahau | M\u0101ori Business Research\"},\"image\":{\"@id\":\"https:\/\/sites.massey.ac.nz\/teaurangahau\/#\/schema\/logo\/image\/\"}}]}<\/script>\n<!-- \/ Yoast SEO plugin. -->","yoast_head_json":{"title":"Bonnie Boyed | Student intern - Te Au Rangahau | M\u0101ori Business Research","robots":{"index":"index","follow":"follow","max-snippet":"max-snippet:-1","max-image-preview":"max-image-preview:large","max-video-preview":"max-video-preview:-1"},"canonical":"https:\/\/sites.massey.ac.nz\/teaurangahau\/bonnie-boyed-student-intern\/","og_locale":"en_US","og_type":"article","og_title":"Bonnie Boyed | Student intern - Te Au Rangahau | M\u0101ori Business Research","og_description":"Ng\u0101ti Kahu ki Whangaroa, Ng\u0101puhi, Waitaha, Te Arawa Student Intern | Studying a Bachelor of Communications | Majoring in Communication Management | Minoring in Expressive Arts. Kia Ora, I feel beyond privileged to be collaborating with Te Au Rangahau as the organisations very first student intern. Born and raised surrounded by tikanga M\u0101ori, I was &hellip; Continue reading \"Bonnie Boyed | Student intern\"","og_url":"https:\/\/sites.massey.ac.nz\/teaurangahau\/bonnie-boyed-student-intern\/","og_site_name":"Te Au Rangahau | M\u0101ori Business Research","article_modified_time":"2021-08-14T10:37:55+00:00","og_image":[{"url":"http:\/\/sites.massey.ac.nz\/teaurangahau\/wp-content\/uploads\/sites\/53\/2021\/08\/Bonnie.jpeg","type":"","width":"","height":""}],"twitter_card":"summary_large_image","twitter_misc":{"Est. reading time":"2 minutes"},"schema":{"@context":"https:\/\/schema.org","@graph":[{"@type":"WebPage","@id":"https:\/\/sites.massey.ac.nz\/teaurangahau\/bonnie-boyed-student-intern\/","url":"https:\/\/sites.massey.ac.nz\/teaurangahau\/bonnie-boyed-student-intern\/","name":"Bonnie Boyed | Student intern - Te Au Rangahau | M\u0101ori Business Research","isPartOf":{"@id":"https:\/\/sites.massey.ac.nz\/teaurangahau\/#website"},"primaryImageOfPage":{"@id":"https:\/\/sites.massey.ac.nz\/teaurangahau\/bonnie-boyed-student-intern\/#primaryimage"},"image":{"@id":"https:\/\/sites.massey.ac.nz\/teaurangahau\/bonnie-boyed-student-intern\/#primaryimage"},"thumbnailUrl":"http:\/\/sites.massey.ac.nz\/teaurangahau\/wp-content\/uploads\/sites\/53\/2021\/08\/Bonnie.jpeg","datePublished":"2021-08-14T10:37:52+00:00","dateModified":"2021-08-14T10:37:55+00:00","breadcrumb":{"@id":"https:\/\/sites.massey.ac.nz\/teaurangahau\/bonnie-boyed-student-intern\/#breadcrumb"},"inLanguage":"en-NZ","potentialAction":[{"@type":"ReadAction","target":["https:\/\/sites.massey.ac.nz\/teaurangahau\/bonnie-boyed-student-intern\/"]}]},{"@type":"ImageObject","inLanguage":"en-NZ","@id":"https:\/\/sites.massey.ac.nz\/teaurangahau\/bonnie-boyed-student-intern\/#primaryimage","url":"https:\/\/sites.massey.ac.nz\/teaurangahau\/wp-content\/uploads\/sites\/53\/2021\/08\/Bonnie.jpeg","contentUrl":"https:\/\/sites.massey.ac.nz\/teaurangahau\/wp-content\/uploads\/sites\/53\/2021\/08\/Bonnie.jpeg","width":816,"height":1020},{"@type":"BreadcrumbList","@id":"https:\/\/sites.massey.ac.nz\/teaurangahau\/bonnie-boyed-student-intern\/#breadcrumb","itemListElement":[{"@type":"ListItem","position":1,"name":"Home","item":"https:\/\/sites.massey.ac.nz\/teaurangahau\/"},{"@type":"ListItem","position":2,"name":"Bonnie Boyed | Student intern"}]},{"@type":"WebSite","@id":"https:\/\/sites.massey.ac.nz\/teaurangahau\/#website","url":"https:\/\/sites.massey.ac.nz\/teaurangahau\/","name":"Te Au Rangahau | M\u0101ori Business Research","description":"Advancing knowledge for a prosperous and sustainable M\u0101ori economy","publisher":{"@id":"https:\/\/sites.massey.ac.nz\/teaurangahau\/#organization"},"potentialAction":[{"@type":"SearchAction","target":{"@type":"EntryPoint","urlTemplate":"https:\/\/sites.massey.ac.nz\/teaurangahau\/?s={search_term_string}"},"query-input":{"@type":"PropertyValueSpecification","valueRequired":true,"valueName":"search_term_string"}}],"inLanguage":"en-NZ"},{"@type":"Organization","@id":"https:\/\/sites.massey.ac.nz\/teaurangahau\/#organization","name":"Te Au Rangahau | M\u0101ori Business Research","url":"https:\/\/sites.massey.ac.nz\/teaurangahau\/","logo":{"@type":"ImageObject","inLanguage":"en-NZ","@id":"https:\/\/sites.massey.ac.nz\/teaurangahau\/#\/schema\/logo\/image\/","url":"https:\/\/sites.massey.ac.nz\/teaurangahau\/wp-content\/uploads\/sites\/53\/2020\/09\/cropped-Colour-Logo-Cropped.png","contentUrl":"https:\/\/sites.massey.ac.nz\/teaurangahau\/wp-content\/uploads\/sites\/53\/2020\/09\/cropped-Colour-Logo-Cropped.png","width":683,"height":250,"caption":"Te Au Rangahau | M\u0101ori Business Research"},"image":{"@id":"https:\/\/sites.massey.ac.nz\/teaurangahau\/#\/schema\/logo\/image\/"}}]}},"_links":{"self":[{"href":"https:\/\/sites.massey.ac.nz\/teaurangahau\/wp-json\/wp\/v2\/pages\/1751","targetHints":{"allow":["GET"]}}],"collection":[{"href":"https:\/\/sites.massey.ac.nz\/teaurangahau\/wp-json\/wp\/v2\/pages"}],"about":[{"href":"https:\/\/sites.massey.ac.nz\/teaurangahau\/wp-json\/wp\/v2\/types\/page"}],"author":[{"embeddable":true,"href":"https:\/\/sites.massey.ac.nz\/teaurangahau\/wp-json\/wp\/v2\/users\/122"}],"replies":[{"embeddable":true,"href":"https:\/\/sites.massey.ac.nz\/teaurangahau\/wp-json\/wp\/v2\/comments?post=1751"}],"version-history":[{"count":1,"href":"https:\/\/sites.massey.ac.nz\/teaurangahau\/wp-json\/wp\/v2\/pages\/1751\/revisions"}],"predecessor-version":[{"id":1754,"href":"https:\/\/sites.massey.ac.nz\/teaurangahau\/wp-json\/wp\/v2\/pages\/1751\/revisions\/1754"}],"wp:attachment":[{"href":"https:\/\/sites.massey.ac.nz\/teaurangahau\/wp-json\/wp\/v2\/media?parent=1751"}],"curies":[{"name":"wp","href":"https:\/\/api.w.org\/{rel}","templated":true}]}}