{"id":246,"date":"2020-06-25T01:10:11","date_gmt":"2020-06-25T01:10:11","guid":{"rendered":"http:\/\/sites.massey.ac.nz\/teaurangahau\/?page_id=246"},"modified":"2020-08-19T21:50:42","modified_gmt":"2020-08-19T21:50:42","slug":"creating-a-world-leading-indigenous-blue-economy","status":"publish","type":"page","link":"https:\/\/sites.massey.ac.nz\/teaurangahau\/about-te-au-rangahau\/nga-panui-projects\/whai-rawa-economy\/creating-a-world-leading-indigenous-blue-economy\/","title":{"rendered":"Creating a world-leading indigenous blue economy"},"content":{"rendered":"\n<h2 class=\"wp-block-heading\">This research built a foundation for a world-leading indigenous blue economy in Aotearoa New Zealand<\/h2>\n\n\n\n<div class=\"wp-block-columns has-background has-cyan-bluish-gray-background-color is-layout-flex wp-container-core-columns-is-layout-9d6595d7 wp-block-columns-is-layout-flex\">\n<div class=\"wp-block-column is-layout-flow wp-block-column-is-layout-flow\" style=\"flex-basis:66.66%\">\n<h4 class=\"wp-block-heading\">Project leaders<\/h4>\n\n\n\n<p>Dr Jason Mika, Massey University and Dr John Reid, University of Canterbury<\/p>\n<\/div>\n\n\n\n<div class=\"wp-block-column is-layout-flow wp-block-column-is-layout-flow\" style=\"flex-basis:33.34%\"><\/div>\n<\/div>\n\n\n\n<div class=\"wp-block-columns has-background has-cyan-bluish-gray-background-color is-layout-flex wp-container-core-columns-is-layout-9d6595d7 wp-block-columns-is-layout-flex\">\n<div class=\"wp-block-column is-layout-flow wp-block-column-is-layout-flow\">\n<h4 class=\"wp-block-heading\">Duration<\/h4>\n\n\n\n<p>February 2018 \u2013 June 2019<\/p>\n<\/div>\n\n\n\n<div class=\"wp-block-column is-layout-flow wp-block-column-is-layout-flow\">\n<h4 class=\"wp-block-heading\">Budget<\/h4>\n\n\n\n<p>$500,000<\/p>\n<\/div>\n\n\n\n<div class=\"wp-block-column is-layout-flow wp-block-column-is-layout-flow\">\n<h4 class=\"wp-block-heading\">Status<\/h4>\n\n\n\n<p>Completed<\/p>\n<\/div>\n<\/div>\n\n\n\n<p>M\u0101ori businesses are on track to be the largest commercial interest in Aotearoa New Zealand fisheries. M\u0101ori also have growing customary property rights and governing authority in the management of marine areas. We explored regulatory and policy tools to embed m\u0101tauranga M\u0101ori in sustainable commercial and customary fishing activities.<\/p>\n\n\n\n<p>In this project, we examined existing models and frameworks of m\u0101tauranga M\u0101ori used in the management of the marine ecosystem and economy. We analysed hap\u016b and iwi approaches to integrated management and identified the structures and operating principles of M\u0101ori marine organisations.<\/p>\n\n\n\n<p>Our research aimed to:<\/p>\n\n\n\n<ul class=\"wp-block-list\"><li>Identify policy and regulatory tools that foster marine ecosystem and economic management, and reflect M\u0101ori knowledge systems, values frameworks and operating principles<\/li><li>Develop kaitiaki business models that embed M\u0101ori commercial activity within sustainable ecosystem processes<\/li><li>Integrate kaitiaki business models with frameworks for the development of sustainability tracing and authentication systems that will capture premium for M\u0101ori marine products<\/li><li>Support the commercialisation, extension or adoption of M\u0101ori marine management ideas, processes, and products that support economic and ecological development for marine resources and communities.<\/li><\/ul>\n\n\n\n<figure class=\"wp-block-embed-youtube wp-block-embed is-type-video is-provider-youtube wp-embed-aspect-16-9 wp-has-aspect-ratio\"><div class=\"wp-block-embed__wrapper\">\n<iframe loading=\"lazy\" title=\"NZ Maritime Museum talk: The M\u0101ori marine economy (Jason Mika)\" width=\"525\" height=\"295\" src=\"https:\/\/www.youtube.com\/embed\/xQS5hLkG9hk?feature=oembed\" frameborder=\"0\" allow=\"accelerometer; autoplay; clipboard-write; encrypted-media; gyroscope; picture-in-picture; web-share\" referrerpolicy=\"strict-origin-when-cross-origin\" allowfullscreen><\/iframe>\n<\/div><\/figure>\n\n\n\n<div class=\"wp-block-buttons is-layout-flex wp-block-buttons-is-layout-flex\">\n<div class=\"wp-block-button\"><a class=\"wp-block-button__link\" href=\"https:\/\/www.sustainableseaschallenge.co.nz\/our-research\/whai-rawa-whai-mana-whai-oranga-creating-a-world-leading-indigenous-blue-economy\/\" target=\"_blank\" rel=\"noreferrer noopener\">More information<\/a><\/div>\n<\/div>\n\n\n\n<p><\/p>\n","protected":false},"excerpt":{"rendered":"<p>M\u0101ori businesses are on track to be the largest commercial interest in Aotearoa New Zealand fisheries. M\u0101ori also have growing customary property rights and governing authority in the management of marine areas. We explored regulatory and policy tools to embed m\u0101tauranga M\u0101ori in sustainable commercial and customary fishing activities.<\/p>\n","protected":false},"author":22,"featured_media":852,"parent":83,"menu_order":0,"comment_status":"closed","ping_status":"closed","template":"page-templates\/full-width-page.php","meta":{"footnotes":""},"class_list":["post-246","page","type-page","status-publish","has-post-thumbnail","hentry"],"yoast_head":"<!-- This site is optimized with the Yoast SEO plugin v27.2 - https:\/\/yoast.com\/product\/yoast-seo-wordpress\/ -->\n<title>Creating a world-leading indigenous blue economy - Te Au Rangahau | M\u0101ori Business Research<\/title>\n<meta name=\"robots\" content=\"index, follow, max-snippet:-1, max-image-preview:large, max-video-preview:-1\" \/>\n<link rel=\"canonical\" href=\"https:\/\/sites.massey.ac.nz\/teaurangahau\/about-te-au-rangahau\/nga-panui-projects\/whai-rawa-economy\/creating-a-world-leading-indigenous-blue-economy\/\" \/>\n<meta property=\"og:locale\" content=\"en_US\" \/>\n<meta property=\"og:type\" content=\"article\" \/>\n<meta property=\"og:title\" content=\"Creating a world-leading indigenous blue economy - Te Au Rangahau | M\u0101ori Business Research\" \/>\n<meta property=\"og:description\" content=\"M\u0101ori businesses are on track to be the largest commercial interest in Aotearoa New Zealand fisheries. M\u0101ori also have growing customary property rights and governing authority in the management of marine areas. We explored regulatory and policy tools to embed m\u0101tauranga M\u0101ori in sustainable commercial and customary fishing activities.\" \/>\n<meta property=\"og:url\" content=\"https:\/\/sites.massey.ac.nz\/teaurangahau\/about-te-au-rangahau\/nga-panui-projects\/whai-rawa-economy\/creating-a-world-leading-indigenous-blue-economy\/\" \/>\n<meta property=\"og:site_name\" content=\"Te Au Rangahau | M\u0101ori Business Research\" \/>\n<meta property=\"article:modified_time\" content=\"2020-08-19T21:50:42+00:00\" \/>\n<meta property=\"og:image\" content=\"https:\/\/sites.massey.ac.nz\/teaurangahau\/wp-content\/uploads\/sites\/53\/2020\/08\/Whai-Rawa-Whai-Mana-Whai-Oranga_-Creating-a-world-leading-indigenous-blue-economy_credit-SaraOrme__FocusFillWzIwMDAsMTAwMCwieSIsMTY2XQ.jpg\" \/>\n\t<meta property=\"og:image:width\" content=\"2000\" \/>\n\t<meta property=\"og:image:height\" content=\"1000\" \/>\n\t<meta property=\"og:image:type\" content=\"image\/jpeg\" \/>\n<meta name=\"twitter:card\" content=\"summary_large_image\" \/>\n<meta name=\"twitter:label1\" content=\"Est. reading time\" \/>\n\t<meta name=\"twitter:data1\" content=\"1 minute\" \/>\n<script type=\"application\/ld+json\" class=\"yoast-schema-graph\">{\"@context\":\"https:\/\/schema.org\",\"@graph\":[{\"@type\":\"WebPage\",\"@id\":\"https:\/\/sites.massey.ac.nz\/teaurangahau\/about-te-au-rangahau\/nga-panui-projects\/whai-rawa-economy\/creating-a-world-leading-indigenous-blue-economy\/\",\"url\":\"https:\/\/sites.massey.ac.nz\/teaurangahau\/about-te-au-rangahau\/nga-panui-projects\/whai-rawa-economy\/creating-a-world-leading-indigenous-blue-economy\/\",\"name\":\"Creating a world-leading indigenous blue economy - Te Au Rangahau | M\u0101ori Business Research\",\"isPartOf\":{\"@id\":\"https:\/\/sites.massey.ac.nz\/teaurangahau\/#website\"},\"primaryImageOfPage\":{\"@id\":\"https:\/\/sites.massey.ac.nz\/teaurangahau\/about-te-au-rangahau\/nga-panui-projects\/whai-rawa-economy\/creating-a-world-leading-indigenous-blue-economy\/#primaryimage\"},\"image\":{\"@id\":\"https:\/\/sites.massey.ac.nz\/teaurangahau\/about-te-au-rangahau\/nga-panui-projects\/whai-rawa-economy\/creating-a-world-leading-indigenous-blue-economy\/#primaryimage\"},\"thumbnailUrl\":\"https:\/\/sites.massey.ac.nz\/teaurangahau\/wp-content\/uploads\/sites\/53\/2020\/08\/Whai-Rawa-Whai-Mana-Whai-Oranga_-Creating-a-world-leading-indigenous-blue-economy_credit-SaraOrme__FocusFillWzIwMDAsMTAwMCwieSIsMTY2XQ.jpg\",\"datePublished\":\"2020-06-25T01:10:11+00:00\",\"dateModified\":\"2020-08-19T21:50:42+00:00\",\"breadcrumb\":{\"@id\":\"https:\/\/sites.massey.ac.nz\/teaurangahau\/about-te-au-rangahau\/nga-panui-projects\/whai-rawa-economy\/creating-a-world-leading-indigenous-blue-economy\/#breadcrumb\"},\"inLanguage\":\"en-NZ\",\"potentialAction\":[{\"@type\":\"ReadAction\",\"target\":[\"https:\/\/sites.massey.ac.nz\/teaurangahau\/about-te-au-rangahau\/nga-panui-projects\/whai-rawa-economy\/creating-a-world-leading-indigenous-blue-economy\/\"]}]},{\"@type\":\"ImageObject\",\"inLanguage\":\"en-NZ\",\"@id\":\"https:\/\/sites.massey.ac.nz\/teaurangahau\/about-te-au-rangahau\/nga-panui-projects\/whai-rawa-economy\/creating-a-world-leading-indigenous-blue-economy\/#primaryimage\",\"url\":\"https:\/\/sites.massey.ac.nz\/teaurangahau\/wp-content\/uploads\/sites\/53\/2020\/08\/Whai-Rawa-Whai-Mana-Whai-Oranga_-Creating-a-world-leading-indigenous-blue-economy_credit-SaraOrme__FocusFillWzIwMDAsMTAwMCwieSIsMTY2XQ.jpg\",\"contentUrl\":\"https:\/\/sites.massey.ac.nz\/teaurangahau\/wp-content\/uploads\/sites\/53\/2020\/08\/Whai-Rawa-Whai-Mana-Whai-Oranga_-Creating-a-world-leading-indigenous-blue-economy_credit-SaraOrme__FocusFillWzIwMDAsMTAwMCwieSIsMTY2XQ.jpg\",\"width\":2000,\"height\":1000},{\"@type\":\"BreadcrumbList\",\"@id\":\"https:\/\/sites.massey.ac.nz\/teaurangahau\/about-te-au-rangahau\/nga-panui-projects\/whai-rawa-economy\/creating-a-world-leading-indigenous-blue-economy\/#breadcrumb\",\"itemListElement\":[{\"@type\":\"ListItem\",\"position\":1,\"name\":\"Home\",\"item\":\"https:\/\/sites.massey.ac.nz\/teaurangahau\/\"},{\"@type\":\"ListItem\",\"position\":2,\"name\":\"Ng\u0101 rangahau | Our projects\",\"item\":\"https:\/\/sites.massey.ac.nz\/teaurangahau\/about-te-au-rangahau\/nga-panui-projects\/\"},{\"@type\":\"ListItem\",\"position\":3,\"name\":\"Whai Rawa | Economy\",\"item\":\"https:\/\/sites.massey.ac.nz\/teaurangahau\/about-te-au-rangahau\/nga-panui-projects\/whai-rawa-economy\/\"},{\"@type\":\"ListItem\",\"position\":4,\"name\":\"Creating a world-leading indigenous blue economy\"}]},{\"@type\":\"WebSite\",\"@id\":\"https:\/\/sites.massey.ac.nz\/teaurangahau\/#website\",\"url\":\"https:\/\/sites.massey.ac.nz\/teaurangahau\/\",\"name\":\"Te Au Rangahau | M\u0101ori Business Research\",\"description\":\"Advancing knowledge for a prosperous and sustainable M\u0101ori economy\",\"publisher\":{\"@id\":\"https:\/\/sites.massey.ac.nz\/teaurangahau\/#organization\"},\"potentialAction\":[{\"@type\":\"SearchAction\",\"target\":{\"@type\":\"EntryPoint\",\"urlTemplate\":\"https:\/\/sites.massey.ac.nz\/teaurangahau\/?s={search_term_string}\"},\"query-input\":{\"@type\":\"PropertyValueSpecification\",\"valueRequired\":true,\"valueName\":\"search_term_string\"}}],\"inLanguage\":\"en-NZ\"},{\"@type\":\"Organization\",\"@id\":\"https:\/\/sites.massey.ac.nz\/teaurangahau\/#organization\",\"name\":\"Te Au Rangahau | M\u0101ori Business Research\",\"url\":\"https:\/\/sites.massey.ac.nz\/teaurangahau\/\",\"logo\":{\"@type\":\"ImageObject\",\"inLanguage\":\"en-NZ\",\"@id\":\"https:\/\/sites.massey.ac.nz\/teaurangahau\/#\/schema\/logo\/image\/\",\"url\":\"https:\/\/sites.massey.ac.nz\/teaurangahau\/wp-content\/uploads\/sites\/53\/2020\/09\/cropped-Colour-Logo-Cropped.png\",\"contentUrl\":\"https:\/\/sites.massey.ac.nz\/teaurangahau\/wp-content\/uploads\/sites\/53\/2020\/09\/cropped-Colour-Logo-Cropped.png\",\"width\":683,\"height\":250,\"caption\":\"Te Au Rangahau | M\u0101ori Business Research\"},\"image\":{\"@id\":\"https:\/\/sites.massey.ac.nz\/teaurangahau\/#\/schema\/logo\/image\/\"}}]}<\/script>\n<!-- \/ Yoast SEO plugin. -->","yoast_head_json":{"title":"Creating a world-leading indigenous blue economy - Te Au Rangahau | M\u0101ori Business Research","robots":{"index":"index","follow":"follow","max-snippet":"max-snippet:-1","max-image-preview":"max-image-preview:large","max-video-preview":"max-video-preview:-1"},"canonical":"https:\/\/sites.massey.ac.nz\/teaurangahau\/about-te-au-rangahau\/nga-panui-projects\/whai-rawa-economy\/creating-a-world-leading-indigenous-blue-economy\/","og_locale":"en_US","og_type":"article","og_title":"Creating a world-leading indigenous blue economy - Te Au Rangahau | M\u0101ori Business Research","og_description":"M\u0101ori businesses are on track to be the largest commercial interest in Aotearoa New Zealand fisheries. M\u0101ori also have growing customary property rights and governing authority in the management of marine areas. We explored regulatory and policy tools to embed m\u0101tauranga M\u0101ori in sustainable commercial and customary fishing activities.","og_url":"https:\/\/sites.massey.ac.nz\/teaurangahau\/about-te-au-rangahau\/nga-panui-projects\/whai-rawa-economy\/creating-a-world-leading-indigenous-blue-economy\/","og_site_name":"Te Au Rangahau | M\u0101ori Business Research","article_modified_time":"2020-08-19T21:50:42+00:00","og_image":[{"width":2000,"height":1000,"url":"https:\/\/sites.massey.ac.nz\/teaurangahau\/wp-content\/uploads\/sites\/53\/2020\/08\/Whai-Rawa-Whai-Mana-Whai-Oranga_-Creating-a-world-leading-indigenous-blue-economy_credit-SaraOrme__FocusFillWzIwMDAsMTAwMCwieSIsMTY2XQ.jpg","type":"image\/jpeg"}],"twitter_card":"summary_large_image","twitter_misc":{"Est. reading time":"1 minute"},"schema":{"@context":"https:\/\/schema.org","@graph":[{"@type":"WebPage","@id":"https:\/\/sites.massey.ac.nz\/teaurangahau\/about-te-au-rangahau\/nga-panui-projects\/whai-rawa-economy\/creating-a-world-leading-indigenous-blue-economy\/","url":"https:\/\/sites.massey.ac.nz\/teaurangahau\/about-te-au-rangahau\/nga-panui-projects\/whai-rawa-economy\/creating-a-world-leading-indigenous-blue-economy\/","name":"Creating a world-leading indigenous blue economy - Te Au Rangahau | M\u0101ori Business Research","isPartOf":{"@id":"https:\/\/sites.massey.ac.nz\/teaurangahau\/#website"},"primaryImageOfPage":{"@id":"https:\/\/sites.massey.ac.nz\/teaurangahau\/about-te-au-rangahau\/nga-panui-projects\/whai-rawa-economy\/creating-a-world-leading-indigenous-blue-economy\/#primaryimage"},"image":{"@id":"https:\/\/sites.massey.ac.nz\/teaurangahau\/about-te-au-rangahau\/nga-panui-projects\/whai-rawa-economy\/creating-a-world-leading-indigenous-blue-economy\/#primaryimage"},"thumbnailUrl":"https:\/\/sites.massey.ac.nz\/teaurangahau\/wp-content\/uploads\/sites\/53\/2020\/08\/Whai-Rawa-Whai-Mana-Whai-Oranga_-Creating-a-world-leading-indigenous-blue-economy_credit-SaraOrme__FocusFillWzIwMDAsMTAwMCwieSIsMTY2XQ.jpg","datePublished":"2020-06-25T01:10:11+00:00","dateModified":"2020-08-19T21:50:42+00:00","breadcrumb":{"@id":"https:\/\/sites.massey.ac.nz\/teaurangahau\/about-te-au-rangahau\/nga-panui-projects\/whai-rawa-economy\/creating-a-world-leading-indigenous-blue-economy\/#breadcrumb"},"inLanguage":"en-NZ","potentialAction":[{"@type":"ReadAction","target":["https:\/\/sites.massey.ac.nz\/teaurangahau\/about-te-au-rangahau\/nga-panui-projects\/whai-rawa-economy\/creating-a-world-leading-indigenous-blue-economy\/"]}]},{"@type":"ImageObject","inLanguage":"en-NZ","@id":"https:\/\/sites.massey.ac.nz\/teaurangahau\/about-te-au-rangahau\/nga-panui-projects\/whai-rawa-economy\/creating-a-world-leading-indigenous-blue-economy\/#primaryimage","url":"https:\/\/sites.massey.ac.nz\/teaurangahau\/wp-content\/uploads\/sites\/53\/2020\/08\/Whai-Rawa-Whai-Mana-Whai-Oranga_-Creating-a-world-leading-indigenous-blue-economy_credit-SaraOrme__FocusFillWzIwMDAsMTAwMCwieSIsMTY2XQ.jpg","contentUrl":"https:\/\/sites.massey.ac.nz\/teaurangahau\/wp-content\/uploads\/sites\/53\/2020\/08\/Whai-Rawa-Whai-Mana-Whai-Oranga_-Creating-a-world-leading-indigenous-blue-economy_credit-SaraOrme__FocusFillWzIwMDAsMTAwMCwieSIsMTY2XQ.jpg","width":2000,"height":1000},{"@type":"BreadcrumbList","@id":"https:\/\/sites.massey.ac.nz\/teaurangahau\/about-te-au-rangahau\/nga-panui-projects\/whai-rawa-economy\/creating-a-world-leading-indigenous-blue-economy\/#breadcrumb","itemListElement":[{"@type":"ListItem","position":1,"name":"Home","item":"https:\/\/sites.massey.ac.nz\/teaurangahau\/"},{"@type":"ListItem","position":2,"name":"Ng\u0101 rangahau | Our projects","item":"https:\/\/sites.massey.ac.nz\/teaurangahau\/about-te-au-rangahau\/nga-panui-projects\/"},{"@type":"ListItem","position":3,"name":"Whai Rawa | Economy","item":"https:\/\/sites.massey.ac.nz\/teaurangahau\/about-te-au-rangahau\/nga-panui-projects\/whai-rawa-economy\/"},{"@type":"ListItem","position":4,"name":"Creating a world-leading indigenous blue economy"}]},{"@type":"WebSite","@id":"https:\/\/sites.massey.ac.nz\/teaurangahau\/#website","url":"https:\/\/sites.massey.ac.nz\/teaurangahau\/","name":"Te Au Rangahau | M\u0101ori Business Research","description":"Advancing knowledge for a prosperous and sustainable M\u0101ori economy","publisher":{"@id":"https:\/\/sites.massey.ac.nz\/teaurangahau\/#organization"},"potentialAction":[{"@type":"SearchAction","target":{"@type":"EntryPoint","urlTemplate":"https:\/\/sites.massey.ac.nz\/teaurangahau\/?s={search_term_string}"},"query-input":{"@type":"PropertyValueSpecification","valueRequired":true,"valueName":"search_term_string"}}],"inLanguage":"en-NZ"},{"@type":"Organization","@id":"https:\/\/sites.massey.ac.nz\/teaurangahau\/#organization","name":"Te Au Rangahau | M\u0101ori Business Research","url":"https:\/\/sites.massey.ac.nz\/teaurangahau\/","logo":{"@type":"ImageObject","inLanguage":"en-NZ","@id":"https:\/\/sites.massey.ac.nz\/teaurangahau\/#\/schema\/logo\/image\/","url":"https:\/\/sites.massey.ac.nz\/teaurangahau\/wp-content\/uploads\/sites\/53\/2020\/09\/cropped-Colour-Logo-Cropped.png","contentUrl":"https:\/\/sites.massey.ac.nz\/teaurangahau\/wp-content\/uploads\/sites\/53\/2020\/09\/cropped-Colour-Logo-Cropped.png","width":683,"height":250,"caption":"Te Au Rangahau | M\u0101ori Business Research"},"image":{"@id":"https:\/\/sites.massey.ac.nz\/teaurangahau\/#\/schema\/logo\/image\/"}}]}},"_links":{"self":[{"href":"https:\/\/sites.massey.ac.nz\/teaurangahau\/wp-json\/wp\/v2\/pages\/246","targetHints":{"allow":["GET"]}}],"collection":[{"href":"https:\/\/sites.massey.ac.nz\/teaurangahau\/wp-json\/wp\/v2\/pages"}],"about":[{"href":"https:\/\/sites.massey.ac.nz\/teaurangahau\/wp-json\/wp\/v2\/types\/page"}],"author":[{"embeddable":true,"href":"https:\/\/sites.massey.ac.nz\/teaurangahau\/wp-json\/wp\/v2\/users\/22"}],"replies":[{"embeddable":true,"href":"https:\/\/sites.massey.ac.nz\/teaurangahau\/wp-json\/wp\/v2\/comments?post=246"}],"version-history":[{"count":10,"href":"https:\/\/sites.massey.ac.nz\/teaurangahau\/wp-json\/wp\/v2\/pages\/246\/revisions"}],"predecessor-version":[{"id":858,"href":"https:\/\/sites.massey.ac.nz\/teaurangahau\/wp-json\/wp\/v2\/pages\/246\/revisions\/858"}],"up":[{"embeddable":true,"href":"https:\/\/sites.massey.ac.nz\/teaurangahau\/wp-json\/wp\/v2\/pages\/83"}],"wp:featuredmedia":[{"embeddable":true,"href":"https:\/\/sites.massey.ac.nz\/teaurangahau\/wp-json\/wp\/v2\/media\/852"}],"wp:attachment":[{"href":"https:\/\/sites.massey.ac.nz\/teaurangahau\/wp-json\/wp\/v2\/media?parent=246"}],"curies":[{"name":"wp","href":"https:\/\/api.w.org\/{rel}","templated":true}]}}