{"id":415,"date":"2020-07-02T01:51:03","date_gmt":"2020-07-02T01:51:03","guid":{"rendered":"http:\/\/sites.massey.ac.nz\/teaurangahau\/?page_id=415"},"modified":"2021-12-06T16:20:26","modified_gmt":"2021-12-06T03:20:26","slug":"te-hononga-modelling-indigenous-collaborative-enterprise","status":"publish","type":"page","link":"https:\/\/sites.massey.ac.nz\/teaurangahau\/about-te-au-rangahau\/nga-panui-projects\/whai-pakihi-enterprise\/te-hononga-modelling-indigenous-collaborative-enterprise\/","title":{"rendered":"Te hononga: Modelling indigenous collaborative enterprise"},"content":{"rendered":"\n<div class=\"wp-block-columns has-background has-cyan-bluish-gray-background-color is-layout-flex wp-container-core-columns-is-layout-9d6595d7 wp-block-columns-is-layout-flex\">\n<div class=\"wp-block-column is-layout-flow wp-block-column-is-layout-flow\">\n<h4 class=\"wp-block-heading\">Project leader<\/h4>\n\n\n\n<p>Matt Roskruge<\/p>\n<\/div>\n\n\n\n<div class=\"wp-block-column is-layout-flow wp-block-column-is-layout-flow\">\n<h4 class=\"wp-block-heading\">Duration<\/h4>\n\n\n\n<p>February 2020<\/p>\n<\/div>\n\n\n\n<div class=\"wp-block-column is-layout-flow wp-block-column-is-layout-flow\">\n<h4 class=\"wp-block-heading\">Status<\/h4>\n\n\n\n<p>Ongoing<\/p>\n<\/div>\n<\/div>\n\n\n\n<p><em>What are the bases for M\u0101ori enterprise collaboration? How do M\u0101ori activate Indigenous entrepreneurial capabilities for collaboration and what forms do M\u0101ori enterprise collaborations take?<\/em><\/p>\n\n\n\n<p>By exploring M\u0101ori enterprise collaboration as a fundamental but challenging strategy for M\u0101ori economic development, this project identifies principles and models which can inform M\u0101ori and non-M\u0101ori about enterprise collaboration. It does this by using m\u0101tauranga M\u0101ori, kaupapa M\u0101ori, tikanga M\u0101ori and te reo M\u0101ori, as well as considerations of non-M\u0101ori principles, practices and technologies for enterprise collaboration.<\/p>\n\n\n\n<figure class=\"wp-block-image size-large is-resized\"><a href=\"https:\/\/sites.massey.ac.nz\/teaurangahau\/wp-content\/uploads\/sites\/53\/2021\/08\/Te-Hononga-FINAL-reduced.pdf\" target=\"_blank\" rel=\"TE HONONGA: MODELLING INDIGENOUS COLLABORATIVE ENTERPRISE noopener noreferrer\"><img loading=\"lazy\" decoding=\"async\" src=\"http:\/\/sites.massey.ac.nz\/teaurangahau\/wp-content\/uploads\/sites\/53\/2021\/08\/Screenshot-197.png\" alt=\"\" class=\"wp-image-1737\" width=\"265\" height=\"377\" srcset=\"https:\/\/sites.massey.ac.nz\/teaurangahau\/wp-content\/uploads\/sites\/53\/2021\/08\/Screenshot-197.png 621w, https:\/\/sites.massey.ac.nz\/teaurangahau\/wp-content\/uploads\/sites\/53\/2021\/08\/Screenshot-197-211x300.png 211w\" sizes=\"auto, (max-width: 265px) 100vw, 265px\" \/><\/a><\/figure>\n\n\n\n<p><a rel=\"noreferrer noopener\" href=\"http:\/\/www.maramatanga.co.nz\/project\/te-hononga-modelling-indigenous-collaborative-enterprise\" target=\"_blank\">Visit project at Ng\u0101 Pae o te Ma\u0101ramatanga<\/a><\/p>\n\n\n\n<p><strong>News<\/strong><\/p>\n\n\n\n<p><a href=\"https:\/\/poutama.co.nz\/te-hononga-a-study-of-the-why-and-the-how-of-maori-enterprise-collaboration\/\" target=\"_blank\" rel=\"noreferrer noopener\">Te Hononga \u2013 a study of the \u2018why\u2019 and the \u2018how\u2019 of M\u0101ori enterprise collaboration<\/a><\/p>\n","protected":false},"excerpt":{"rendered":"<p>Project leader Matt Roskruge Duration February 2020 Status Ongoing What are the bases for M\u0101ori enterprise collaboration? How do M\u0101ori activate Indigenous entrepreneurial capabilities for collaboration and what forms do M\u0101ori enterprise collaborations take? By exploring M\u0101ori enterprise collaboration as a fundamental but challenging strategy for M\u0101ori economic development, this project identifies principles and models &hellip; <\/p>\n<p class=\"link-more\"><a href=\"https:\/\/sites.massey.ac.nz\/teaurangahau\/about-te-au-rangahau\/nga-panui-projects\/whai-pakihi-enterprise\/te-hononga-modelling-indigenous-collaborative-enterprise\/\" class=\"more-link\">Continue reading<span class=\"screen-reader-text\"> &#8220;Te hononga: Modelling indigenous collaborative enterprise&#8221;<\/span><\/a><\/p>\n","protected":false},"author":22,"featured_media":902,"parent":85,"menu_order":0,"comment_status":"closed","ping_status":"closed","template":"","meta":{"footnotes":""},"class_list":["post-415","page","type-page","status-publish","has-post-thumbnail","hentry"],"yoast_head":"<!-- This site is optimized with the Yoast SEO plugin v27.2 - https:\/\/yoast.com\/product\/yoast-seo-wordpress\/ -->\n<title>Te hononga: Modelling indigenous collaborative enterprise - Te Au Rangahau | M\u0101ori Business Research<\/title>\n<meta name=\"robots\" content=\"index, follow, max-snippet:-1, max-image-preview:large, max-video-preview:-1\" \/>\n<link rel=\"canonical\" href=\"https:\/\/sites.massey.ac.nz\/teaurangahau\/about-te-au-rangahau\/nga-panui-projects\/whai-pakihi-enterprise\/te-hononga-modelling-indigenous-collaborative-enterprise\/\" \/>\n<meta property=\"og:locale\" content=\"en_US\" \/>\n<meta property=\"og:type\" content=\"article\" \/>\n<meta property=\"og:title\" content=\"Te hononga: Modelling indigenous collaborative enterprise - Te Au Rangahau | M\u0101ori Business Research\" \/>\n<meta property=\"og:description\" content=\"Project leader Matt Roskruge Duration February 2020 Status Ongoing What are the bases for M\u0101ori enterprise collaboration? How do M\u0101ori activate Indigenous entrepreneurial capabilities for collaboration and what forms do M\u0101ori enterprise collaborations take? By exploring M\u0101ori enterprise collaboration as a fundamental but challenging strategy for M\u0101ori economic development, this project identifies principles and models &hellip; Continue reading &quot;Te hononga: Modelling indigenous collaborative enterprise&quot;\" \/>\n<meta property=\"og:url\" content=\"https:\/\/sites.massey.ac.nz\/teaurangahau\/about-te-au-rangahau\/nga-panui-projects\/whai-pakihi-enterprise\/te-hononga-modelling-indigenous-collaborative-enterprise\/\" \/>\n<meta property=\"og:site_name\" content=\"Te Au Rangahau | M\u0101ori Business Research\" \/>\n<meta property=\"article:modified_time\" content=\"2021-12-06T03:20:26+00:00\" \/>\n<meta property=\"og:image\" content=\"https:\/\/sites.massey.ac.nz\/teaurangahau\/wp-content\/uploads\/sites\/53\/2020\/08\/Fern-Leaves-1135680675_1258x838-e1597099957959.jpeg\" \/>\n\t<meta property=\"og:image:width\" content=\"1254\" \/>\n\t<meta property=\"og:image:height\" content=\"705\" \/>\n\t<meta property=\"og:image:type\" content=\"image\/jpeg\" \/>\n<meta name=\"twitter:card\" content=\"summary_large_image\" \/>\n<meta name=\"twitter:label1\" content=\"Est. reading time\" \/>\n\t<meta name=\"twitter:data1\" content=\"1 minute\" \/>\n<script type=\"application\/ld+json\" class=\"yoast-schema-graph\">{\"@context\":\"https:\/\/schema.org\",\"@graph\":[{\"@type\":\"WebPage\",\"@id\":\"https:\/\/sites.massey.ac.nz\/teaurangahau\/about-te-au-rangahau\/nga-panui-projects\/whai-pakihi-enterprise\/te-hononga-modelling-indigenous-collaborative-enterprise\/\",\"url\":\"https:\/\/sites.massey.ac.nz\/teaurangahau\/about-te-au-rangahau\/nga-panui-projects\/whai-pakihi-enterprise\/te-hononga-modelling-indigenous-collaborative-enterprise\/\",\"name\":\"Te hononga: Modelling indigenous collaborative enterprise - Te Au Rangahau | M\u0101ori Business Research\",\"isPartOf\":{\"@id\":\"https:\/\/sites.massey.ac.nz\/teaurangahau\/#website\"},\"primaryImageOfPage\":{\"@id\":\"https:\/\/sites.massey.ac.nz\/teaurangahau\/about-te-au-rangahau\/nga-panui-projects\/whai-pakihi-enterprise\/te-hononga-modelling-indigenous-collaborative-enterprise\/#primaryimage\"},\"image\":{\"@id\":\"https:\/\/sites.massey.ac.nz\/teaurangahau\/about-te-au-rangahau\/nga-panui-projects\/whai-pakihi-enterprise\/te-hononga-modelling-indigenous-collaborative-enterprise\/#primaryimage\"},\"thumbnailUrl\":\"https:\/\/sites.massey.ac.nz\/teaurangahau\/wp-content\/uploads\/sites\/53\/2020\/08\/Fern-Leaves-1135680675_1258x838-e1597099957959.jpeg\",\"datePublished\":\"2020-07-02T01:51:03+00:00\",\"dateModified\":\"2021-12-06T03:20:26+00:00\",\"breadcrumb\":{\"@id\":\"https:\/\/sites.massey.ac.nz\/teaurangahau\/about-te-au-rangahau\/nga-panui-projects\/whai-pakihi-enterprise\/te-hononga-modelling-indigenous-collaborative-enterprise\/#breadcrumb\"},\"inLanguage\":\"en-NZ\",\"potentialAction\":[{\"@type\":\"ReadAction\",\"target\":[\"https:\/\/sites.massey.ac.nz\/teaurangahau\/about-te-au-rangahau\/nga-panui-projects\/whai-pakihi-enterprise\/te-hononga-modelling-indigenous-collaborative-enterprise\/\"]}]},{\"@type\":\"ImageObject\",\"inLanguage\":\"en-NZ\",\"@id\":\"https:\/\/sites.massey.ac.nz\/teaurangahau\/about-te-au-rangahau\/nga-panui-projects\/whai-pakihi-enterprise\/te-hononga-modelling-indigenous-collaborative-enterprise\/#primaryimage\",\"url\":\"https:\/\/sites.massey.ac.nz\/teaurangahau\/wp-content\/uploads\/sites\/53\/2020\/08\/Fern-Leaves-1135680675_1258x838-e1597099957959.jpeg\",\"contentUrl\":\"https:\/\/sites.massey.ac.nz\/teaurangahau\/wp-content\/uploads\/sites\/53\/2020\/08\/Fern-Leaves-1135680675_1258x838-e1597099957959.jpeg\",\"width\":1254,\"height\":705,\"caption\":\"Fern Leaves\"},{\"@type\":\"BreadcrumbList\",\"@id\":\"https:\/\/sites.massey.ac.nz\/teaurangahau\/about-te-au-rangahau\/nga-panui-projects\/whai-pakihi-enterprise\/te-hononga-modelling-indigenous-collaborative-enterprise\/#breadcrumb\",\"itemListElement\":[{\"@type\":\"ListItem\",\"position\":1,\"name\":\"Home\",\"item\":\"https:\/\/sites.massey.ac.nz\/teaurangahau\/\"},{\"@type\":\"ListItem\",\"position\":2,\"name\":\"Ng\u0101 rangahau | Our projects\",\"item\":\"https:\/\/sites.massey.ac.nz\/teaurangahau\/about-te-au-rangahau\/nga-panui-projects\/\"},{\"@type\":\"ListItem\",\"position\":3,\"name\":\"Whai Pakihi | Enterprise\",\"item\":\"https:\/\/sites.massey.ac.nz\/teaurangahau\/about-te-au-rangahau\/nga-panui-projects\/whai-pakihi-enterprise\/\"},{\"@type\":\"ListItem\",\"position\":4,\"name\":\"Te hononga: Modelling indigenous collaborative enterprise\"}]},{\"@type\":\"WebSite\",\"@id\":\"https:\/\/sites.massey.ac.nz\/teaurangahau\/#website\",\"url\":\"https:\/\/sites.massey.ac.nz\/teaurangahau\/\",\"name\":\"Te Au Rangahau | M\u0101ori Business Research\",\"description\":\"Advancing knowledge for a prosperous and sustainable M\u0101ori economy\",\"publisher\":{\"@id\":\"https:\/\/sites.massey.ac.nz\/teaurangahau\/#organization\"},\"potentialAction\":[{\"@type\":\"SearchAction\",\"target\":{\"@type\":\"EntryPoint\",\"urlTemplate\":\"https:\/\/sites.massey.ac.nz\/teaurangahau\/?s={search_term_string}\"},\"query-input\":{\"@type\":\"PropertyValueSpecification\",\"valueRequired\":true,\"valueName\":\"search_term_string\"}}],\"inLanguage\":\"en-NZ\"},{\"@type\":\"Organization\",\"@id\":\"https:\/\/sites.massey.ac.nz\/teaurangahau\/#organization\",\"name\":\"Te Au Rangahau | M\u0101ori Business Research\",\"url\":\"https:\/\/sites.massey.ac.nz\/teaurangahau\/\",\"logo\":{\"@type\":\"ImageObject\",\"inLanguage\":\"en-NZ\",\"@id\":\"https:\/\/sites.massey.ac.nz\/teaurangahau\/#\/schema\/logo\/image\/\",\"url\":\"https:\/\/sites.massey.ac.nz\/teaurangahau\/wp-content\/uploads\/sites\/53\/2020\/09\/cropped-Colour-Logo-Cropped.png\",\"contentUrl\":\"https:\/\/sites.massey.ac.nz\/teaurangahau\/wp-content\/uploads\/sites\/53\/2020\/09\/cropped-Colour-Logo-Cropped.png\",\"width\":683,\"height\":250,\"caption\":\"Te Au Rangahau | M\u0101ori Business Research\"},\"image\":{\"@id\":\"https:\/\/sites.massey.ac.nz\/teaurangahau\/#\/schema\/logo\/image\/\"}}]}<\/script>\n<!-- \/ Yoast SEO plugin. -->","yoast_head_json":{"title":"Te hononga: Modelling indigenous collaborative enterprise - Te Au Rangahau | M\u0101ori Business Research","robots":{"index":"index","follow":"follow","max-snippet":"max-snippet:-1","max-image-preview":"max-image-preview:large","max-video-preview":"max-video-preview:-1"},"canonical":"https:\/\/sites.massey.ac.nz\/teaurangahau\/about-te-au-rangahau\/nga-panui-projects\/whai-pakihi-enterprise\/te-hononga-modelling-indigenous-collaborative-enterprise\/","og_locale":"en_US","og_type":"article","og_title":"Te hononga: Modelling indigenous collaborative enterprise - Te Au Rangahau | M\u0101ori Business Research","og_description":"Project leader Matt Roskruge Duration February 2020 Status Ongoing What are the bases for M\u0101ori enterprise collaboration? How do M\u0101ori activate Indigenous entrepreneurial capabilities for collaboration and what forms do M\u0101ori enterprise collaborations take? By exploring M\u0101ori enterprise collaboration as a fundamental but challenging strategy for M\u0101ori economic development, this project identifies principles and models &hellip; Continue reading \"Te hononga: Modelling indigenous collaborative enterprise\"","og_url":"https:\/\/sites.massey.ac.nz\/teaurangahau\/about-te-au-rangahau\/nga-panui-projects\/whai-pakihi-enterprise\/te-hononga-modelling-indigenous-collaborative-enterprise\/","og_site_name":"Te Au Rangahau | M\u0101ori Business Research","article_modified_time":"2021-12-06T03:20:26+00:00","og_image":[{"width":1254,"height":705,"url":"https:\/\/sites.massey.ac.nz\/teaurangahau\/wp-content\/uploads\/sites\/53\/2020\/08\/Fern-Leaves-1135680675_1258x838-e1597099957959.jpeg","type":"image\/jpeg"}],"twitter_card":"summary_large_image","twitter_misc":{"Est. reading time":"1 minute"},"schema":{"@context":"https:\/\/schema.org","@graph":[{"@type":"WebPage","@id":"https:\/\/sites.massey.ac.nz\/teaurangahau\/about-te-au-rangahau\/nga-panui-projects\/whai-pakihi-enterprise\/te-hononga-modelling-indigenous-collaborative-enterprise\/","url":"https:\/\/sites.massey.ac.nz\/teaurangahau\/about-te-au-rangahau\/nga-panui-projects\/whai-pakihi-enterprise\/te-hononga-modelling-indigenous-collaborative-enterprise\/","name":"Te hononga: Modelling indigenous collaborative enterprise - Te Au Rangahau | M\u0101ori Business Research","isPartOf":{"@id":"https:\/\/sites.massey.ac.nz\/teaurangahau\/#website"},"primaryImageOfPage":{"@id":"https:\/\/sites.massey.ac.nz\/teaurangahau\/about-te-au-rangahau\/nga-panui-projects\/whai-pakihi-enterprise\/te-hononga-modelling-indigenous-collaborative-enterprise\/#primaryimage"},"image":{"@id":"https:\/\/sites.massey.ac.nz\/teaurangahau\/about-te-au-rangahau\/nga-panui-projects\/whai-pakihi-enterprise\/te-hononga-modelling-indigenous-collaborative-enterprise\/#primaryimage"},"thumbnailUrl":"https:\/\/sites.massey.ac.nz\/teaurangahau\/wp-content\/uploads\/sites\/53\/2020\/08\/Fern-Leaves-1135680675_1258x838-e1597099957959.jpeg","datePublished":"2020-07-02T01:51:03+00:00","dateModified":"2021-12-06T03:20:26+00:00","breadcrumb":{"@id":"https:\/\/sites.massey.ac.nz\/teaurangahau\/about-te-au-rangahau\/nga-panui-projects\/whai-pakihi-enterprise\/te-hononga-modelling-indigenous-collaborative-enterprise\/#breadcrumb"},"inLanguage":"en-NZ","potentialAction":[{"@type":"ReadAction","target":["https:\/\/sites.massey.ac.nz\/teaurangahau\/about-te-au-rangahau\/nga-panui-projects\/whai-pakihi-enterprise\/te-hononga-modelling-indigenous-collaborative-enterprise\/"]}]},{"@type":"ImageObject","inLanguage":"en-NZ","@id":"https:\/\/sites.massey.ac.nz\/teaurangahau\/about-te-au-rangahau\/nga-panui-projects\/whai-pakihi-enterprise\/te-hononga-modelling-indigenous-collaborative-enterprise\/#primaryimage","url":"https:\/\/sites.massey.ac.nz\/teaurangahau\/wp-content\/uploads\/sites\/53\/2020\/08\/Fern-Leaves-1135680675_1258x838-e1597099957959.jpeg","contentUrl":"https:\/\/sites.massey.ac.nz\/teaurangahau\/wp-content\/uploads\/sites\/53\/2020\/08\/Fern-Leaves-1135680675_1258x838-e1597099957959.jpeg","width":1254,"height":705,"caption":"Fern Leaves"},{"@type":"BreadcrumbList","@id":"https:\/\/sites.massey.ac.nz\/teaurangahau\/about-te-au-rangahau\/nga-panui-projects\/whai-pakihi-enterprise\/te-hononga-modelling-indigenous-collaborative-enterprise\/#breadcrumb","itemListElement":[{"@type":"ListItem","position":1,"name":"Home","item":"https:\/\/sites.massey.ac.nz\/teaurangahau\/"},{"@type":"ListItem","position":2,"name":"Ng\u0101 rangahau | Our projects","item":"https:\/\/sites.massey.ac.nz\/teaurangahau\/about-te-au-rangahau\/nga-panui-projects\/"},{"@type":"ListItem","position":3,"name":"Whai Pakihi | Enterprise","item":"https:\/\/sites.massey.ac.nz\/teaurangahau\/about-te-au-rangahau\/nga-panui-projects\/whai-pakihi-enterprise\/"},{"@type":"ListItem","position":4,"name":"Te hononga: Modelling indigenous collaborative enterprise"}]},{"@type":"WebSite","@id":"https:\/\/sites.massey.ac.nz\/teaurangahau\/#website","url":"https:\/\/sites.massey.ac.nz\/teaurangahau\/","name":"Te Au Rangahau | M\u0101ori Business Research","description":"Advancing knowledge for a prosperous and sustainable M\u0101ori economy","publisher":{"@id":"https:\/\/sites.massey.ac.nz\/teaurangahau\/#organization"},"potentialAction":[{"@type":"SearchAction","target":{"@type":"EntryPoint","urlTemplate":"https:\/\/sites.massey.ac.nz\/teaurangahau\/?s={search_term_string}"},"query-input":{"@type":"PropertyValueSpecification","valueRequired":true,"valueName":"search_term_string"}}],"inLanguage":"en-NZ"},{"@type":"Organization","@id":"https:\/\/sites.massey.ac.nz\/teaurangahau\/#organization","name":"Te Au Rangahau | M\u0101ori Business Research","url":"https:\/\/sites.massey.ac.nz\/teaurangahau\/","logo":{"@type":"ImageObject","inLanguage":"en-NZ","@id":"https:\/\/sites.massey.ac.nz\/teaurangahau\/#\/schema\/logo\/image\/","url":"https:\/\/sites.massey.ac.nz\/teaurangahau\/wp-content\/uploads\/sites\/53\/2020\/09\/cropped-Colour-Logo-Cropped.png","contentUrl":"https:\/\/sites.massey.ac.nz\/teaurangahau\/wp-content\/uploads\/sites\/53\/2020\/09\/cropped-Colour-Logo-Cropped.png","width":683,"height":250,"caption":"Te Au Rangahau | M\u0101ori Business Research"},"image":{"@id":"https:\/\/sites.massey.ac.nz\/teaurangahau\/#\/schema\/logo\/image\/"}}]}},"_links":{"self":[{"href":"https:\/\/sites.massey.ac.nz\/teaurangahau\/wp-json\/wp\/v2\/pages\/415","targetHints":{"allow":["GET"]}}],"collection":[{"href":"https:\/\/sites.massey.ac.nz\/teaurangahau\/wp-json\/wp\/v2\/pages"}],"about":[{"href":"https:\/\/sites.massey.ac.nz\/teaurangahau\/wp-json\/wp\/v2\/types\/page"}],"author":[{"embeddable":true,"href":"https:\/\/sites.massey.ac.nz\/teaurangahau\/wp-json\/wp\/v2\/users\/22"}],"replies":[{"embeddable":true,"href":"https:\/\/sites.massey.ac.nz\/teaurangahau\/wp-json\/wp\/v2\/comments?post=415"}],"version-history":[{"count":4,"href":"https:\/\/sites.massey.ac.nz\/teaurangahau\/wp-json\/wp\/v2\/pages\/415\/revisions"}],"predecessor-version":[{"id":1825,"href":"https:\/\/sites.massey.ac.nz\/teaurangahau\/wp-json\/wp\/v2\/pages\/415\/revisions\/1825"}],"up":[{"embeddable":true,"href":"https:\/\/sites.massey.ac.nz\/teaurangahau\/wp-json\/wp\/v2\/pages\/85"}],"wp:featuredmedia":[{"embeddable":true,"href":"https:\/\/sites.massey.ac.nz\/teaurangahau\/wp-json\/wp\/v2\/media\/902"}],"wp:attachment":[{"href":"https:\/\/sites.massey.ac.nz\/teaurangahau\/wp-json\/wp\/v2\/media?parent=415"}],"curies":[{"name":"wp","href":"https:\/\/api.w.org\/{rel}","templated":true}]}}