{"id":83,"date":"2019-07-28T22:54:55","date_gmt":"2019-07-28T22:54:55","guid":{"rendered":"http:\/\/sites.massey.ac.nz\/teaurangahau\/?page_id=83"},"modified":"2021-12-06T14:44:18","modified_gmt":"2021-12-06T01:44:18","slug":"whai-rawa-economy","status":"publish","type":"page","link":"https:\/\/sites.massey.ac.nz\/teaurangahau\/about-te-au-rangahau\/nga-panui-projects\/whai-rawa-economy\/","title":{"rendered":"Whai Rawa | Economy"},"content":{"rendered":"\n<p>Understanding the function and form of the M\u0101ori economy, and researching strategies to support growth and development.<\/p>\n\n\n\n<h2 class=\"wp-block-heading\">Our projects<\/h2>\n\n\n\n<figure class=\"wp-block-table is-style-stripes\"><table><tbody><tr><td><a href=\"https:\/\/sites.massey.ac.nz\/teaurangahau\/about-te-au-rangahau\/nga-panui-projects\/whai-rawa-economy\/tikanga-in-technology\/\">Tikanga in Technology<\/a><\/td><\/tr><tr><td><a href=\"https:\/\/sites.massey.ac.nz\/teaurangahau\/about-te-au-rangahau\/nga-panui-projects\/whai-rawa-economy\/creating-a-world-leading-indigenous-blue-economy\/\"> Creating a world-leading indigenous blue economy<\/a><\/td><\/tr><tr><td><a href=\"https:\/\/sites.massey.ac.nz\/teaurangahau\/about-te-au-rangahau\/nga-panui-projects\/whai-rawa-economy\/analytics-for-sustainable-maori-agribusiness\/\" target=\"_blank\" rel=\"noreferrer noopener\">Analytics for Sustainable M\u0101ori Agribusiness<\/a><\/td><\/tr><tr><td><a href=\"https:\/\/sites.massey.ac.nz\/teaurangahau\/about-te-au-rangahau\/nga-panui-projects\/whai-rawa-economy\/developing-a-maori-theory-of-value\/\">Developing a M\u0101ori theory of value<\/a><\/td><\/tr><tr><td><a href=\"https:\/\/sites.massey.ac.nz\/teaurangahau\/about-te-au-rangahau\/nga-panui-projects\/whai-rawa-economy\/indigenous-economic-development\/\">Indigenous economic development<\/a><\/td><\/tr><tr><td><a href=\"https:\/\/sites.massey.ac.nz\/teaurangahau\/about-te-au-rangahau\/nga-panui-projects\/whai-rawa-economy\/inequalities-and-intervention-in-maori-governance\/\">Inequalities and intervention in M\u0101ori governance<\/a><\/td><\/tr><tr><td><a href=\"https:\/\/www.sustainableseaschallenge.co.nz\/our-research\/synthesis-of-tangaroa-phase-i-research\/\" target=\"_blank\" rel=\"noreferrer noopener\">Tangaroa Synthesis<\/a><\/td><\/tr><tr><td><a href=\"https:\/\/sites.massey.ac.nz\/teaurangahau\/about-te-au-rangahau\/nga-panui-projects\/whai-rawa-economy\/genomics-aotearoa-te-nohonga-kaitiaki\/\" target=\"_blank\" rel=\"noreferrer noopener\">Genomic research<\/a><\/td><\/tr><tr><td><a href=\"https:\/\/sites.massey.ac.nz\/teaurangahau\/about-te-au-rangahau\/nga-panui-projects\/whai-rawa-economy\/turbo-breeding-in-plant-synthesis\/\">Turbo breeding in plant industries&nbsp;<\/a><\/td><\/tr><tr><td><\/td><\/tr><\/tbody><\/table><\/figure>\n","protected":false},"excerpt":{"rendered":"<p>Understanding the function and form of the M\u0101ori economy, and researching strategies to support growth and development. Our projects Tikanga in Technology Creating a world-leading indigenous blue economy Analytics for Sustainable M\u0101ori Agribusiness Developing a M\u0101ori theory of value Indigenous economic development Inequalities and intervention in M\u0101ori governance Tangaroa Synthesis Genomic research Turbo breeding in &hellip; <\/p>\n<p class=\"link-more\"><a href=\"https:\/\/sites.massey.ac.nz\/teaurangahau\/about-te-au-rangahau\/nga-panui-projects\/whai-rawa-economy\/\" class=\"more-link\">Continue reading<span class=\"screen-reader-text\"> &#8220;Whai Rawa | Economy&#8221;<\/span><\/a><\/p>\n","protected":false},"author":22,"featured_media":1435,"parent":141,"menu_order":0,"comment_status":"closed","ping_status":"closed","template":"","meta":{"footnotes":""},"class_list":["post-83","page","type-page","status-publish","has-post-thumbnail","hentry"],"yoast_head":"<!-- This site is optimized with the Yoast SEO plugin v27.2 - https:\/\/yoast.com\/product\/yoast-seo-wordpress\/ -->\n<title>Whai Rawa | Economy - Te Au Rangahau | M\u0101ori Business Research<\/title>\n<meta name=\"robots\" content=\"index, follow, max-snippet:-1, max-image-preview:large, max-video-preview:-1\" \/>\n<link rel=\"canonical\" href=\"https:\/\/sites.massey.ac.nz\/teaurangahau\/about-te-au-rangahau\/nga-panui-projects\/whai-rawa-economy\/\" \/>\n<meta property=\"og:locale\" content=\"en_US\" \/>\n<meta property=\"og:type\" content=\"article\" \/>\n<meta property=\"og:title\" content=\"Whai Rawa | Economy - Te Au Rangahau | M\u0101ori Business Research\" \/>\n<meta property=\"og:description\" content=\"Understanding the function and form of the M\u0101ori economy, and researching strategies to support growth and development. Our projects Tikanga in Technology Creating a world-leading indigenous blue economy Analytics for Sustainable M\u0101ori Agribusiness Developing a M\u0101ori theory of value Indigenous economic development Inequalities and intervention in M\u0101ori governance Tangaroa Synthesis Genomic research Turbo breeding in &hellip; Continue reading &quot;Whai Rawa | Economy&quot;\" \/>\n<meta property=\"og:url\" content=\"https:\/\/sites.massey.ac.nz\/teaurangahau\/about-te-au-rangahau\/nga-panui-projects\/whai-rawa-economy\/\" \/>\n<meta property=\"og:site_name\" content=\"Te Au Rangahau | M\u0101ori Business Research\" \/>\n<meta property=\"article:modified_time\" content=\"2021-12-06T01:44:18+00:00\" \/>\n<meta property=\"og:image\" content=\"https:\/\/sites.massey.ac.nz\/teaurangahau\/wp-content\/uploads\/sites\/53\/2020\/09\/Auckland-bathed-by-light_500.jpg\" \/>\n\t<meta property=\"og:image:width\" content=\"1918\" \/>\n\t<meta property=\"og:image:height\" content=\"501\" \/>\n\t<meta property=\"og:image:type\" content=\"image\/jpeg\" \/>\n<meta name=\"twitter:card\" content=\"summary_large_image\" \/>\n<script type=\"application\/ld+json\" class=\"yoast-schema-graph\">{\"@context\":\"https:\/\/schema.org\",\"@graph\":[{\"@type\":\"WebPage\",\"@id\":\"https:\/\/sites.massey.ac.nz\/teaurangahau\/about-te-au-rangahau\/nga-panui-projects\/whai-rawa-economy\/\",\"url\":\"https:\/\/sites.massey.ac.nz\/teaurangahau\/about-te-au-rangahau\/nga-panui-projects\/whai-rawa-economy\/\",\"name\":\"Whai Rawa | Economy - Te Au Rangahau | M\u0101ori Business Research\",\"isPartOf\":{\"@id\":\"https:\/\/sites.massey.ac.nz\/teaurangahau\/#website\"},\"primaryImageOfPage\":{\"@id\":\"https:\/\/sites.massey.ac.nz\/teaurangahau\/about-te-au-rangahau\/nga-panui-projects\/whai-rawa-economy\/#primaryimage\"},\"image\":{\"@id\":\"https:\/\/sites.massey.ac.nz\/teaurangahau\/about-te-au-rangahau\/nga-panui-projects\/whai-rawa-economy\/#primaryimage\"},\"thumbnailUrl\":\"https:\/\/sites.massey.ac.nz\/teaurangahau\/wp-content\/uploads\/sites\/53\/2020\/09\/Auckland-bathed-by-light_500.jpg\",\"datePublished\":\"2019-07-28T22:54:55+00:00\",\"dateModified\":\"2021-12-06T01:44:18+00:00\",\"breadcrumb\":{\"@id\":\"https:\/\/sites.massey.ac.nz\/teaurangahau\/about-te-au-rangahau\/nga-panui-projects\/whai-rawa-economy\/#breadcrumb\"},\"inLanguage\":\"en-NZ\",\"potentialAction\":[{\"@type\":\"ReadAction\",\"target\":[\"https:\/\/sites.massey.ac.nz\/teaurangahau\/about-te-au-rangahau\/nga-panui-projects\/whai-rawa-economy\/\"]}]},{\"@type\":\"ImageObject\",\"inLanguage\":\"en-NZ\",\"@id\":\"https:\/\/sites.massey.ac.nz\/teaurangahau\/about-te-au-rangahau\/nga-panui-projects\/whai-rawa-economy\/#primaryimage\",\"url\":\"https:\/\/sites.massey.ac.nz\/teaurangahau\/wp-content\/uploads\/sites\/53\/2020\/09\/Auckland-bathed-by-light_500.jpg\",\"contentUrl\":\"https:\/\/sites.massey.ac.nz\/teaurangahau\/wp-content\/uploads\/sites\/53\/2020\/09\/Auckland-bathed-by-light_500.jpg\",\"width\":1918,\"height\":501},{\"@type\":\"BreadcrumbList\",\"@id\":\"https:\/\/sites.massey.ac.nz\/teaurangahau\/about-te-au-rangahau\/nga-panui-projects\/whai-rawa-economy\/#breadcrumb\",\"itemListElement\":[{\"@type\":\"ListItem\",\"position\":1,\"name\":\"Home\",\"item\":\"https:\/\/sites.massey.ac.nz\/teaurangahau\/\"},{\"@type\":\"ListItem\",\"position\":2,\"name\":\"Ng\u0101 rangahau | Our projects\",\"item\":\"https:\/\/sites.massey.ac.nz\/teaurangahau\/about-te-au-rangahau\/nga-panui-projects\/\"},{\"@type\":\"ListItem\",\"position\":3,\"name\":\"Whai Rawa | Economy\"}]},{\"@type\":\"WebSite\",\"@id\":\"https:\/\/sites.massey.ac.nz\/teaurangahau\/#website\",\"url\":\"https:\/\/sites.massey.ac.nz\/teaurangahau\/\",\"name\":\"Te Au Rangahau | M\u0101ori Business Research\",\"description\":\"Advancing knowledge for a prosperous and sustainable M\u0101ori economy\",\"publisher\":{\"@id\":\"https:\/\/sites.massey.ac.nz\/teaurangahau\/#organization\"},\"potentialAction\":[{\"@type\":\"SearchAction\",\"target\":{\"@type\":\"EntryPoint\",\"urlTemplate\":\"https:\/\/sites.massey.ac.nz\/teaurangahau\/?s={search_term_string}\"},\"query-input\":{\"@type\":\"PropertyValueSpecification\",\"valueRequired\":true,\"valueName\":\"search_term_string\"}}],\"inLanguage\":\"en-NZ\"},{\"@type\":\"Organization\",\"@id\":\"https:\/\/sites.massey.ac.nz\/teaurangahau\/#organization\",\"name\":\"Te Au Rangahau | M\u0101ori Business Research\",\"url\":\"https:\/\/sites.massey.ac.nz\/teaurangahau\/\",\"logo\":{\"@type\":\"ImageObject\",\"inLanguage\":\"en-NZ\",\"@id\":\"https:\/\/sites.massey.ac.nz\/teaurangahau\/#\/schema\/logo\/image\/\",\"url\":\"https:\/\/sites.massey.ac.nz\/teaurangahau\/wp-content\/uploads\/sites\/53\/2020\/09\/cropped-Colour-Logo-Cropped.png\",\"contentUrl\":\"https:\/\/sites.massey.ac.nz\/teaurangahau\/wp-content\/uploads\/sites\/53\/2020\/09\/cropped-Colour-Logo-Cropped.png\",\"width\":683,\"height\":250,\"caption\":\"Te Au Rangahau | M\u0101ori Business Research\"},\"image\":{\"@id\":\"https:\/\/sites.massey.ac.nz\/teaurangahau\/#\/schema\/logo\/image\/\"}}]}<\/script>\n<!-- \/ Yoast SEO plugin. -->","yoast_head_json":{"title":"Whai Rawa | Economy - Te Au Rangahau | M\u0101ori Business Research","robots":{"index":"index","follow":"follow","max-snippet":"max-snippet:-1","max-image-preview":"max-image-preview:large","max-video-preview":"max-video-preview:-1"},"canonical":"https:\/\/sites.massey.ac.nz\/teaurangahau\/about-te-au-rangahau\/nga-panui-projects\/whai-rawa-economy\/","og_locale":"en_US","og_type":"article","og_title":"Whai Rawa | Economy - Te Au Rangahau | M\u0101ori Business Research","og_description":"Understanding the function and form of the M\u0101ori economy, and researching strategies to support growth and development. Our projects Tikanga in Technology Creating a world-leading indigenous blue economy Analytics for Sustainable M\u0101ori Agribusiness Developing a M\u0101ori theory of value Indigenous economic development Inequalities and intervention in M\u0101ori governance Tangaroa Synthesis Genomic research Turbo breeding in &hellip; Continue reading \"Whai Rawa | Economy\"","og_url":"https:\/\/sites.massey.ac.nz\/teaurangahau\/about-te-au-rangahau\/nga-panui-projects\/whai-rawa-economy\/","og_site_name":"Te Au Rangahau | M\u0101ori Business Research","article_modified_time":"2021-12-06T01:44:18+00:00","og_image":[{"width":1918,"height":501,"url":"https:\/\/sites.massey.ac.nz\/teaurangahau\/wp-content\/uploads\/sites\/53\/2020\/09\/Auckland-bathed-by-light_500.jpg","type":"image\/jpeg"}],"twitter_card":"summary_large_image","schema":{"@context":"https:\/\/schema.org","@graph":[{"@type":"WebPage","@id":"https:\/\/sites.massey.ac.nz\/teaurangahau\/about-te-au-rangahau\/nga-panui-projects\/whai-rawa-economy\/","url":"https:\/\/sites.massey.ac.nz\/teaurangahau\/about-te-au-rangahau\/nga-panui-projects\/whai-rawa-economy\/","name":"Whai Rawa | Economy - Te Au Rangahau | M\u0101ori Business Research","isPartOf":{"@id":"https:\/\/sites.massey.ac.nz\/teaurangahau\/#website"},"primaryImageOfPage":{"@id":"https:\/\/sites.massey.ac.nz\/teaurangahau\/about-te-au-rangahau\/nga-panui-projects\/whai-rawa-economy\/#primaryimage"},"image":{"@id":"https:\/\/sites.massey.ac.nz\/teaurangahau\/about-te-au-rangahau\/nga-panui-projects\/whai-rawa-economy\/#primaryimage"},"thumbnailUrl":"https:\/\/sites.massey.ac.nz\/teaurangahau\/wp-content\/uploads\/sites\/53\/2020\/09\/Auckland-bathed-by-light_500.jpg","datePublished":"2019-07-28T22:54:55+00:00","dateModified":"2021-12-06T01:44:18+00:00","breadcrumb":{"@id":"https:\/\/sites.massey.ac.nz\/teaurangahau\/about-te-au-rangahau\/nga-panui-projects\/whai-rawa-economy\/#breadcrumb"},"inLanguage":"en-NZ","potentialAction":[{"@type":"ReadAction","target":["https:\/\/sites.massey.ac.nz\/teaurangahau\/about-te-au-rangahau\/nga-panui-projects\/whai-rawa-economy\/"]}]},{"@type":"ImageObject","inLanguage":"en-NZ","@id":"https:\/\/sites.massey.ac.nz\/teaurangahau\/about-te-au-rangahau\/nga-panui-projects\/whai-rawa-economy\/#primaryimage","url":"https:\/\/sites.massey.ac.nz\/teaurangahau\/wp-content\/uploads\/sites\/53\/2020\/09\/Auckland-bathed-by-light_500.jpg","contentUrl":"https:\/\/sites.massey.ac.nz\/teaurangahau\/wp-content\/uploads\/sites\/53\/2020\/09\/Auckland-bathed-by-light_500.jpg","width":1918,"height":501},{"@type":"BreadcrumbList","@id":"https:\/\/sites.massey.ac.nz\/teaurangahau\/about-te-au-rangahau\/nga-panui-projects\/whai-rawa-economy\/#breadcrumb","itemListElement":[{"@type":"ListItem","position":1,"name":"Home","item":"https:\/\/sites.massey.ac.nz\/teaurangahau\/"},{"@type":"ListItem","position":2,"name":"Ng\u0101 rangahau | Our projects","item":"https:\/\/sites.massey.ac.nz\/teaurangahau\/about-te-au-rangahau\/nga-panui-projects\/"},{"@type":"ListItem","position":3,"name":"Whai Rawa | Economy"}]},{"@type":"WebSite","@id":"https:\/\/sites.massey.ac.nz\/teaurangahau\/#website","url":"https:\/\/sites.massey.ac.nz\/teaurangahau\/","name":"Te Au Rangahau | M\u0101ori Business Research","description":"Advancing knowledge for a prosperous and sustainable M\u0101ori economy","publisher":{"@id":"https:\/\/sites.massey.ac.nz\/teaurangahau\/#organization"},"potentialAction":[{"@type":"SearchAction","target":{"@type":"EntryPoint","urlTemplate":"https:\/\/sites.massey.ac.nz\/teaurangahau\/?s={search_term_string}"},"query-input":{"@type":"PropertyValueSpecification","valueRequired":true,"valueName":"search_term_string"}}],"inLanguage":"en-NZ"},{"@type":"Organization","@id":"https:\/\/sites.massey.ac.nz\/teaurangahau\/#organization","name":"Te Au Rangahau | M\u0101ori Business Research","url":"https:\/\/sites.massey.ac.nz\/teaurangahau\/","logo":{"@type":"ImageObject","inLanguage":"en-NZ","@id":"https:\/\/sites.massey.ac.nz\/teaurangahau\/#\/schema\/logo\/image\/","url":"https:\/\/sites.massey.ac.nz\/teaurangahau\/wp-content\/uploads\/sites\/53\/2020\/09\/cropped-Colour-Logo-Cropped.png","contentUrl":"https:\/\/sites.massey.ac.nz\/teaurangahau\/wp-content\/uploads\/sites\/53\/2020\/09\/cropped-Colour-Logo-Cropped.png","width":683,"height":250,"caption":"Te Au Rangahau | M\u0101ori Business Research"},"image":{"@id":"https:\/\/sites.massey.ac.nz\/teaurangahau\/#\/schema\/logo\/image\/"}}]}},"_links":{"self":[{"href":"https:\/\/sites.massey.ac.nz\/teaurangahau\/wp-json\/wp\/v2\/pages\/83","targetHints":{"allow":["GET"]}}],"collection":[{"href":"https:\/\/sites.massey.ac.nz\/teaurangahau\/wp-json\/wp\/v2\/pages"}],"about":[{"href":"https:\/\/sites.massey.ac.nz\/teaurangahau\/wp-json\/wp\/v2\/types\/page"}],"author":[{"embeddable":true,"href":"https:\/\/sites.massey.ac.nz\/teaurangahau\/wp-json\/wp\/v2\/users\/22"}],"replies":[{"embeddable":true,"href":"https:\/\/sites.massey.ac.nz\/teaurangahau\/wp-json\/wp\/v2\/comments?post=83"}],"version-history":[{"count":11,"href":"https:\/\/sites.massey.ac.nz\/teaurangahau\/wp-json\/wp\/v2\/pages\/83\/revisions"}],"predecessor-version":[{"id":1810,"href":"https:\/\/sites.massey.ac.nz\/teaurangahau\/wp-json\/wp\/v2\/pages\/83\/revisions\/1810"}],"up":[{"embeddable":true,"href":"https:\/\/sites.massey.ac.nz\/teaurangahau\/wp-json\/wp\/v2\/pages\/141"}],"wp:featuredmedia":[{"embeddable":true,"href":"https:\/\/sites.massey.ac.nz\/teaurangahau\/wp-json\/wp\/v2\/media\/1435"}],"wp:attachment":[{"href":"https:\/\/sites.massey.ac.nz\/teaurangahau\/wp-json\/wp\/v2\/media?parent=83"}],"curies":[{"name":"wp","href":"https:\/\/api.w.org\/{rel}","templated":true}]}}