{"id":87,"date":"2019-07-28T22:55:44","date_gmt":"2019-07-28T22:55:44","guid":{"rendered":"http:\/\/sites.massey.ac.nz\/teaurangahau\/?page_id=87"},"modified":"2021-07-26T19:49:10","modified_gmt":"2021-07-26T07:49:10","slug":"whai-mana-entrepreneurship","status":"publish","type":"page","link":"https:\/\/sites.massey.ac.nz\/teaurangahau\/about-te-au-rangahau\/nga-panui-projects\/whai-mana-entrepreneurship\/","title":{"rendered":"Whai Mana | Entrepreneurship"},"content":{"rendered":"\n<p>Supporting successful M\u0101ori entrepreneurship and examining the personal and social identities of M\u0101ori entrepreneurs.<\/p>\n\n\n\n<h2 class=\"wp-block-heading\">Our Whai Mana projects<\/h2>\n\n\n\n<figure class=\"wp-block-table is-style-stripes\"><table><tbody><tr><td><a href=\"https:\/\/sites.massey.ac.nz\/teaurangahau\/about-te-au-rangahau\/nga-panui-projects\/whai-mana-entrepreneurship\/indigenous-entrepreneurship\/\">Indigenous entrepreneurship<\/a><\/td><\/tr><tr><td><a href=\"https:\/\/sites.massey.ac.nz\/teaurangahau\/about-te-au-rangahau\/nga-panui-projects\/whai-mana-entrepreneurship\/maximising-kaumatua-entrepreneurship\/\">Maximising older peoples participation in the workforce<\/a><\/td><\/tr><tr><td><a href=\"https:\/\/sites.massey.ac.nz\/teaurangahau\/about-te-au-rangahau\/nga-panui-projects\/whai-mana-entrepreneurship\/maori-and-japanese-management-styles\/\">M\u0101ori and Japanese management styles<\/a><\/td><\/tr><\/tbody><\/table><\/figure>\n\n\n\n<h2 class=\"wp-block-heading\">Research associates<\/h2>\n\n\n\n<div class=\"wp-block-media-text alignwide is-stacked-on-mobile\" style=\"grid-template-columns:28% auto\"><figure class=\"wp-block-media-text__media\"><img loading=\"lazy\" decoding=\"async\" width=\"270\" height=\"270\" src=\"https:\/\/sites.massey.ac.nz\/teaurangahau\/wp-content\/uploads\/sites\/53\/2021\/04\/Tanya_2019.jpg\" alt=\"\" class=\"wp-image-1573\" srcset=\"https:\/\/sites.massey.ac.nz\/teaurangahau\/wp-content\/uploads\/sites\/53\/2021\/04\/Tanya_2019.jpg 270w, https:\/\/sites.massey.ac.nz\/teaurangahau\/wp-content\/uploads\/sites\/53\/2021\/04\/Tanya_2019-150x150.jpg 150w, https:\/\/sites.massey.ac.nz\/teaurangahau\/wp-content\/uploads\/sites\/53\/2021\/04\/Tanya_2019-100x100.jpg 100w\" sizes=\"auto, (max-width: 270px) 100vw, 270px\" \/><\/figure><div class=\"wp-block-media-text__content\">\n<h2 class=\"wp-block-heading\"><a href=\"https:\/\/www.massey.ac.nz\/massey\/expertise\/profile.cfm?stref=558830\" target=\"_blank\" rel=\"noreferrer noopener\">Dr Tanya Jurado<\/a><\/h2>\n\n\n\n<p class=\"has-small-font-size\">Tanya is leading a project on Indigenous enterprise, exporting and trade policy, together with Dr Jason Mika and Dr Betty Ross, an Alaska Native professor from University of Alaska Fairbanks funded by Massey University Research Fund.<\/p>\n<\/div><\/div>\n\n\n\n<p><\/p>\n","protected":false},"excerpt":{"rendered":"<p>Supporting successful M\u0101ori entrepreneurship and examining the personal and social identities of M\u0101ori entrepreneurs. Our Whai Mana projects Indigenous entrepreneurship Maximising older peoples participation in the workforce M\u0101ori and Japanese management styles Research associates Dr Tanya Jurado Tanya is leading a project on Indigenous enterprise, exporting and trade policy, together with Dr Jason Mika and &hellip; <\/p>\n<p class=\"link-more\"><a href=\"https:\/\/sites.massey.ac.nz\/teaurangahau\/about-te-au-rangahau\/nga-panui-projects\/whai-mana-entrepreneurship\/\" class=\"more-link\">Continue reading<span class=\"screen-reader-text\"> &#8220;Whai Mana | Entrepreneurship&#8221;<\/span><\/a><\/p>\n","protected":false},"author":22,"featured_media":1437,"parent":141,"menu_order":3,"comment_status":"closed","ping_status":"closed","template":"","meta":{"footnotes":""},"class_list":["post-87","page","type-page","status-publish","has-post-thumbnail","hentry"],"yoast_head":"<!-- This site is optimized with the Yoast SEO plugin v27.2 - https:\/\/yoast.com\/product\/yoast-seo-wordpress\/ -->\n<title>Whai Mana | Entrepreneurship - Te Au Rangahau | M\u0101ori Business Research<\/title>\n<meta name=\"robots\" content=\"index, follow, max-snippet:-1, max-image-preview:large, max-video-preview:-1\" \/>\n<link rel=\"canonical\" href=\"https:\/\/sites.massey.ac.nz\/teaurangahau\/about-te-au-rangahau\/nga-panui-projects\/whai-mana-entrepreneurship\/\" \/>\n<meta property=\"og:locale\" content=\"en_US\" \/>\n<meta property=\"og:type\" content=\"article\" \/>\n<meta property=\"og:title\" content=\"Whai Mana | Entrepreneurship - Te Au Rangahau | M\u0101ori Business Research\" \/>\n<meta property=\"og:description\" content=\"Supporting successful M\u0101ori entrepreneurship and examining the personal and social identities of M\u0101ori entrepreneurs. Our Whai Mana projects Indigenous entrepreneurship Maximising older peoples participation in the workforce M\u0101ori and Japanese management styles Research associates Dr Tanya Jurado Tanya is leading a project on Indigenous enterprise, exporting and trade policy, together with Dr Jason Mika and &hellip; Continue reading &quot;Whai Mana | Entrepreneurship&quot;\" \/>\n<meta property=\"og:url\" content=\"https:\/\/sites.massey.ac.nz\/teaurangahau\/about-te-au-rangahau\/nga-panui-projects\/whai-mana-entrepreneurship\/\" \/>\n<meta property=\"og:site_name\" content=\"Te Au Rangahau | M\u0101ori Business Research\" \/>\n<meta property=\"article:modified_time\" content=\"2021-07-26T07:49:10+00:00\" \/>\n<meta property=\"og:image\" content=\"https:\/\/sites.massey.ac.nz\/teaurangahau\/wp-content\/uploads\/sites\/53\/2020\/09\/Successful-Maori-Pacific-Islander-Business-Woman-Leading-a-Team-Meeting-587787178_500.jpg\" \/>\n\t<meta property=\"og:image:width\" content=\"1731\" \/>\n\t<meta property=\"og:image:height\" content=\"500\" \/>\n\t<meta property=\"og:image:type\" content=\"image\/jpeg\" \/>\n<meta name=\"twitter:card\" content=\"summary_large_image\" \/>\n<script type=\"application\/ld+json\" class=\"yoast-schema-graph\">{\"@context\":\"https:\/\/schema.org\",\"@graph\":[{\"@type\":\"WebPage\",\"@id\":\"https:\/\/sites.massey.ac.nz\/teaurangahau\/about-te-au-rangahau\/nga-panui-projects\/whai-mana-entrepreneurship\/\",\"url\":\"https:\/\/sites.massey.ac.nz\/teaurangahau\/about-te-au-rangahau\/nga-panui-projects\/whai-mana-entrepreneurship\/\",\"name\":\"Whai Mana | Entrepreneurship - Te Au Rangahau | M\u0101ori Business Research\",\"isPartOf\":{\"@id\":\"https:\/\/sites.massey.ac.nz\/teaurangahau\/#website\"},\"primaryImageOfPage\":{\"@id\":\"https:\/\/sites.massey.ac.nz\/teaurangahau\/about-te-au-rangahau\/nga-panui-projects\/whai-mana-entrepreneurship\/#primaryimage\"},\"image\":{\"@id\":\"https:\/\/sites.massey.ac.nz\/teaurangahau\/about-te-au-rangahau\/nga-panui-projects\/whai-mana-entrepreneurship\/#primaryimage\"},\"thumbnailUrl\":\"https:\/\/sites.massey.ac.nz\/teaurangahau\/wp-content\/uploads\/sites\/53\/2020\/09\/Successful-Maori-Pacific-Islander-Business-Woman-Leading-a-Team-Meeting-587787178_500.jpg\",\"datePublished\":\"2019-07-28T22:55:44+00:00\",\"dateModified\":\"2021-07-26T07:49:10+00:00\",\"breadcrumb\":{\"@id\":\"https:\/\/sites.massey.ac.nz\/teaurangahau\/about-te-au-rangahau\/nga-panui-projects\/whai-mana-entrepreneurship\/#breadcrumb\"},\"inLanguage\":\"en-NZ\",\"potentialAction\":[{\"@type\":\"ReadAction\",\"target\":[\"https:\/\/sites.massey.ac.nz\/teaurangahau\/about-te-au-rangahau\/nga-panui-projects\/whai-mana-entrepreneurship\/\"]}]},{\"@type\":\"ImageObject\",\"inLanguage\":\"en-NZ\",\"@id\":\"https:\/\/sites.massey.ac.nz\/teaurangahau\/about-te-au-rangahau\/nga-panui-projects\/whai-mana-entrepreneurship\/#primaryimage\",\"url\":\"https:\/\/sites.massey.ac.nz\/teaurangahau\/wp-content\/uploads\/sites\/53\/2020\/09\/Successful-Maori-Pacific-Islander-Business-Woman-Leading-a-Team-Meeting-587787178_500.jpg\",\"contentUrl\":\"https:\/\/sites.massey.ac.nz\/teaurangahau\/wp-content\/uploads\/sites\/53\/2020\/09\/Successful-Maori-Pacific-Islander-Business-Woman-Leading-a-Team-Meeting-587787178_500.jpg\",\"width\":1731,\"height\":500,\"caption\":\"587787178\"},{\"@type\":\"BreadcrumbList\",\"@id\":\"https:\/\/sites.massey.ac.nz\/teaurangahau\/about-te-au-rangahau\/nga-panui-projects\/whai-mana-entrepreneurship\/#breadcrumb\",\"itemListElement\":[{\"@type\":\"ListItem\",\"position\":1,\"name\":\"Home\",\"item\":\"https:\/\/sites.massey.ac.nz\/teaurangahau\/\"},{\"@type\":\"ListItem\",\"position\":2,\"name\":\"Ng\u0101 rangahau | Our projects\",\"item\":\"https:\/\/sites.massey.ac.nz\/teaurangahau\/about-te-au-rangahau\/nga-panui-projects\/\"},{\"@type\":\"ListItem\",\"position\":3,\"name\":\"Whai Mana | Entrepreneurship\"}]},{\"@type\":\"WebSite\",\"@id\":\"https:\/\/sites.massey.ac.nz\/teaurangahau\/#website\",\"url\":\"https:\/\/sites.massey.ac.nz\/teaurangahau\/\",\"name\":\"Te Au Rangahau | M\u0101ori Business Research\",\"description\":\"Advancing knowledge for a prosperous and sustainable M\u0101ori economy\",\"publisher\":{\"@id\":\"https:\/\/sites.massey.ac.nz\/teaurangahau\/#organization\"},\"potentialAction\":[{\"@type\":\"SearchAction\",\"target\":{\"@type\":\"EntryPoint\",\"urlTemplate\":\"https:\/\/sites.massey.ac.nz\/teaurangahau\/?s={search_term_string}\"},\"query-input\":{\"@type\":\"PropertyValueSpecification\",\"valueRequired\":true,\"valueName\":\"search_term_string\"}}],\"inLanguage\":\"en-NZ\"},{\"@type\":\"Organization\",\"@id\":\"https:\/\/sites.massey.ac.nz\/teaurangahau\/#organization\",\"name\":\"Te Au Rangahau | M\u0101ori Business Research\",\"url\":\"https:\/\/sites.massey.ac.nz\/teaurangahau\/\",\"logo\":{\"@type\":\"ImageObject\",\"inLanguage\":\"en-NZ\",\"@id\":\"https:\/\/sites.massey.ac.nz\/teaurangahau\/#\/schema\/logo\/image\/\",\"url\":\"https:\/\/sites.massey.ac.nz\/teaurangahau\/wp-content\/uploads\/sites\/53\/2020\/09\/cropped-Colour-Logo-Cropped.png\",\"contentUrl\":\"https:\/\/sites.massey.ac.nz\/teaurangahau\/wp-content\/uploads\/sites\/53\/2020\/09\/cropped-Colour-Logo-Cropped.png\",\"width\":683,\"height\":250,\"caption\":\"Te Au Rangahau | M\u0101ori Business Research\"},\"image\":{\"@id\":\"https:\/\/sites.massey.ac.nz\/teaurangahau\/#\/schema\/logo\/image\/\"}}]}<\/script>\n<!-- \/ Yoast SEO plugin. -->","yoast_head_json":{"title":"Whai Mana | Entrepreneurship - Te Au Rangahau | M\u0101ori Business Research","robots":{"index":"index","follow":"follow","max-snippet":"max-snippet:-1","max-image-preview":"max-image-preview:large","max-video-preview":"max-video-preview:-1"},"canonical":"https:\/\/sites.massey.ac.nz\/teaurangahau\/about-te-au-rangahau\/nga-panui-projects\/whai-mana-entrepreneurship\/","og_locale":"en_US","og_type":"article","og_title":"Whai Mana | Entrepreneurship - Te Au Rangahau | M\u0101ori Business Research","og_description":"Supporting successful M\u0101ori entrepreneurship and examining the personal and social identities of M\u0101ori entrepreneurs. Our Whai Mana projects Indigenous entrepreneurship Maximising older peoples participation in the workforce M\u0101ori and Japanese management styles Research associates Dr Tanya Jurado Tanya is leading a project on Indigenous enterprise, exporting and trade policy, together with Dr Jason Mika and &hellip; Continue reading \"Whai Mana | Entrepreneurship\"","og_url":"https:\/\/sites.massey.ac.nz\/teaurangahau\/about-te-au-rangahau\/nga-panui-projects\/whai-mana-entrepreneurship\/","og_site_name":"Te Au Rangahau | M\u0101ori Business Research","article_modified_time":"2021-07-26T07:49:10+00:00","og_image":[{"width":1731,"height":500,"url":"https:\/\/sites.massey.ac.nz\/teaurangahau\/wp-content\/uploads\/sites\/53\/2020\/09\/Successful-Maori-Pacific-Islander-Business-Woman-Leading-a-Team-Meeting-587787178_500.jpg","type":"image\/jpeg"}],"twitter_card":"summary_large_image","schema":{"@context":"https:\/\/schema.org","@graph":[{"@type":"WebPage","@id":"https:\/\/sites.massey.ac.nz\/teaurangahau\/about-te-au-rangahau\/nga-panui-projects\/whai-mana-entrepreneurship\/","url":"https:\/\/sites.massey.ac.nz\/teaurangahau\/about-te-au-rangahau\/nga-panui-projects\/whai-mana-entrepreneurship\/","name":"Whai Mana | Entrepreneurship - Te Au Rangahau | M\u0101ori Business Research","isPartOf":{"@id":"https:\/\/sites.massey.ac.nz\/teaurangahau\/#website"},"primaryImageOfPage":{"@id":"https:\/\/sites.massey.ac.nz\/teaurangahau\/about-te-au-rangahau\/nga-panui-projects\/whai-mana-entrepreneurship\/#primaryimage"},"image":{"@id":"https:\/\/sites.massey.ac.nz\/teaurangahau\/about-te-au-rangahau\/nga-panui-projects\/whai-mana-entrepreneurship\/#primaryimage"},"thumbnailUrl":"https:\/\/sites.massey.ac.nz\/teaurangahau\/wp-content\/uploads\/sites\/53\/2020\/09\/Successful-Maori-Pacific-Islander-Business-Woman-Leading-a-Team-Meeting-587787178_500.jpg","datePublished":"2019-07-28T22:55:44+00:00","dateModified":"2021-07-26T07:49:10+00:00","breadcrumb":{"@id":"https:\/\/sites.massey.ac.nz\/teaurangahau\/about-te-au-rangahau\/nga-panui-projects\/whai-mana-entrepreneurship\/#breadcrumb"},"inLanguage":"en-NZ","potentialAction":[{"@type":"ReadAction","target":["https:\/\/sites.massey.ac.nz\/teaurangahau\/about-te-au-rangahau\/nga-panui-projects\/whai-mana-entrepreneurship\/"]}]},{"@type":"ImageObject","inLanguage":"en-NZ","@id":"https:\/\/sites.massey.ac.nz\/teaurangahau\/about-te-au-rangahau\/nga-panui-projects\/whai-mana-entrepreneurship\/#primaryimage","url":"https:\/\/sites.massey.ac.nz\/teaurangahau\/wp-content\/uploads\/sites\/53\/2020\/09\/Successful-Maori-Pacific-Islander-Business-Woman-Leading-a-Team-Meeting-587787178_500.jpg","contentUrl":"https:\/\/sites.massey.ac.nz\/teaurangahau\/wp-content\/uploads\/sites\/53\/2020\/09\/Successful-Maori-Pacific-Islander-Business-Woman-Leading-a-Team-Meeting-587787178_500.jpg","width":1731,"height":500,"caption":"587787178"},{"@type":"BreadcrumbList","@id":"https:\/\/sites.massey.ac.nz\/teaurangahau\/about-te-au-rangahau\/nga-panui-projects\/whai-mana-entrepreneurship\/#breadcrumb","itemListElement":[{"@type":"ListItem","position":1,"name":"Home","item":"https:\/\/sites.massey.ac.nz\/teaurangahau\/"},{"@type":"ListItem","position":2,"name":"Ng\u0101 rangahau | Our projects","item":"https:\/\/sites.massey.ac.nz\/teaurangahau\/about-te-au-rangahau\/nga-panui-projects\/"},{"@type":"ListItem","position":3,"name":"Whai Mana | Entrepreneurship"}]},{"@type":"WebSite","@id":"https:\/\/sites.massey.ac.nz\/teaurangahau\/#website","url":"https:\/\/sites.massey.ac.nz\/teaurangahau\/","name":"Te Au Rangahau | M\u0101ori Business Research","description":"Advancing knowledge for a prosperous and sustainable M\u0101ori economy","publisher":{"@id":"https:\/\/sites.massey.ac.nz\/teaurangahau\/#organization"},"potentialAction":[{"@type":"SearchAction","target":{"@type":"EntryPoint","urlTemplate":"https:\/\/sites.massey.ac.nz\/teaurangahau\/?s={search_term_string}"},"query-input":{"@type":"PropertyValueSpecification","valueRequired":true,"valueName":"search_term_string"}}],"inLanguage":"en-NZ"},{"@type":"Organization","@id":"https:\/\/sites.massey.ac.nz\/teaurangahau\/#organization","name":"Te Au Rangahau | M\u0101ori Business Research","url":"https:\/\/sites.massey.ac.nz\/teaurangahau\/","logo":{"@type":"ImageObject","inLanguage":"en-NZ","@id":"https:\/\/sites.massey.ac.nz\/teaurangahau\/#\/schema\/logo\/image\/","url":"https:\/\/sites.massey.ac.nz\/teaurangahau\/wp-content\/uploads\/sites\/53\/2020\/09\/cropped-Colour-Logo-Cropped.png","contentUrl":"https:\/\/sites.massey.ac.nz\/teaurangahau\/wp-content\/uploads\/sites\/53\/2020\/09\/cropped-Colour-Logo-Cropped.png","width":683,"height":250,"caption":"Te Au Rangahau | M\u0101ori Business Research"},"image":{"@id":"https:\/\/sites.massey.ac.nz\/teaurangahau\/#\/schema\/logo\/image\/"}}]}},"_links":{"self":[{"href":"https:\/\/sites.massey.ac.nz\/teaurangahau\/wp-json\/wp\/v2\/pages\/87","targetHints":{"allow":["GET"]}}],"collection":[{"href":"https:\/\/sites.massey.ac.nz\/teaurangahau\/wp-json\/wp\/v2\/pages"}],"about":[{"href":"https:\/\/sites.massey.ac.nz\/teaurangahau\/wp-json\/wp\/v2\/types\/page"}],"author":[{"embeddable":true,"href":"https:\/\/sites.massey.ac.nz\/teaurangahau\/wp-json\/wp\/v2\/users\/22"}],"replies":[{"embeddable":true,"href":"https:\/\/sites.massey.ac.nz\/teaurangahau\/wp-json\/wp\/v2\/comments?post=87"}],"version-history":[{"count":10,"href":"https:\/\/sites.massey.ac.nz\/teaurangahau\/wp-json\/wp\/v2\/pages\/87\/revisions"}],"predecessor-version":[{"id":1735,"href":"https:\/\/sites.massey.ac.nz\/teaurangahau\/wp-json\/wp\/v2\/pages\/87\/revisions\/1735"}],"up":[{"embeddable":true,"href":"https:\/\/sites.massey.ac.nz\/teaurangahau\/wp-json\/wp\/v2\/pages\/141"}],"wp:featuredmedia":[{"embeddable":true,"href":"https:\/\/sites.massey.ac.nz\/teaurangahau\/wp-json\/wp\/v2\/media\/1437"}],"wp:attachment":[{"href":"https:\/\/sites.massey.ac.nz\/teaurangahau\/wp-json\/wp\/v2\/media?parent=87"}],"curies":[{"name":"wp","href":"https:\/\/api.w.org\/{rel}","templated":true}]}}