{"id":881,"date":"2020-08-10T02:36:51","date_gmt":"2020-08-10T02:36:51","guid":{"rendered":"http:\/\/sites.massey.ac.nz\/teaurangahau\/?page_id=881"},"modified":"2020-09-08T23:54:29","modified_gmt":"2020-09-08T23:54:29","slug":"rutherford","status":"publish","type":"page","link":"https:\/\/sites.massey.ac.nz\/teaurangahau\/about-te-au-rangahau\/nga-panui-projects\/whai-hua-society\/rutherford\/","title":{"rendered":"2019 Rutherford Discovery Fellowship"},"content":{"rendered":"\n<div class=\"wp-block-columns is-layout-flex wp-container-core-columns-is-layout-9d6595d7 wp-block-columns-is-layout-flex\">\n<div class=\"wp-block-column is-layout-flow wp-block-column-is-layout-flow\">\n<p class=\"has-background has-cyan-bluish-gray-background-color\"><strong>Project leader<\/strong><br>Matt Roskruge<\/p>\n<\/div>\n\n\n\n<div class=\"wp-block-column is-layout-flow wp-block-column-is-layout-flow\">\n<p class=\"has-background has-cyan-bluish-gray-background-color\"><strong>Duration<\/strong><br>October 2020 &#8211; September 2025<\/p>\n\n\n\n<p><\/p>\n<\/div>\n\n\n\n<div class=\"wp-block-column is-layout-flow wp-block-column-is-layout-flow\">\n<p class=\"has-background has-cyan-bluish-gray-background-color\"><strong>Status<\/strong><br>Ongoing<\/p>\n<\/div>\n<\/div>\n\n\n\n<p>Dr Matthew Roskruge, Te Au Rangahau (M\u0101ori Business Research Centre) and the School of Economics and Finance at Massey University, has been awarded this highly-regarded fellowship for research titled \u2018<strong>The economics of social capital from a M\u0101ori perspective<\/strong>\u2019<\/p>\n\n\n\n<h2 class=\"wp-block-heading\"><a href=\"https:\/\/www.royalsociety.org.nz\/what-we-do\/funds-and-opportunities\/rutherford-discovery-fellowships\/rutherford-discovery-fellowship-recipients\/matthew-roskruge\/\" target=\"_blank\" rel=\"noreferrer noopener\">Research summary<\/a><\/h2>\n\n\n\n<p>Social capital, the value resulting from networking and social connectedness, is a well-established contributor to economic and social wellbeing. However, it is rarely studied using frameworks outside of the dominant western paradigm. This means that social capital measures and activation pathways often fail to reflect indigenous realities, including the experiences of M\u0101ori, limiting the use of social capital to improve M\u0101ori lives and grow the M\u0101ori economy. Dr Roskruge\u2019s research programme will change this by introducing m\u0101tauranga M\u0101ori and the Aotearoa New Zealand context to existing frameworks of social capital. This will create a by-M\u0101ori, for-M\u0101ori understanding of social capital which can be used to enhance wellbeing and contribute to overcoming stubborn socio-economic disadvantages, racism and discrimination across Aotearoa.<\/p>\n\n\n\n<p>Over the course of his Rutherford Discovery Fellowship, Dr Roskruge will use a mixed-methods and collaborative approach to develop an understanding of what social capital means within a M\u0101ori world view. Developing this understanding involves working with M\u0101ori stakeholders to co-create a framework of social capital. He will test this framework under the broad themes of \u2018bonding\u2019 social capital within te ao M\u0101ori and \u2018bridging\u2019 social capital between M\u0101ori and non-M\u0101ori communities. The \u2018Bonding\u2019 theme will firstly focus on how M\u0101ori use social capital to achieve socio-economic success and navigate colonial institutions. The focus will then move to the role of M\u0101ori social capital and infrastructure as we move into a fourth industrial revolution characterised by increased digitisation, automation and globalisation. The \u2018Bridging\u2019 theme explores the connections between M\u0101ori and non-M\u0101ori social capital, with a particular focus on migrant settlement, P\u0101keh\u0101 identity and the connections between M\u0101ori social capital and those of other indigenous peoples. The findings will contribute to the activation of M\u0101ori social capital to improve wellbeing and continue growing the M\u0101ori economy.<\/p>\n","protected":false},"excerpt":{"rendered":"<p>Project leaderMatt Roskruge DurationOctober 2020 &#8211; September 2025 StatusOngoing Dr Matthew Roskruge, Te Au Rangahau (M\u0101ori Business Research Centre) and the School of Economics and Finance at Massey University, has been awarded this highly-regarded fellowship for research titled \u2018The economics of social capital from a M\u0101ori perspective\u2019 Research summary Social capital, the value resulting from &hellip; <\/p>\n<p class=\"link-more\"><a href=\"https:\/\/sites.massey.ac.nz\/teaurangahau\/about-te-au-rangahau\/nga-panui-projects\/whai-hua-society\/rutherford\/\" class=\"more-link\">Continue reading<span class=\"screen-reader-text\"> &#8220;2019 Rutherford Discovery Fellowship&#8221;<\/span><\/a><\/p>\n","protected":false},"author":122,"featured_media":882,"parent":89,"menu_order":0,"comment_status":"closed","ping_status":"closed","template":"","meta":{"footnotes":""},"class_list":["post-881","page","type-page","status-publish","has-post-thumbnail","hentry"],"yoast_head":"<!-- This site is optimized with the Yoast SEO plugin v27.2 - https:\/\/yoast.com\/product\/yoast-seo-wordpress\/ -->\n<title>2019 Rutherford Discovery Fellowship - Te Au Rangahau | M\u0101ori Business Research<\/title>\n<meta name=\"robots\" content=\"index, follow, max-snippet:-1, max-image-preview:large, max-video-preview:-1\" \/>\n<link rel=\"canonical\" href=\"https:\/\/sites.massey.ac.nz\/teaurangahau\/about-te-au-rangahau\/nga-panui-projects\/whai-hua-society\/rutherford\/\" \/>\n<meta property=\"og:locale\" content=\"en_US\" \/>\n<meta property=\"og:type\" content=\"article\" \/>\n<meta property=\"og:title\" content=\"2019 Rutherford Discovery Fellowship - Te Au Rangahau | M\u0101ori Business Research\" \/>\n<meta property=\"og:description\" content=\"Project leaderMatt Roskruge DurationOctober 2020 &#8211; September 2025 StatusOngoing Dr Matthew Roskruge, Te Au Rangahau (M\u0101ori Business Research Centre) and the School of Economics and Finance at Massey University, has been awarded this highly-regarded fellowship for research titled \u2018The economics of social capital from a M\u0101ori perspective\u2019 Research summary Social capital, the value resulting from &hellip; Continue reading &quot;2019 Rutherford Discovery Fellowship&quot;\" \/>\n<meta property=\"og:url\" content=\"https:\/\/sites.massey.ac.nz\/teaurangahau\/about-te-au-rangahau\/nga-panui-projects\/whai-hua-society\/rutherford\/\" \/>\n<meta property=\"og:site_name\" content=\"Te Au Rangahau | M\u0101ori Business Research\" \/>\n<meta property=\"article:modified_time\" content=\"2020-09-08T23:54:29+00:00\" \/>\n<meta property=\"og:image\" content=\"https:\/\/sites.massey.ac.nz\/teaurangahau\/wp-content\/uploads\/sites\/53\/2020\/08\/roskruge-matt.cropped-e1614907385800.jpg\" \/>\n\t<meta property=\"og:image:width\" content=\"1788\" \/>\n\t<meta property=\"og:image:height\" content=\"1338\" \/>\n\t<meta property=\"og:image:type\" content=\"image\/jpeg\" \/>\n<meta name=\"twitter:card\" content=\"summary_large_image\" \/>\n<meta name=\"twitter:label1\" content=\"Est. reading time\" \/>\n\t<meta name=\"twitter:data1\" content=\"2 minutes\" \/>\n<script type=\"application\/ld+json\" class=\"yoast-schema-graph\">{\"@context\":\"https:\/\/schema.org\",\"@graph\":[{\"@type\":\"WebPage\",\"@id\":\"https:\/\/sites.massey.ac.nz\/teaurangahau\/about-te-au-rangahau\/nga-panui-projects\/whai-hua-society\/rutherford\/\",\"url\":\"https:\/\/sites.massey.ac.nz\/teaurangahau\/about-te-au-rangahau\/nga-panui-projects\/whai-hua-society\/rutherford\/\",\"name\":\"2019 Rutherford Discovery Fellowship - Te Au Rangahau | M\u0101ori Business Research\",\"isPartOf\":{\"@id\":\"https:\/\/sites.massey.ac.nz\/teaurangahau\/#website\"},\"primaryImageOfPage\":{\"@id\":\"https:\/\/sites.massey.ac.nz\/teaurangahau\/about-te-au-rangahau\/nga-panui-projects\/whai-hua-society\/rutherford\/#primaryimage\"},\"image\":{\"@id\":\"https:\/\/sites.massey.ac.nz\/teaurangahau\/about-te-au-rangahau\/nga-panui-projects\/whai-hua-society\/rutherford\/#primaryimage\"},\"thumbnailUrl\":\"https:\/\/sites.massey.ac.nz\/teaurangahau\/wp-content\/uploads\/sites\/53\/2020\/08\/roskruge-matt.cropped-e1614907385800.jpg\",\"datePublished\":\"2020-08-10T02:36:51+00:00\",\"dateModified\":\"2020-09-08T23:54:29+00:00\",\"breadcrumb\":{\"@id\":\"https:\/\/sites.massey.ac.nz\/teaurangahau\/about-te-au-rangahau\/nga-panui-projects\/whai-hua-society\/rutherford\/#breadcrumb\"},\"inLanguage\":\"en-NZ\",\"potentialAction\":[{\"@type\":\"ReadAction\",\"target\":[\"https:\/\/sites.massey.ac.nz\/teaurangahau\/about-te-au-rangahau\/nga-panui-projects\/whai-hua-society\/rutherford\/\"]}]},{\"@type\":\"ImageObject\",\"inLanguage\":\"en-NZ\",\"@id\":\"https:\/\/sites.massey.ac.nz\/teaurangahau\/about-te-au-rangahau\/nga-panui-projects\/whai-hua-society\/rutherford\/#primaryimage\",\"url\":\"https:\/\/sites.massey.ac.nz\/teaurangahau\/wp-content\/uploads\/sites\/53\/2020\/08\/roskruge-matt.cropped-e1614907385800.jpg\",\"contentUrl\":\"https:\/\/sites.massey.ac.nz\/teaurangahau\/wp-content\/uploads\/sites\/53\/2020\/08\/roskruge-matt.cropped-e1614907385800.jpg\",\"width\":1788,\"height\":1338},{\"@type\":\"BreadcrumbList\",\"@id\":\"https:\/\/sites.massey.ac.nz\/teaurangahau\/about-te-au-rangahau\/nga-panui-projects\/whai-hua-society\/rutherford\/#breadcrumb\",\"itemListElement\":[{\"@type\":\"ListItem\",\"position\":1,\"name\":\"Home\",\"item\":\"https:\/\/sites.massey.ac.nz\/teaurangahau\/\"},{\"@type\":\"ListItem\",\"position\":2,\"name\":\"Ng\u0101 rangahau | Our projects\",\"item\":\"https:\/\/sites.massey.ac.nz\/teaurangahau\/about-te-au-rangahau\/nga-panui-projects\/\"},{\"@type\":\"ListItem\",\"position\":3,\"name\":\"Whai Hua | Society\",\"item\":\"https:\/\/sites.massey.ac.nz\/teaurangahau\/about-te-au-rangahau\/nga-panui-projects\/whai-hua-society\/\"},{\"@type\":\"ListItem\",\"position\":4,\"name\":\"2019 Rutherford Discovery Fellowship\"}]},{\"@type\":\"WebSite\",\"@id\":\"https:\/\/sites.massey.ac.nz\/teaurangahau\/#website\",\"url\":\"https:\/\/sites.massey.ac.nz\/teaurangahau\/\",\"name\":\"Te Au Rangahau | M\u0101ori Business Research\",\"description\":\"Advancing knowledge for a prosperous and sustainable M\u0101ori economy\",\"publisher\":{\"@id\":\"https:\/\/sites.massey.ac.nz\/teaurangahau\/#organization\"},\"potentialAction\":[{\"@type\":\"SearchAction\",\"target\":{\"@type\":\"EntryPoint\",\"urlTemplate\":\"https:\/\/sites.massey.ac.nz\/teaurangahau\/?s={search_term_string}\"},\"query-input\":{\"@type\":\"PropertyValueSpecification\",\"valueRequired\":true,\"valueName\":\"search_term_string\"}}],\"inLanguage\":\"en-NZ\"},{\"@type\":\"Organization\",\"@id\":\"https:\/\/sites.massey.ac.nz\/teaurangahau\/#organization\",\"name\":\"Te Au Rangahau | M\u0101ori Business Research\",\"url\":\"https:\/\/sites.massey.ac.nz\/teaurangahau\/\",\"logo\":{\"@type\":\"ImageObject\",\"inLanguage\":\"en-NZ\",\"@id\":\"https:\/\/sites.massey.ac.nz\/teaurangahau\/#\/schema\/logo\/image\/\",\"url\":\"https:\/\/sites.massey.ac.nz\/teaurangahau\/wp-content\/uploads\/sites\/53\/2020\/09\/cropped-Colour-Logo-Cropped.png\",\"contentUrl\":\"https:\/\/sites.massey.ac.nz\/teaurangahau\/wp-content\/uploads\/sites\/53\/2020\/09\/cropped-Colour-Logo-Cropped.png\",\"width\":683,\"height\":250,\"caption\":\"Te Au Rangahau | M\u0101ori Business Research\"},\"image\":{\"@id\":\"https:\/\/sites.massey.ac.nz\/teaurangahau\/#\/schema\/logo\/image\/\"}}]}<\/script>\n<!-- \/ Yoast SEO plugin. -->","yoast_head_json":{"title":"2019 Rutherford Discovery Fellowship - Te Au Rangahau | M\u0101ori Business Research","robots":{"index":"index","follow":"follow","max-snippet":"max-snippet:-1","max-image-preview":"max-image-preview:large","max-video-preview":"max-video-preview:-1"},"canonical":"https:\/\/sites.massey.ac.nz\/teaurangahau\/about-te-au-rangahau\/nga-panui-projects\/whai-hua-society\/rutherford\/","og_locale":"en_US","og_type":"article","og_title":"2019 Rutherford Discovery Fellowship - Te Au Rangahau | M\u0101ori Business Research","og_description":"Project leaderMatt Roskruge DurationOctober 2020 &#8211; September 2025 StatusOngoing Dr Matthew Roskruge, Te Au Rangahau (M\u0101ori Business Research Centre) and the School of Economics and Finance at Massey University, has been awarded this highly-regarded fellowship for research titled \u2018The economics of social capital from a M\u0101ori perspective\u2019 Research summary Social capital, the value resulting from &hellip; Continue reading \"2019 Rutherford Discovery Fellowship\"","og_url":"https:\/\/sites.massey.ac.nz\/teaurangahau\/about-te-au-rangahau\/nga-panui-projects\/whai-hua-society\/rutherford\/","og_site_name":"Te Au Rangahau | M\u0101ori Business Research","article_modified_time":"2020-09-08T23:54:29+00:00","og_image":[{"width":1788,"height":1338,"url":"https:\/\/sites.massey.ac.nz\/teaurangahau\/wp-content\/uploads\/sites\/53\/2020\/08\/roskruge-matt.cropped-e1614907385800.jpg","type":"image\/jpeg"}],"twitter_card":"summary_large_image","twitter_misc":{"Est. reading time":"2 minutes"},"schema":{"@context":"https:\/\/schema.org","@graph":[{"@type":"WebPage","@id":"https:\/\/sites.massey.ac.nz\/teaurangahau\/about-te-au-rangahau\/nga-panui-projects\/whai-hua-society\/rutherford\/","url":"https:\/\/sites.massey.ac.nz\/teaurangahau\/about-te-au-rangahau\/nga-panui-projects\/whai-hua-society\/rutherford\/","name":"2019 Rutherford Discovery Fellowship - Te Au Rangahau | M\u0101ori Business Research","isPartOf":{"@id":"https:\/\/sites.massey.ac.nz\/teaurangahau\/#website"},"primaryImageOfPage":{"@id":"https:\/\/sites.massey.ac.nz\/teaurangahau\/about-te-au-rangahau\/nga-panui-projects\/whai-hua-society\/rutherford\/#primaryimage"},"image":{"@id":"https:\/\/sites.massey.ac.nz\/teaurangahau\/about-te-au-rangahau\/nga-panui-projects\/whai-hua-society\/rutherford\/#primaryimage"},"thumbnailUrl":"https:\/\/sites.massey.ac.nz\/teaurangahau\/wp-content\/uploads\/sites\/53\/2020\/08\/roskruge-matt.cropped-e1614907385800.jpg","datePublished":"2020-08-10T02:36:51+00:00","dateModified":"2020-09-08T23:54:29+00:00","breadcrumb":{"@id":"https:\/\/sites.massey.ac.nz\/teaurangahau\/about-te-au-rangahau\/nga-panui-projects\/whai-hua-society\/rutherford\/#breadcrumb"},"inLanguage":"en-NZ","potentialAction":[{"@type":"ReadAction","target":["https:\/\/sites.massey.ac.nz\/teaurangahau\/about-te-au-rangahau\/nga-panui-projects\/whai-hua-society\/rutherford\/"]}]},{"@type":"ImageObject","inLanguage":"en-NZ","@id":"https:\/\/sites.massey.ac.nz\/teaurangahau\/about-te-au-rangahau\/nga-panui-projects\/whai-hua-society\/rutherford\/#primaryimage","url":"https:\/\/sites.massey.ac.nz\/teaurangahau\/wp-content\/uploads\/sites\/53\/2020\/08\/roskruge-matt.cropped-e1614907385800.jpg","contentUrl":"https:\/\/sites.massey.ac.nz\/teaurangahau\/wp-content\/uploads\/sites\/53\/2020\/08\/roskruge-matt.cropped-e1614907385800.jpg","width":1788,"height":1338},{"@type":"BreadcrumbList","@id":"https:\/\/sites.massey.ac.nz\/teaurangahau\/about-te-au-rangahau\/nga-panui-projects\/whai-hua-society\/rutherford\/#breadcrumb","itemListElement":[{"@type":"ListItem","position":1,"name":"Home","item":"https:\/\/sites.massey.ac.nz\/teaurangahau\/"},{"@type":"ListItem","position":2,"name":"Ng\u0101 rangahau | Our projects","item":"https:\/\/sites.massey.ac.nz\/teaurangahau\/about-te-au-rangahau\/nga-panui-projects\/"},{"@type":"ListItem","position":3,"name":"Whai Hua | Society","item":"https:\/\/sites.massey.ac.nz\/teaurangahau\/about-te-au-rangahau\/nga-panui-projects\/whai-hua-society\/"},{"@type":"ListItem","position":4,"name":"2019 Rutherford Discovery Fellowship"}]},{"@type":"WebSite","@id":"https:\/\/sites.massey.ac.nz\/teaurangahau\/#website","url":"https:\/\/sites.massey.ac.nz\/teaurangahau\/","name":"Te Au Rangahau | M\u0101ori Business Research","description":"Advancing knowledge for a prosperous and sustainable M\u0101ori economy","publisher":{"@id":"https:\/\/sites.massey.ac.nz\/teaurangahau\/#organization"},"potentialAction":[{"@type":"SearchAction","target":{"@type":"EntryPoint","urlTemplate":"https:\/\/sites.massey.ac.nz\/teaurangahau\/?s={search_term_string}"},"query-input":{"@type":"PropertyValueSpecification","valueRequired":true,"valueName":"search_term_string"}}],"inLanguage":"en-NZ"},{"@type":"Organization","@id":"https:\/\/sites.massey.ac.nz\/teaurangahau\/#organization","name":"Te Au Rangahau | M\u0101ori Business Research","url":"https:\/\/sites.massey.ac.nz\/teaurangahau\/","logo":{"@type":"ImageObject","inLanguage":"en-NZ","@id":"https:\/\/sites.massey.ac.nz\/teaurangahau\/#\/schema\/logo\/image\/","url":"https:\/\/sites.massey.ac.nz\/teaurangahau\/wp-content\/uploads\/sites\/53\/2020\/09\/cropped-Colour-Logo-Cropped.png","contentUrl":"https:\/\/sites.massey.ac.nz\/teaurangahau\/wp-content\/uploads\/sites\/53\/2020\/09\/cropped-Colour-Logo-Cropped.png","width":683,"height":250,"caption":"Te Au Rangahau | M\u0101ori Business Research"},"image":{"@id":"https:\/\/sites.massey.ac.nz\/teaurangahau\/#\/schema\/logo\/image\/"}}]}},"_links":{"self":[{"href":"https:\/\/sites.massey.ac.nz\/teaurangahau\/wp-json\/wp\/v2\/pages\/881","targetHints":{"allow":["GET"]}}],"collection":[{"href":"https:\/\/sites.massey.ac.nz\/teaurangahau\/wp-json\/wp\/v2\/pages"}],"about":[{"href":"https:\/\/sites.massey.ac.nz\/teaurangahau\/wp-json\/wp\/v2\/types\/page"}],"author":[{"embeddable":true,"href":"https:\/\/sites.massey.ac.nz\/teaurangahau\/wp-json\/wp\/v2\/users\/122"}],"replies":[{"embeddable":true,"href":"https:\/\/sites.massey.ac.nz\/teaurangahau\/wp-json\/wp\/v2\/comments?post=881"}],"version-history":[{"count":6,"href":"https:\/\/sites.massey.ac.nz\/teaurangahau\/wp-json\/wp\/v2\/pages\/881\/revisions"}],"predecessor-version":[{"id":1214,"href":"https:\/\/sites.massey.ac.nz\/teaurangahau\/wp-json\/wp\/v2\/pages\/881\/revisions\/1214"}],"up":[{"embeddable":true,"href":"https:\/\/sites.massey.ac.nz\/teaurangahau\/wp-json\/wp\/v2\/pages\/89"}],"wp:featuredmedia":[{"embeddable":true,"href":"https:\/\/sites.massey.ac.nz\/teaurangahau\/wp-json\/wp\/v2\/media\/882"}],"wp:attachment":[{"href":"https:\/\/sites.massey.ac.nz\/teaurangahau\/wp-json\/wp\/v2\/media?parent=881"}],"curies":[{"name":"wp","href":"https:\/\/api.w.org\/{rel}","templated":true}]}}