{"id":89,"date":"2019-07-28T22:56:13","date_gmt":"2019-07-28T22:56:13","guid":{"rendered":"http:\/\/sites.massey.ac.nz\/teaurangahau\/?page_id=89"},"modified":"2021-07-26T19:49:55","modified_gmt":"2021-07-26T07:49:55","slug":"whai-hua-society","status":"publish","type":"page","link":"https:\/\/sites.massey.ac.nz\/teaurangahau\/about-te-au-rangahau\/nga-panui-projects\/whai-hua-society\/","title":{"rendered":"Whai Hua | Society"},"content":{"rendered":"\n<p>Research linking M\u0101ori business and economic success to a thriving M\u0101ori society.<\/p>\n\n\n\n<h2 class=\"wp-block-heading\">Our projects<\/h2>\n\n\n\n<figure class=\"wp-block-table is-style-stripes\"><table><tbody><tr><td><a href=\"https:\/\/sites.massey.ac.nz\/teaurangahau\/about-te-au-rangahau\/nga-panui-projects\/whai-hua-society\/privileging-whanau-voices-whakapapa-narratives-towards-whanau-ora\/\">Privileging wh\u0101nau voices, whakapapa narratives towards wh\u0101nau ora<\/a><\/td><\/tr><tr><td><a href=\"https:\/\/sites.massey.ac.nz\/teaurangahau\/about-te-au-rangahau\/nga-panui-projects\/whai-hua-society\/the-mental-relational-psychological-and-spiritual-wellbeing-of-maori-during-and-post-lockdown\/\">The Mental, Relational, Psychological, And Spiritual Wellbeing Of M\u0101ori During And Post-Lockdown<\/a><\/td><\/tr><tr><td><a href=\"https:\/\/sites.massey.ac.nz\/teaurangahau\/about-te-au-rangahau\/nga-panui-projects\/whai-hua-society\/rutherford\/\">The economics of social capital from a M\u0101ori perspective<\/a><\/td><\/tr><tr><td><a href=\"https:\/\/sites.massey.ac.nz\/teaurangahau\/about-te-au-rangahau\/nga-panui-projects\/whai-hua-society\/barriers-and-enablers-for-maori-ratepayers\/\">M\u0101ori ratepayers knowledge contributions to local councils: barriers and enablers<\/a><\/td><\/tr><tr><td><a href=\"https:\/\/sites.massey.ac.nz\/teaurangahau\/about-te-au-rangahau\/nga-panui-projects\/whai-hua-society\/maori-responsiveness\/\">M\u0101ori responsiveness<\/a><\/td><\/tr><tr><td><a href=\"https:\/\/sites.massey.ac.nz\/teaurangahau\/about-te-au-rangahau\/nga-panui-projects\/whai-hua-society\/nurse-wellbeing-during-covid-19\/\">Nurse Wellbeing during Covid-19<\/a><\/td><\/tr><tr><td><a href=\"https:\/\/sites.massey.ac.nz\/teaurangahau\/about-te-au-rangahau\/nga-panui-projects\/whai-hua-society\/exploring-the-dark-side-of-social-capital\/\">Exploring the &#8216;dark side&#8217; of social capital<\/a><\/td><\/tr><tr><td><a href=\"https:\/\/www.hpa.org.nz\/sites\/default\/files\/Predrinking_behaviour_of_people_in_the-nighttime_economy_report.pdf\" target=\"_blank\" rel=\"noreferrer noopener\">Hamilton Intercept Survey<\/a><\/td><\/tr><tr><td><a href=\"https:\/\/sites.massey.ac.nz\/teaurangahau\/social-capital-in-the-asia-pacific-region\/\">Social Capital in the Asia-Pacific region<\/a><\/td><\/tr><tr><td><a href=\"https:\/\/sites.massey.ac.nz\/teaurangahau\/about-te-au-rangahau\/nga-panui-projects\/whai-hua-society\/exploring-maori-social-capital\/\">Exploring M\u0101ori Social Capital<\/a><\/td><\/tr><tr><td><a rel=\"noreferrer noopener\" href=\"https:\/\/www.mfat.govt.nz\/assets\/Aid-Prog-docs\/Evaluations\/2019\/Tokelaus-Clinical-Health-Eval\/Report-of-the-Review-of-Tokelaus-Clinical-Health-Services-November-2019....pdf\" target=\"_blank\">Tokelau&#8217;s clinical health services and patient referrals scheme<\/a><\/td><\/tr><tr><td><a href=\"https:\/\/sites.massey.ac.nz\/teaurangahau\/about-te-au-rangahau\/nga-panui-projects\/whai-hua-society\/developing-a-multi-level-participatory-psychosocial-risk-intervention\/\">Developing a multi-level participatory psychosocial risk intervention<\/a><\/td><\/tr><\/tbody><\/table><\/figure>\n\n\n\n<p><\/p>\n","protected":false},"excerpt":{"rendered":"<p>Research linking M\u0101ori business and economic success to a thriving M\u0101ori society. Our projects Privileging wh\u0101nau voices, whakapapa narratives towards wh\u0101nau ora The Mental, Relational, Psychological, And Spiritual Wellbeing Of M\u0101ori During And Post-Lockdown The economics of social capital from a M\u0101ori perspective M\u0101ori ratepayers knowledge contributions to local councils: barriers and enablers M\u0101ori responsiveness &hellip; <\/p>\n<p class=\"link-more\"><a href=\"https:\/\/sites.massey.ac.nz\/teaurangahau\/about-te-au-rangahau\/nga-panui-projects\/whai-hua-society\/\" class=\"more-link\">Continue reading<span class=\"screen-reader-text\"> &#8220;Whai Hua | Society&#8221;<\/span><\/a><\/p>\n","protected":false},"author":22,"featured_media":1439,"parent":141,"menu_order":5,"comment_status":"closed","ping_status":"closed","template":"","meta":{"footnotes":""},"class_list":["post-89","page","type-page","status-publish","has-post-thumbnail","hentry"],"yoast_head":"<!-- This site is optimized with the Yoast SEO plugin v27.2 - https:\/\/yoast.com\/product\/yoast-seo-wordpress\/ -->\n<title>Whai Hua | Society - Te Au Rangahau | M\u0101ori Business Research<\/title>\n<meta name=\"robots\" content=\"index, follow, max-snippet:-1, max-image-preview:large, max-video-preview:-1\" \/>\n<link rel=\"canonical\" href=\"https:\/\/sites.massey.ac.nz\/teaurangahau\/about-te-au-rangahau\/nga-panui-projects\/whai-hua-society\/\" \/>\n<meta property=\"og:locale\" content=\"en_US\" \/>\n<meta property=\"og:type\" content=\"article\" \/>\n<meta property=\"og:title\" content=\"Whai Hua | Society - Te Au Rangahau | M\u0101ori Business Research\" \/>\n<meta property=\"og:description\" content=\"Research linking M\u0101ori business and economic success to a thriving M\u0101ori society. Our projects Privileging wh\u0101nau voices, whakapapa narratives towards wh\u0101nau ora The Mental, Relational, Psychological, And Spiritual Wellbeing Of M\u0101ori During And Post-Lockdown The economics of social capital from a M\u0101ori perspective M\u0101ori ratepayers knowledge contributions to local councils: barriers and enablers M\u0101ori responsiveness &hellip; Continue reading &quot;Whai Hua | Society&quot;\" \/>\n<meta property=\"og:url\" content=\"https:\/\/sites.massey.ac.nz\/teaurangahau\/about-te-au-rangahau\/nga-panui-projects\/whai-hua-society\/\" \/>\n<meta property=\"og:site_name\" content=\"Te Au Rangahau | M\u0101ori Business Research\" \/>\n<meta property=\"article:modified_time\" content=\"2021-07-26T07:49:55+00:00\" \/>\n<meta property=\"og:image\" content=\"https:\/\/sites.massey.ac.nz\/teaurangahau\/wp-content\/uploads\/sites\/53\/2020\/09\/Kids-walking-on-log-trying-to-balance.-1197988843_500.jpeg\" \/>\n\t<meta property=\"og:image:width\" content=\"1800\" \/>\n\t<meta property=\"og:image:height\" content=\"513\" \/>\n\t<meta property=\"og:image:type\" content=\"image\/jpeg\" \/>\n<meta name=\"twitter:card\" content=\"summary_large_image\" \/>\n<script type=\"application\/ld+json\" class=\"yoast-schema-graph\">{\"@context\":\"https:\/\/schema.org\",\"@graph\":[{\"@type\":\"WebPage\",\"@id\":\"https:\/\/sites.massey.ac.nz\/teaurangahau\/about-te-au-rangahau\/nga-panui-projects\/whai-hua-society\/\",\"url\":\"https:\/\/sites.massey.ac.nz\/teaurangahau\/about-te-au-rangahau\/nga-panui-projects\/whai-hua-society\/\",\"name\":\"Whai Hua | Society - Te Au Rangahau | M\u0101ori Business Research\",\"isPartOf\":{\"@id\":\"https:\/\/sites.massey.ac.nz\/teaurangahau\/#website\"},\"primaryImageOfPage\":{\"@id\":\"https:\/\/sites.massey.ac.nz\/teaurangahau\/about-te-au-rangahau\/nga-panui-projects\/whai-hua-society\/#primaryimage\"},\"image\":{\"@id\":\"https:\/\/sites.massey.ac.nz\/teaurangahau\/about-te-au-rangahau\/nga-panui-projects\/whai-hua-society\/#primaryimage\"},\"thumbnailUrl\":\"https:\/\/sites.massey.ac.nz\/teaurangahau\/wp-content\/uploads\/sites\/53\/2020\/09\/Kids-walking-on-log-trying-to-balance.-1197988843_500.jpeg\",\"datePublished\":\"2019-07-28T22:56:13+00:00\",\"dateModified\":\"2021-07-26T07:49:55+00:00\",\"breadcrumb\":{\"@id\":\"https:\/\/sites.massey.ac.nz\/teaurangahau\/about-te-au-rangahau\/nga-panui-projects\/whai-hua-society\/#breadcrumb\"},\"inLanguage\":\"en-NZ\",\"potentialAction\":[{\"@type\":\"ReadAction\",\"target\":[\"https:\/\/sites.massey.ac.nz\/teaurangahau\/about-te-au-rangahau\/nga-panui-projects\/whai-hua-society\/\"]}]},{\"@type\":\"ImageObject\",\"inLanguage\":\"en-NZ\",\"@id\":\"https:\/\/sites.massey.ac.nz\/teaurangahau\/about-te-au-rangahau\/nga-panui-projects\/whai-hua-society\/#primaryimage\",\"url\":\"https:\/\/sites.massey.ac.nz\/teaurangahau\/wp-content\/uploads\/sites\/53\/2020\/09\/Kids-walking-on-log-trying-to-balance.-1197988843_500.jpeg\",\"contentUrl\":\"https:\/\/sites.massey.ac.nz\/teaurangahau\/wp-content\/uploads\/sites\/53\/2020\/09\/Kids-walking-on-log-trying-to-balance.-1197988843_500.jpeg\",\"width\":1800,\"height\":513,\"caption\":\"1197988843\"},{\"@type\":\"BreadcrumbList\",\"@id\":\"https:\/\/sites.massey.ac.nz\/teaurangahau\/about-te-au-rangahau\/nga-panui-projects\/whai-hua-society\/#breadcrumb\",\"itemListElement\":[{\"@type\":\"ListItem\",\"position\":1,\"name\":\"Home\",\"item\":\"https:\/\/sites.massey.ac.nz\/teaurangahau\/\"},{\"@type\":\"ListItem\",\"position\":2,\"name\":\"Ng\u0101 rangahau | Our projects\",\"item\":\"https:\/\/sites.massey.ac.nz\/teaurangahau\/about-te-au-rangahau\/nga-panui-projects\/\"},{\"@type\":\"ListItem\",\"position\":3,\"name\":\"Whai Hua | Society\"}]},{\"@type\":\"WebSite\",\"@id\":\"https:\/\/sites.massey.ac.nz\/teaurangahau\/#website\",\"url\":\"https:\/\/sites.massey.ac.nz\/teaurangahau\/\",\"name\":\"Te Au Rangahau | M\u0101ori Business Research\",\"description\":\"Advancing knowledge for a prosperous and sustainable M\u0101ori economy\",\"publisher\":{\"@id\":\"https:\/\/sites.massey.ac.nz\/teaurangahau\/#organization\"},\"potentialAction\":[{\"@type\":\"SearchAction\",\"target\":{\"@type\":\"EntryPoint\",\"urlTemplate\":\"https:\/\/sites.massey.ac.nz\/teaurangahau\/?s={search_term_string}\"},\"query-input\":{\"@type\":\"PropertyValueSpecification\",\"valueRequired\":true,\"valueName\":\"search_term_string\"}}],\"inLanguage\":\"en-NZ\"},{\"@type\":\"Organization\",\"@id\":\"https:\/\/sites.massey.ac.nz\/teaurangahau\/#organization\",\"name\":\"Te Au Rangahau | M\u0101ori Business Research\",\"url\":\"https:\/\/sites.massey.ac.nz\/teaurangahau\/\",\"logo\":{\"@type\":\"ImageObject\",\"inLanguage\":\"en-NZ\",\"@id\":\"https:\/\/sites.massey.ac.nz\/teaurangahau\/#\/schema\/logo\/image\/\",\"url\":\"https:\/\/sites.massey.ac.nz\/teaurangahau\/wp-content\/uploads\/sites\/53\/2020\/09\/cropped-Colour-Logo-Cropped.png\",\"contentUrl\":\"https:\/\/sites.massey.ac.nz\/teaurangahau\/wp-content\/uploads\/sites\/53\/2020\/09\/cropped-Colour-Logo-Cropped.png\",\"width\":683,\"height\":250,\"caption\":\"Te Au Rangahau | M\u0101ori Business Research\"},\"image\":{\"@id\":\"https:\/\/sites.massey.ac.nz\/teaurangahau\/#\/schema\/logo\/image\/\"}}]}<\/script>\n<!-- \/ Yoast SEO plugin. -->","yoast_head_json":{"title":"Whai Hua | Society - Te Au Rangahau | M\u0101ori Business Research","robots":{"index":"index","follow":"follow","max-snippet":"max-snippet:-1","max-image-preview":"max-image-preview:large","max-video-preview":"max-video-preview:-1"},"canonical":"https:\/\/sites.massey.ac.nz\/teaurangahau\/about-te-au-rangahau\/nga-panui-projects\/whai-hua-society\/","og_locale":"en_US","og_type":"article","og_title":"Whai Hua | Society - Te Au Rangahau | M\u0101ori Business Research","og_description":"Research linking M\u0101ori business and economic success to a thriving M\u0101ori society. Our projects Privileging wh\u0101nau voices, whakapapa narratives towards wh\u0101nau ora The Mental, Relational, Psychological, And Spiritual Wellbeing Of M\u0101ori During And Post-Lockdown The economics of social capital from a M\u0101ori perspective M\u0101ori ratepayers knowledge contributions to local councils: barriers and enablers M\u0101ori responsiveness &hellip; Continue reading \"Whai Hua | Society\"","og_url":"https:\/\/sites.massey.ac.nz\/teaurangahau\/about-te-au-rangahau\/nga-panui-projects\/whai-hua-society\/","og_site_name":"Te Au Rangahau | M\u0101ori Business Research","article_modified_time":"2021-07-26T07:49:55+00:00","og_image":[{"width":1800,"height":513,"url":"https:\/\/sites.massey.ac.nz\/teaurangahau\/wp-content\/uploads\/sites\/53\/2020\/09\/Kids-walking-on-log-trying-to-balance.-1197988843_500.jpeg","type":"image\/jpeg"}],"twitter_card":"summary_large_image","schema":{"@context":"https:\/\/schema.org","@graph":[{"@type":"WebPage","@id":"https:\/\/sites.massey.ac.nz\/teaurangahau\/about-te-au-rangahau\/nga-panui-projects\/whai-hua-society\/","url":"https:\/\/sites.massey.ac.nz\/teaurangahau\/about-te-au-rangahau\/nga-panui-projects\/whai-hua-society\/","name":"Whai Hua | Society - Te Au Rangahau | M\u0101ori Business Research","isPartOf":{"@id":"https:\/\/sites.massey.ac.nz\/teaurangahau\/#website"},"primaryImageOfPage":{"@id":"https:\/\/sites.massey.ac.nz\/teaurangahau\/about-te-au-rangahau\/nga-panui-projects\/whai-hua-society\/#primaryimage"},"image":{"@id":"https:\/\/sites.massey.ac.nz\/teaurangahau\/about-te-au-rangahau\/nga-panui-projects\/whai-hua-society\/#primaryimage"},"thumbnailUrl":"https:\/\/sites.massey.ac.nz\/teaurangahau\/wp-content\/uploads\/sites\/53\/2020\/09\/Kids-walking-on-log-trying-to-balance.-1197988843_500.jpeg","datePublished":"2019-07-28T22:56:13+00:00","dateModified":"2021-07-26T07:49:55+00:00","breadcrumb":{"@id":"https:\/\/sites.massey.ac.nz\/teaurangahau\/about-te-au-rangahau\/nga-panui-projects\/whai-hua-society\/#breadcrumb"},"inLanguage":"en-NZ","potentialAction":[{"@type":"ReadAction","target":["https:\/\/sites.massey.ac.nz\/teaurangahau\/about-te-au-rangahau\/nga-panui-projects\/whai-hua-society\/"]}]},{"@type":"ImageObject","inLanguage":"en-NZ","@id":"https:\/\/sites.massey.ac.nz\/teaurangahau\/about-te-au-rangahau\/nga-panui-projects\/whai-hua-society\/#primaryimage","url":"https:\/\/sites.massey.ac.nz\/teaurangahau\/wp-content\/uploads\/sites\/53\/2020\/09\/Kids-walking-on-log-trying-to-balance.-1197988843_500.jpeg","contentUrl":"https:\/\/sites.massey.ac.nz\/teaurangahau\/wp-content\/uploads\/sites\/53\/2020\/09\/Kids-walking-on-log-trying-to-balance.-1197988843_500.jpeg","width":1800,"height":513,"caption":"1197988843"},{"@type":"BreadcrumbList","@id":"https:\/\/sites.massey.ac.nz\/teaurangahau\/about-te-au-rangahau\/nga-panui-projects\/whai-hua-society\/#breadcrumb","itemListElement":[{"@type":"ListItem","position":1,"name":"Home","item":"https:\/\/sites.massey.ac.nz\/teaurangahau\/"},{"@type":"ListItem","position":2,"name":"Ng\u0101 rangahau | Our projects","item":"https:\/\/sites.massey.ac.nz\/teaurangahau\/about-te-au-rangahau\/nga-panui-projects\/"},{"@type":"ListItem","position":3,"name":"Whai Hua | Society"}]},{"@type":"WebSite","@id":"https:\/\/sites.massey.ac.nz\/teaurangahau\/#website","url":"https:\/\/sites.massey.ac.nz\/teaurangahau\/","name":"Te Au Rangahau | M\u0101ori Business Research","description":"Advancing knowledge for a prosperous and sustainable M\u0101ori economy","publisher":{"@id":"https:\/\/sites.massey.ac.nz\/teaurangahau\/#organization"},"potentialAction":[{"@type":"SearchAction","target":{"@type":"EntryPoint","urlTemplate":"https:\/\/sites.massey.ac.nz\/teaurangahau\/?s={search_term_string}"},"query-input":{"@type":"PropertyValueSpecification","valueRequired":true,"valueName":"search_term_string"}}],"inLanguage":"en-NZ"},{"@type":"Organization","@id":"https:\/\/sites.massey.ac.nz\/teaurangahau\/#organization","name":"Te Au Rangahau | M\u0101ori Business Research","url":"https:\/\/sites.massey.ac.nz\/teaurangahau\/","logo":{"@type":"ImageObject","inLanguage":"en-NZ","@id":"https:\/\/sites.massey.ac.nz\/teaurangahau\/#\/schema\/logo\/image\/","url":"https:\/\/sites.massey.ac.nz\/teaurangahau\/wp-content\/uploads\/sites\/53\/2020\/09\/cropped-Colour-Logo-Cropped.png","contentUrl":"https:\/\/sites.massey.ac.nz\/teaurangahau\/wp-content\/uploads\/sites\/53\/2020\/09\/cropped-Colour-Logo-Cropped.png","width":683,"height":250,"caption":"Te Au Rangahau | M\u0101ori Business Research"},"image":{"@id":"https:\/\/sites.massey.ac.nz\/teaurangahau\/#\/schema\/logo\/image\/"}}]}},"_links":{"self":[{"href":"https:\/\/sites.massey.ac.nz\/teaurangahau\/wp-json\/wp\/v2\/pages\/89","targetHints":{"allow":["GET"]}}],"collection":[{"href":"https:\/\/sites.massey.ac.nz\/teaurangahau\/wp-json\/wp\/v2\/pages"}],"about":[{"href":"https:\/\/sites.massey.ac.nz\/teaurangahau\/wp-json\/wp\/v2\/types\/page"}],"author":[{"embeddable":true,"href":"https:\/\/sites.massey.ac.nz\/teaurangahau\/wp-json\/wp\/v2\/users\/22"}],"replies":[{"embeddable":true,"href":"https:\/\/sites.massey.ac.nz\/teaurangahau\/wp-json\/wp\/v2\/comments?post=89"}],"version-history":[{"count":18,"href":"https:\/\/sites.massey.ac.nz\/teaurangahau\/wp-json\/wp\/v2\/pages\/89\/revisions"}],"predecessor-version":[{"id":1875,"href":"https:\/\/sites.massey.ac.nz\/teaurangahau\/wp-json\/wp\/v2\/pages\/89\/revisions\/1875"}],"up":[{"embeddable":true,"href":"https:\/\/sites.massey.ac.nz\/teaurangahau\/wp-json\/wp\/v2\/pages\/141"}],"wp:featuredmedia":[{"embeddable":true,"href":"https:\/\/sites.massey.ac.nz\/teaurangahau\/wp-json\/wp\/v2\/media\/1439"}],"wp:attachment":[{"href":"https:\/\/sites.massey.ac.nz\/teaurangahau\/wp-json\/wp\/v2\/media?parent=89"}],"curies":[{"name":"wp","href":"https:\/\/api.w.org\/{rel}","templated":true}]}}